{"id":18158,"date":"2024-09-12T16:55:13","date_gmt":"2024-09-12T14:55:13","guid":{"rendered":"https:\/\/staging.eurospand.com\/produse\/"},"modified":"2025-03-10T18:32:55","modified_gmt":"2025-03-10T17:32:55","slug":"produse","status":"publish","type":"page","link":"https:\/\/www.eurospand.com\/ro\/produse\/","title":{"rendered":"Produse"},"content":{"rendered":"\t\t<div data-elementor-type=\"wp-page\" data-elementor-id=\"18158\" class=\"elementor elementor-18158 elementor-4751\" data-elementor-settings=\"{&quot;ha_cmc_init_switcher&quot;:&quot;no&quot;}\" data-elementor-post-type=\"page\">\n\t\t\t\t<div class=\"elementor-element elementor-element-3c00634 e-flex e-con-boxed e-con e-parent\" data-id=\"3c00634\" data-element_type=\"container\" data-e-type=\"container\" data-settings=\"{&quot;_ha_eqh_enable&quot;:false}\">\n\t\t\t\t\t<div class=\"e-con-inner\">\n\t\t\t\t<div class=\"elementor-element elementor-element-273829d elementor-widget elementor-widget-heading\" data-id=\"273829d\" data-element_type=\"widget\" data-e-type=\"widget\" data-widget_type=\"heading.default\">\n\t\t\t\t<div class=\"elementor-widget-container\">\n\t\t\t\t\t<h1 class=\"elementor-heading-title elementor-size-default\">Produse<\/h1>\t\t\t\t<\/div>\n\t\t\t\t<\/div>\n\t\t\t\t\t<\/div>\n\t\t\t\t<\/div>\n\t\t<div class=\"elementor-element elementor-element-200bac5 e-grid e-con-boxed e-con e-parent\" data-id=\"200bac5\" data-element_type=\"container\" data-e-type=\"container\" data-settings=\"{&quot;_ha_eqh_enable&quot;:false}\">\n\t\t\t\t\t<div class=\"e-con-inner\">\n\t\t\t\t<div class=\"elementor-element elementor-element-f1d7c62 elementor-widget elementor-widget-text-editor\" data-id=\"f1d7c62\" data-element_type=\"widget\" data-e-type=\"widget\" data-widget_type=\"text-editor.default\">\n\t\t\t\t<div class=\"elementor-widget-container\">\n\t\t\t\t\t\t\t\t\t<p><strong>CU UN DISC<\/strong><\/p>\n<ul>\n<li><a href=\"https:\/\/eurospand.com\/ro\/sl\/\">SL<\/a><\/li>\n<li><a class=\"mega-menu-link\" href=\"https:\/\/eurospand.com\/ro\/s-503-2c-bilateral\/\">S 503 2C BILATERAL<\/a><\/li>\n<li><a class=\"mega-menu-link\" href=\"https:\/\/eurospand.com\/ro\/733-r\/\">733 R<\/a><\/li>\n<li id=\"mega-menu-item-5404\" class=\"mega-menu-item mega-menu-item-type-post_type mega-menu-item-object-page mega-menu-item-5404\"><a class=\"mega-menu-link\" href=\"https:\/\/eurospand.com\/ro\/733-r-bilateral\/\">733 R BILATERAL<\/a><\/li>\n<li id=\"mega-menu-item-5811\" class=\"mega-menu-item mega-menu-item-type-post_type mega-menu-item-object-page mega-current-menu-item mega-page_item mega-page-item-5567 mega-current_page_item mega-menu-item-5811\"><a class=\"mega-menu-link\" href=\"https:\/\/eurospand.com\/ro\/ercole\/\" aria-current=\"page\">ERCOLE<\/a><\/li>\n<li id=\"mega-menu-item-5403\" class=\"mega-menu-item mega-menu-item-type-post_type mega-menu-item-object-page mega-menu-item-5403\"><a class=\"mega-menu-link\" href=\"https:\/\/eurospand.com\/ro\/ercole-bilateral\/\">ERCOLE BILATERAL<\/a><\/li>\n<\/ul>\n\t\t\t\t\t\t\t\t<\/div>\n\t\t\t\t<\/div>\n\t\t\t\t<div class=\"elementor-element elementor-element-1b88741 elementor-widget elementor-widget-text-editor\" data-id=\"1b88741\" data-element_type=\"widget\" data-e-type=\"widget\" data-widget_type=\"text-editor.default\">\n\t\t\t\t<div class=\"elementor-widget-container\">\n\t\t\t\t\t\t\t\t\t<p><strong>CU DISC DUBLU<\/strong><\/p>\n<ul>\n<li id=\"mega-menu-item-5440\" class=\"mega-menu-item mega-menu-item-type-post_type mega-menu-item-object-page mega-menu-item-5440\"><a class=\"mega-menu-link\" href=\"https:\/\/eurospand.com\/ro\/david\/\">DAVID<\/a><\/li>\n<li id=\"mega-menu-item-8919\" class=\"mega-menu-item mega-menu-item-type-post_type mega-menu-item-object-page mega-menu-item-8919\"><a class=\"mega-menu-link\" href=\"https:\/\/eurospand.com\/ro\/david-fruit\/\">DAVID FRUIT<\/a><\/li>\n<li id=\"mega-menu-item-5532\" class=\"mega-menu-item mega-menu-item-type-post_type mega-menu-item-object-page mega-menu-item-5532\"><a class=\"mega-menu-link\" href=\"https:\/\/eurospand.com\/ro\/delta\/\">DELTA<\/a><\/li>\n<li id=\"mega-menu-item-5325\" class=\"mega-menu-item mega-menu-item-type-post_type mega-menu-item-object-page mega-menu-item-5325\"><a class=\"mega-menu-link\" href=\"https:\/\/eurospand.com\/ro\/delta-fruit\/\">DELTA FRUIT<\/a><\/li>\n<li id=\"mega-menu-item-5624\" class=\"mega-menu-item mega-menu-item-type-post_type mega-menu-item-object-page mega-menu-item-5624\"><a class=\"mega-menu-link\" href=\"https:\/\/eurospand.com\/ro\/galileo\/\">GALILEO<\/a><\/li>\n<li id=\"mega-menu-item-5645\" class=\"mega-menu-item mega-menu-item-type-post_type mega-menu-item-object-page mega-menu-item-5645\"><a class=\"mega-menu-link\" href=\"https:\/\/eurospand.com\/ro\/jolly-18\/\">JOLLY 18<\/a><\/li>\n<li id=\"mega-menu-item-5671\" class=\"mega-menu-item mega-menu-item-type-post_type mega-menu-item-object-page mega-menu-item-5671\"><a class=\"mega-menu-link\" href=\"https:\/\/eurospand.com\/ro\/jolly-24-32\/\">JOLLY 24 32<\/a><\/li>\n<li id=\"mega-menu-item-5741\" class=\"mega-menu-item mega-menu-item-type-post_type mega-menu-item-object-page mega-menu-item-5741\"><a class=\"mega-menu-link\" href=\"https:\/\/eurospand.com\/ro\/jolly-28\/\">JOLLY 28<\/a><\/li>\n<\/ul>\n\t\t\t\t\t\t\t\t<\/div>\n\t\t\t\t<\/div>\n\t\t\t\t<div class=\"elementor-element elementor-element-cfdd39e elementor-widget elementor-widget-text-editor\" data-id=\"cfdd39e\" data-element_type=\"widget\" data-e-type=\"widget\" data-widget_type=\"text-editor.default\">\n\t\t\t\t<div class=\"elementor-widget-container\">\n\t\t\t\t\t\t\t\t\t<p><strong>MA\u0218IN\u0102 DE \u00ceMPR\u0102\u0218TIAT SARE<\/strong><\/p>\n<ul>\n<li id=\"mega-menu-item-5789\" class=\"mega-menu-item mega-menu-item-type-post_type mega-menu-item-object-page mega-menu-item-5789\"><a class=\"mega-menu-link\" href=\"https:\/\/eurospand.com\/ro\/sl-2\/\">SL<\/a><\/li>\n<li id=\"mega-menu-item-5806\" class=\"mega-menu-item mega-menu-item-type-post_type mega-menu-item-object-page mega-menu-item-5806\"><a class=\"mega-menu-link\" href=\"https:\/\/eurospand.com\/ro\/sansone-ercole\/\">SANSONE\/ERCOLE<\/a><\/li>\n<\/ul>\n\t\t\t\t\t\t\t\t<\/div>\n\t\t\t\t<\/div>\n\t\t\t\t<div class=\"elementor-element elementor-element-cc0d6e2 elementor-widget elementor-widget-text-editor\" data-id=\"cc0d6e2\" data-element_type=\"widget\" data-e-type=\"widget\" data-widget_type=\"text-editor.default\">\n\t\t\t\t<div class=\"elementor-widget-container\">\n\t\t\t\t\t\t\t\t\t<strong>PENDULARE<\/strong>\n<ul>\n \t<li id=\"mega-menu-item-5612\" class=\"mega-menu-item mega-menu-item-type-post_type mega-menu-item-object-page mega-menu-item-5612\"><a class=\"mega-menu-link\" href=\"https:\/\/eurospand.com\/ro\/pxt\/\">PXT<\/a><\/li>\n<\/ul>\t\t\t\t\t\t\t\t<\/div>\n\t\t\t\t<\/div>\n\t\t\t\t<div class=\"elementor-element elementor-element-efa92e0 elementor-widget elementor-widget-text-editor\" data-id=\"efa92e0\" data-element_type=\"widget\" data-e-type=\"widget\" data-widget_type=\"text-editor.default\">\n\t\t\t\t<div class=\"elementor-widget-container\">\n\t\t\t\t\t\t\t\t\t<p><strong>ALTELE<\/strong><\/p>\n<ul>\n<li id=\"mega-menu-item-5810\" class=\"mega-menu-item mega-menu-item-type-post_type mega-menu-item-object-page mega-menu-item-5810\"><a class=\"mega-menu-link\" href=\"https:\/\/eurospand.com\/ro\/solco\/\">SOLCO<\/a><\/li>\n<li id=\"mega-menu-item-5872\" class=\"mega-menu-item mega-menu-item-type-post_type mega-menu-item-object-page mega-menu-item-5872\"><a class=\"mega-menu-link\" href=\"https:\/\/eurospand.com\/ro\/carucior-1-5-t\/\">C\u0102RUCIOR 1.5 T<\/a><\/li>\n<li id=\"mega-menu-item-5881\" class=\"mega-menu-item mega-menu-item-type-post_type mega-menu-item-object-page mega-menu-item-5881\"><a class=\"mega-menu-link\" href=\"https:\/\/eurospand.com\/ro\/carucior-4-t\/\">C\u0102RUCIOR 4 T<\/a><\/li>\n<\/ul>\n\t\t\t\t\t\t\t\t<\/div>\n\t\t\t\t<\/div>\n\t\t\t\t\t<\/div>\n\t\t\t\t<\/div>\n\t\t\t\t<\/div>\n\t\t","protected":false},"excerpt":{"rendered":"<p>Produse CU UN DISC SL S 503 2C BILATERAL 733 R 733 R BILATERAL ERCOLE ERCOLE BILATERAL CU DISC DUBLU DAVID DAVID FRUIT DELTA DELTA FRUIT GALILEO JOLLY 18 JOLLY 24 32 JOLLY 28 MA\u0218IN\u0102 DE \u00ceMPR\u0102\u0218TIAT SARE SL SANSONE\/ERCOLE PENDULARE PXT ALTELE SOLCO C\u0102RUCIOR 1.5 T C\u0102RUCIOR 4 T<\/p>\n","protected":false},"author":1,"featured_media":0,"parent":0,"menu_order":0,"comment_status":"closed","ping_status":"closed","template":"","meta":{"cybocfi_hide_featured_image":"","footnotes":""},"class_list":["post-18158","page","type-page","status-publish","hentry"],"yoast_head":"<!-- This site is optimized with the Yoast SEO plugin v27.2 - https:\/\/yoast.com\/product\/yoast-seo-wordpress\/ -->\n<title>Produse - Eurospand<\/title>\n<meta name=\"robots\" content=\"index, follow, max-snippet:-1, max-image-preview:large, max-video-preview:-1\" \/>\n<link rel=\"canonical\" href=\"https:\/\/www.eurospand.com\/ro\/produse\/\" \/>\n<meta property=\"og:locale\" content=\"ro_RO\" \/>\n<meta property=\"og:type\" content=\"article\" \/>\n<meta property=\"og:title\" content=\"Produse - Eurospand\" \/>\n<meta property=\"og:description\" content=\"Produse CU UN DISC SL S 503 2C BILATERAL 733 R 733 R BILATERAL ERCOLE ERCOLE BILATERAL CU DISC DUBLU DAVID DAVID FRUIT DELTA DELTA FRUIT GALILEO JOLLY 18 JOLLY 24 32 JOLLY 28 MA\u0218IN\u0102 DE \u00ceMPR\u0102\u0218TIAT SARE SL SANSONE\/ERCOLE PENDULARE PXT ALTELE SOLCO C\u0102RUCIOR 1.5 T C\u0102RUCIOR 4 T\" \/>\n<meta property=\"og:url\" content=\"https:\/\/www.eurospand.com\/ro\/produse\/\" \/>\n<meta property=\"og:site_name\" content=\"Eurospand\" \/>\n<meta property=\"article:publisher\" content=\"https:\/\/www.instagram.com\/eurospand_cavallo\/\" \/>\n<meta property=\"article:modified_time\" content=\"2025-03-10T17:32:55+00:00\" \/>\n<meta property=\"og:image\" content=\"https:\/\/www.eurospand.com\/wp-content\/uploads\/2024\/12\/eurospand-img.jpg\" \/>\n\t<meta property=\"og:image:width\" content=\"1200\" \/>\n\t<meta property=\"og:image:height\" content=\"675\" \/>\n\t<meta property=\"og:image:type\" content=\"image\/jpeg\" \/>\n<meta name=\"twitter:card\" content=\"summary_large_image\" \/>\n<script type=\"application\/ld+json\" class=\"yoast-schema-graph\">{\"@context\":\"https:\/\/schema.org\",\"@graph\":[{\"@type\":\"WebPage\",\"@id\":\"https:\/\/www.eurospand.com\/ro\/produse\/\",\"url\":\"https:\/\/www.eurospand.com\/ro\/produse\/\",\"name\":\"Produse - Eurospand\",\"isPartOf\":{\"@id\":\"https:\/\/www.eurospand.com\/ro\/#website\"},\"datePublished\":\"2024-09-12T14:55:13+00:00\",\"dateModified\":\"2025-03-10T17:32:55+00:00\",\"breadcrumb\":{\"@id\":\"https:\/\/www.eurospand.com\/ro\/produse\/#breadcrumb\"},\"inLanguage\":\"ro-RO\",\"potentialAction\":[{\"@type\":\"ReadAction\",\"target\":[\"https:\/\/www.eurospand.com\/ro\/produse\/\"]}]},{\"@type\":\"BreadcrumbList\",\"@id\":\"https:\/\/www.eurospand.com\/ro\/produse\/#breadcrumb\",\"itemListElement\":[{\"@type\":\"ListItem\",\"position\":1,\"name\":\"Home\",\"item\":\"https:\/\/www.eurospand.com\/ro\/\"},{\"@type\":\"ListItem\",\"position\":2,\"name\":\"Produse\"}]},{\"@type\":\"WebSite\",\"@id\":\"https:\/\/www.eurospand.com\/ro\/#website\",\"url\":\"https:\/\/www.eurospand.com\/ro\/\",\"name\":\"Eurospand - Spandiconcime\",\"description\":\"Spandiconcime\",\"publisher\":{\"@id\":\"https:\/\/www.eurospand.com\/ro\/#organization\"},\"alternateName\":\"Eurospand\",\"potentialAction\":[{\"@type\":\"SearchAction\",\"target\":{\"@type\":\"EntryPoint\",\"urlTemplate\":\"https:\/\/www.eurospand.com\/ro\/?s={search_term_string}\"},\"query-input\":{\"@type\":\"PropertyValueSpecification\",\"valueRequired\":true,\"valueName\":\"search_term_string\"}}],\"inLanguage\":\"ro-RO\"},{\"@type\":\"Organization\",\"@id\":\"https:\/\/www.eurospand.com\/ro\/#organization\",\"name\":\"Eurospand - Spandiconcime\",\"alternateName\":\"Eurospand\",\"url\":\"https:\/\/www.eurospand.com\/ro\/\",\"logo\":{\"@type\":\"ImageObject\",\"inLanguage\":\"ro-RO\",\"@id\":\"https:\/\/www.eurospand.com\/ro\/#\/schema\/logo\/image\/\",\"url\":\"https:\/\/www.eurospand.com\/wp-content\/uploads\/2024\/07\/eurospand-logo.svg\",\"contentUrl\":\"https:\/\/www.eurospand.com\/wp-content\/uploads\/2024\/07\/eurospand-logo.svg\",\"caption\":\"Eurospand - Spandiconcime\"},\"image\":{\"@id\":\"https:\/\/www.eurospand.com\/ro\/#\/schema\/logo\/image\/\"},\"sameAs\":[\"https:\/\/www.instagram.com\/eurospand_cavallo\/\",\"https:\/\/www.youtube.com\/channel\/UCXxWUu_8sG6Cka0HVwYU3aA\"]}]}<\/script>\n<!-- \/ Yoast SEO plugin. -->","yoast_head_json":{"title":"Produse - Eurospand","robots":{"index":"index","follow":"follow","max-snippet":"max-snippet:-1","max-image-preview":"max-image-preview:large","max-video-preview":"max-video-preview:-1"},"canonical":"https:\/\/www.eurospand.com\/ro\/produse\/","og_locale":"ro_RO","og_type":"article","og_title":"Produse - Eurospand","og_description":"Produse CU UN DISC SL S 503 2C BILATERAL 733 R 733 R BILATERAL ERCOLE ERCOLE BILATERAL CU DISC DUBLU DAVID DAVID FRUIT DELTA DELTA FRUIT GALILEO JOLLY 18 JOLLY 24 32 JOLLY 28 MA\u0218IN\u0102 DE \u00ceMPR\u0102\u0218TIAT SARE SL SANSONE\/ERCOLE PENDULARE PXT ALTELE SOLCO C\u0102RUCIOR 1.5 T C\u0102RUCIOR 4 T","og_url":"https:\/\/www.eurospand.com\/ro\/produse\/","og_site_name":"Eurospand","article_publisher":"https:\/\/www.instagram.com\/eurospand_cavallo\/","article_modified_time":"2025-03-10T17:32:55+00:00","og_image":[{"width":1200,"height":675,"url":"https:\/\/www.eurospand.com\/wp-content\/uploads\/2024\/12\/eurospand-img.jpg","type":"image\/jpeg"}],"twitter_card":"summary_large_image","schema":{"@context":"https:\/\/schema.org","@graph":[{"@type":"WebPage","@id":"https:\/\/www.eurospand.com\/ro\/produse\/","url":"https:\/\/www.eurospand.com\/ro\/produse\/","name":"Produse - Eurospand","isPartOf":{"@id":"https:\/\/www.eurospand.com\/ro\/#website"},"datePublished":"2024-09-12T14:55:13+00:00","dateModified":"2025-03-10T17:32:55+00:00","breadcrumb":{"@id":"https:\/\/www.eurospand.com\/ro\/produse\/#breadcrumb"},"inLanguage":"ro-RO","potentialAction":[{"@type":"ReadAction","target":["https:\/\/www.eurospand.com\/ro\/produse\/"]}]},{"@type":"BreadcrumbList","@id":"https:\/\/www.eurospand.com\/ro\/produse\/#breadcrumb","itemListElement":[{"@type":"ListItem","position":1,"name":"Home","item":"https:\/\/www.eurospand.com\/ro\/"},{"@type":"ListItem","position":2,"name":"Produse"}]},{"@type":"WebSite","@id":"https:\/\/www.eurospand.com\/ro\/#website","url":"https:\/\/www.eurospand.com\/ro\/","name":"Eurospand - Spandiconcime","description":"Spandiconcime","publisher":{"@id":"https:\/\/www.eurospand.com\/ro\/#organization"},"alternateName":"Eurospand","potentialAction":[{"@type":"SearchAction","target":{"@type":"EntryPoint","urlTemplate":"https:\/\/www.eurospand.com\/ro\/?s={search_term_string}"},"query-input":{"@type":"PropertyValueSpecification","valueRequired":true,"valueName":"search_term_string"}}],"inLanguage":"ro-RO"},{"@type":"Organization","@id":"https:\/\/www.eurospand.com\/ro\/#organization","name":"Eurospand - Spandiconcime","alternateName":"Eurospand","url":"https:\/\/www.eurospand.com\/ro\/","logo":{"@type":"ImageObject","inLanguage":"ro-RO","@id":"https:\/\/www.eurospand.com\/ro\/#\/schema\/logo\/image\/","url":"https:\/\/www.eurospand.com\/wp-content\/uploads\/2024\/07\/eurospand-logo.svg","contentUrl":"https:\/\/www.eurospand.com\/wp-content\/uploads\/2024\/07\/eurospand-logo.svg","caption":"Eurospand - Spandiconcime"},"image":{"@id":"https:\/\/www.eurospand.com\/ro\/#\/schema\/logo\/image\/"},"sameAs":["https:\/\/www.instagram.com\/eurospand_cavallo\/","https:\/\/www.youtube.com\/channel\/UCXxWUu_8sG6Cka0HVwYU3aA"]}]}},"_links":{"self":[{"href":"https:\/\/www.eurospand.com\/ro\/wp-json\/wp\/v2\/pages\/18158","targetHints":{"allow":["GET"]}}],"collection":[{"href":"https:\/\/www.eurospand.com\/ro\/wp-json\/wp\/v2\/pages"}],"about":[{"href":"https:\/\/www.eurospand.com\/ro\/wp-json\/wp\/v2\/types\/page"}],"author":[{"embeddable":true,"href":"https:\/\/www.eurospand.com\/ro\/wp-json\/wp\/v2\/users\/1"}],"replies":[{"embeddable":true,"href":"https:\/\/www.eurospand.com\/ro\/wp-json\/wp\/v2\/comments?post=18158"}],"version-history":[{"count":62,"href":"https:\/\/www.eurospand.com\/ro\/wp-json\/wp\/v2\/pages\/18158\/revisions"}],"predecessor-version":[{"id":26368,"href":"https:\/\/www.eurospand.com\/ro\/wp-json\/wp\/v2\/pages\/18158\/revisions\/26368"}],"wp:attachment":[{"href":"https:\/\/www.eurospand.com\/ro\/wp-json\/wp\/v2\/media?parent=18158"}],"curies":[{"name":"wp","href":"https:\/\/api.w.org\/{rel}","templated":true}]}}