{"id":17828,"date":"2024-08-23T11:45:49","date_gmt":"2024-08-23T09:45:49","guid":{"rendered":"https:\/\/staging.eurospand.com\/electronica\/"},"modified":"2024-10-28T10:29:18","modified_gmt":"2024-10-28T09:29:18","slug":"electronica","status":"publish","type":"page","link":"https:\/\/www.eurospand.com\/ro\/electronica\/","title":{"rendered":"Electronic\u0103"},"content":{"rendered":"\t\t<div data-elementor-type=\"wp-page\" data-elementor-id=\"17828\" class=\"elementor elementor-17828 elementor-3197\" data-elementor-settings=\"{&quot;ha_cmc_init_switcher&quot;:&quot;no&quot;}\" data-elementor-post-type=\"page\">\n\t\t\t\t<div class=\"elementor-element elementor-element-2be88899 e-con-full e-flex e-con e-parent\" data-id=\"2be88899\" data-element_type=\"container\" data-e-type=\"container\" data-settings=\"{&quot;background_background&quot;:&quot;classic&quot;,&quot;_ha_eqh_enable&quot;:false}\">\n\t\t<div class=\"elementor-element elementor-element-1cc854c9 e-con-full e-flex e-con e-child\" data-id=\"1cc854c9\" data-element_type=\"container\" data-e-type=\"container\" data-settings=\"{&quot;background_background&quot;:&quot;classic&quot;,&quot;_ha_eqh_enable&quot;:false}\">\n\t\t\t\t<\/div>\n\t\t<div class=\"elementor-element elementor-element-76fab344 e-con-full e-flex e-con e-child\" data-id=\"76fab344\" data-element_type=\"container\" data-e-type=\"container\" data-settings=\"{&quot;_ha_eqh_enable&quot;:false}\">\n\t\t\t\t<div class=\"elementor-element elementor-element-3db3fb72 elementor-view-default elementor-invisible elementor-widget elementor-widget-icon\" data-id=\"3db3fb72\" data-element_type=\"widget\" data-e-type=\"widget\" data-settings=\"{&quot;_animation&quot;:&quot;fadeInDown&quot;}\" data-widget_type=\"icon.default\">\n\t\t\t\t<div class=\"elementor-widget-container\">\n\t\t\t\t\t\t\t<div class=\"elementor-icon-wrapper\">\n\t\t\t<div class=\"elementor-icon\">\n\t\t\t<svg xmlns=\"http:\/\/www.w3.org\/2000\/svg\" xmlns:xlink=\"http:\/\/www.w3.org\/1999\/xlink\" id=\"Livello_1\" x=\"0px\" y=\"0px\" width=\"90px\" height=\"85px\" viewBox=\"0 0 90 85\" xml:space=\"preserve\"> <path d=\"M11.305,53.874V28.556c0-6.05,4.904-10.955,10.955-10.955h25.318v1.982H22.26c-4.956,0-8.973,4.017-8.973,8.973v25.318 H11.305 M78.7,48.723v25.319c0,6.05-4.904,10.954-10.954,10.954H42.427v-1.982h25.319c4.955,0,8.972-4.017,8.972-8.972V48.723H78.7z M69.351,15.019l2.956,2.957l-6.436,6.435l-2.956-2.956L69.351,15.019z M30.094,67.45c0.607-0.607,1.59-0.606,2.197,0 c0.606,0.606,0.606,1.591,0,2.197c-0.607,0.606-1.59,0.606-2.197,0C29.488,69.04,29.488,68.057,30.094,67.45z M25.507,56.305 c0.607-0.605,1.59-0.605,2.197,0.001c0.606,0.606,0.606,1.591,0,2.197c-0.607,0.606-1.59,0.606-2.197-0.001 C24.901,57.895,24.901,56.912,25.507,56.305z M29.44,52.373c0.606-0.606,1.589-0.606,2.196,0.001c0.606,0.606,0.606,1.59,0,2.197 c-0.607,0.605-1.59,0.605-2.196-0.001C28.833,53.963,28.833,52.98,29.44,52.373z M33.372,48.441c0.606-0.607,1.59-0.607,2.196,0 c0.607,0.606,0.607,1.59,0,2.196c-0.607,0.607-1.59,0.606-2.196,0C32.765,50.031,32.765,49.047,33.372,48.441z M37.304,44.508 c0.607-0.606,1.59-0.606,2.197,0.001c0.606,0.607,0.606,1.59,0,2.197c-0.607,0.605-1.59,0.605-2.197-0.001 C36.698,46.099,36.698,45.115,37.304,44.508z M41.237,40.576c0.606-0.607,1.59-0.606,2.196,0c0.607,0.607,0.607,1.591,0,2.197 c-0.607,0.607-1.59,0.607-2.197,0C40.63,42.166,40.63,41.183,41.237,40.576z M45.169,36.643c0.607-0.606,1.59-0.606,2.196,0.001 s0.606,1.59,0,2.197c-0.606,0.607-1.589,0.606-2.196,0C44.562,38.233,44.562,37.25,45.169,36.643z M49.101,32.711 c0.607-0.606,1.591-0.606,2.197,0.001s0.606,1.59,0,2.197c-0.606,0.606-1.59,0.606-2.197-0.001 C48.495,34.301,48.495,33.318,49.101,32.711z M58.091,42.665l-4.812-4.814L31.714,59.415l4.813,4.813L58.091,42.665z M61.368,42.665 L36.527,67.506l-8.09-8.091l24.841-24.841L61.368,42.665z M45.168,60.242c0.607-0.606,1.59-0.606,2.197,0.001 c0.605,0.606,0.605,1.59,0,2.197c-0.607,0.605-1.59,0.605-2.197,0C44.561,61.832,44.562,60.849,45.168,60.242z M49.101,56.31 c0.606-0.605,1.59-0.605,2.196,0.001s0.606,1.591,0,2.196c-0.606,0.607-1.59,0.607-2.197,0C48.494,57.9,48.494,56.917,49.101,56.31z M53.033,52.378c0.606-0.606,1.59-0.606,2.195,0c0.607,0.607,0.607,1.59,0,2.197c-0.606,0.606-1.589,0.605-2.195,0 C52.426,53.968,52.426,52.984,53.033,52.378z M56.965,48.445c0.607-0.606,1.59-0.606,2.197,0.001c0.605,0.606,0.605,1.59,0,2.196 c-0.607,0.606-1.59,0.606-2.197-0.001C56.359,50.036,56.359,49.052,56.965,48.445z M60.898,44.513c0.605-0.605,1.589-0.605,2.195,0 c0.607,0.607,0.607,1.591,0,2.197c-0.606,0.607-1.59,0.607-2.196,0S60.291,45.12,60.898,44.513z M37.303,68.107 c0.607-0.606,1.59-0.606,2.197,0.001c0.606,0.605,0.606,1.59,0,2.195c-0.607,0.607-1.59,0.607-2.197,0 C36.697,69.697,36.697,68.714,37.303,68.107z M41.236,64.175c0.606-0.606,1.59-0.606,2.196,0c0.607,0.607,0.607,1.591,0,2.197 c-0.606,0.606-1.59,0.605-2.196,0C40.629,65.765,40.629,64.781,41.236,64.175z M26.162,63.516c0.607-0.605,1.59-0.605,2.197,0 c0.606,0.607,0.606,1.592,0,2.197c-0.607,0.607-1.59,0.607-2.197,0C25.556,65.106,25.556,64.123,26.162,63.516z M58.53,24.487 c-1.382-1.02-2.591-1.866-3.345-2.384c-5.541,6.015-11.411,12.178-15.871,19.034c-2.117,3.254-3.782,3.715-6.613,5.853 c-5.849,4.411-11.348,9.369-16.735,14.332c5.959,8.663,9.99,12.693,18.653,18.653c5.541-6.015,11.411-12.179,15.872-19.034 c2.117-3.255,3.782-3.717,6.613-5.853c5.848-4.411,11.348-9.37,16.734-14.332C69.073,33.831,65.38,29.539,58.53,24.487z M59.906,22.622c7.661,5.651,11.735,10.644,16.963,18.484c0,0-3.317,3.092-6.817,6.195c-4.461,3.953-8.976,8.013-13.982,11.27 c-2.969,1.931-3.298,3.458-5.267,6.066c-4.851,6.43-10.343,12.479-15.833,18.367c0,0-2.691-1.793-5.069-3.546 c-7.664-5.651-11.736-10.643-16.962-18.486c0,0,3.316-3.091,6.817-6.193c4.46-3.954,8.975-8.014,13.983-11.271 c2.968-1.93,3.297-3.457,5.266-6.066c4.85-6.43,10.343-12.479,15.833-18.368C54.837,19.074,57.529,20.869,59.906,22.622z\"><\/path> <\/svg>\t\t\t<\/div>\n\t\t<\/div>\n\t\t\t\t\t\t<\/div>\n\t\t\t\t<\/div>\n\t\t\t\t<div class=\"elementor-element elementor-element-1c8078e6 elementor-invisible elementor-widget elementor-widget-heading\" data-id=\"1c8078e6\" data-element_type=\"widget\" data-e-type=\"widget\" data-settings=\"{&quot;_animation&quot;:&quot;fadeInUp&quot;}\" data-widget_type=\"heading.default\">\n\t\t\t\t<div class=\"elementor-widget-container\">\n\t\t\t\t\t<h1 class=\"elementor-heading-title elementor-size-default\">ELECTRONIC\u0102<\/h1>\t\t\t\t<\/div>\n\t\t\t\t<\/div>\n\t\t\t\t<div class=\"elementor-element elementor-element-5c0df37 elementor-widget__width-initial elementor-invisible elementor-widget elementor-widget-text-editor\" data-id=\"5c0df37\" data-element_type=\"widget\" data-e-type=\"widget\" data-settings=\"{&quot;_animation&quot;:&quot;fadeIn&quot;}\" data-widget_type=\"text-editor.default\">\n\t\t\t\t<div class=\"elementor-widget-container\">\n\t\t\t\t\t\t\t\t\t<div title=\"Page 5\">\n<div>\n<div>\n<div title=\"Page 10\">\n<div>\n<div>\n<div>Dozarea dorit\u0103 este <strong>autoreglat\u0103 \u00een func\u0163ie de viteza de \u00eenaintare (DPAE)<\/strong> prin dou\u0103 servomotoare superfast (14 mm\/s) cu tij\u0103 de inox.<\/div>\n<div> <\/div>\n<div>Folosind monitorul unde sunt memorizate multe feluri de \u00eengr\u0103\u0219\u0103minte \u0219i semin\u021be, se poate modifica instant dozajul aplicat, \u00eenchide distribuirea pe o parte, verifica cantitatea \u00eempr\u0103\u0219tiat\u0103, hectarele lucrate \u0219i salva lucr\u0103rile efectuate.<\/div>\n<\/div>\n<\/div>\n<\/div>\n<\/div>\n<\/div>\n<\/div>\n\t\t\t\t\t\t\t\t<\/div>\n\t\t\t\t<\/div>\n\t\t\t\t<div class=\"elementor-element elementor-element-7c8b9d0e elementor-widget__width-initial elementor-widget elementor-widget-image\" data-id=\"7c8b9d0e\" data-element_type=\"widget\" data-e-type=\"widget\" data-widget_type=\"image.default\">\n\t\t\t\t<div class=\"elementor-widget-container\">\n\t\t\t\t\t\t\t\t\t\t\t\t\t\t\t<img fetchpriority=\"high\" decoding=\"async\" width=\"1200\" height=\"559\" src=\"https:\/\/www.eurospand.com\/wp-content\/uploads\/2024\/08\/eurospand-elettronica-attuatore.jpg\" class=\"attachment-full size-full wp-image-17829\" alt=\"Component\u0103 de precizie a unui distribuitor profesional de \u00eengr\u0103\u0219\u0103minte Eurospand.\" srcset=\"https:\/\/www.eurospand.com\/wp-content\/uploads\/2024\/08\/eurospand-elettronica-attuatore.jpg 1200w, https:\/\/www.eurospand.com\/wp-content\/uploads\/2024\/08\/eurospand-elettronica-attuatore-300x140.jpg 300w, https:\/\/www.eurospand.com\/wp-content\/uploads\/2024\/08\/eurospand-elettronica-attuatore-1024x477.jpg 1024w, https:\/\/www.eurospand.com\/wp-content\/uploads\/2024\/08\/eurospand-elettronica-attuatore-768x358.jpg 768w\" sizes=\"(max-width: 1200px) 100vw, 1200px\" \/>\t\t\t\t\t\t\t\t\t\t\t\t\t\t\t<\/div>\n\t\t\t\t<\/div>\n\t\t\t\t<\/div>\n\t\t\t\t<\/div>\n\t\t<div class=\"elementor-element elementor-element-c9bfc69 e-con-full e-flex e-con e-parent\" data-id=\"c9bfc69\" data-element_type=\"container\" data-e-type=\"container\" data-settings=\"{&quot;background_background&quot;:&quot;classic&quot;,&quot;_ha_eqh_enable&quot;:false}\">\n\t\t<div class=\"elementor-element elementor-element-f3e88ae e-con-full e-flex e-con e-child\" data-id=\"f3e88ae\" data-element_type=\"container\" data-e-type=\"container\" data-settings=\"{&quot;background_background&quot;:&quot;classic&quot;,&quot;_ha_eqh_enable&quot;:false}\">\n\t\t\t\t<\/div>\n\t\t<div class=\"elementor-element elementor-element-790ee3e e-con-full e-flex e-con e-child\" data-id=\"790ee3e\" data-element_type=\"container\" data-e-type=\"container\" data-settings=\"{&quot;_ha_eqh_enable&quot;:false}\">\n\t\t\t\t<div class=\"elementor-element elementor-element-6ed48e0 elementor-widget__width-initial elementor-invisible elementor-widget elementor-widget-text-editor\" data-id=\"6ed48e0\" data-element_type=\"widget\" data-e-type=\"widget\" data-settings=\"{&quot;_animation&quot;:&quot;fadeIn&quot;}\" data-widget_type=\"text-editor.default\">\n\t\t\t\t<div class=\"elementor-widget-container\">\n\t\t\t\t\t\t\t\t\t<div title=\"Page 5\">\n<div>\n<div>\n<div title=\"Page 10\">\n<div>\n<div>\n<div>Controlul vitezei este detectat de priza ISO 11786 sau de senzorul magnetic pe roata tractorului sau prin GPS.<\/div>\n<div>\u00cen plus se poate conecta cu numeroase tractoare sau sisteme \u201cIsobus\u201d pentru gestionarea mapelor de lucru, controlul por\u0163iunilor \u015fi a suprapunerilor.<\/div>\n<\/div>\n<\/div>\n<\/div>\n<\/div>\n<\/div>\n<\/div>\n\t\t\t\t\t\t\t\t<\/div>\n\t\t\t\t<\/div>\n\t\t\t\t<div class=\"elementor-element elementor-element-82e730d elementor-widget__width-initial elementor-widget elementor-widget-image\" data-id=\"82e730d\" data-element_type=\"widget\" data-e-type=\"widget\" data-widget_type=\"image.default\">\n\t\t\t\t<div class=\"elementor-widget-container\">\n\t\t\t\t\t\t\t\t\t\t\t\t\t\t\t<img decoding=\"async\" width=\"403\" height=\"264\" src=\"https:\/\/www.eurospand.com\/wp-content\/uploads\/2024\/10\/eurospand-spandiconcime-schema-elettronica2.svg\" class=\"attachment-full size-full wp-image-17832\" alt=\"\" \/>\t\t\t\t\t\t\t\t\t\t\t\t\t\t\t<\/div>\n\t\t\t\t<\/div>\n\t\t\t\t<\/div>\n\t\t\t\t<\/div>\n\t\t\t\t<\/div>\n\t\t","protected":false},"excerpt":{"rendered":"<p>ELECTRONIC\u0102 Dozarea dorit\u0103 este autoreglat\u0103 \u00een func\u0163ie de viteza de \u00eenaintare (DPAE) prin dou\u0103 servomotoare superfast (14 mm\/s) cu tij\u0103 de inox. Folosind monitorul unde sunt memorizate multe feluri de \u00eengr\u0103\u0219\u0103minte \u0219i semin\u021be, se poate modifica instant dozajul aplicat, \u00eenchide distribuirea pe o parte, verifica cantitatea \u00eempr\u0103\u0219tiat\u0103, hectarele lucrate \u0219i salva lucr\u0103rile efectuate. Controlul vitezei [&hellip;]<\/p>\n","protected":false},"author":1,"featured_media":0,"parent":0,"menu_order":0,"comment_status":"closed","ping_status":"closed","template":"","meta":{"cybocfi_hide_featured_image":"","footnotes":""},"class_list":["post-17828","page","type-page","status-publish","hentry"],"yoast_head":"<!-- This site is optimized with the Yoast SEO plugin v27.2 - https:\/\/yoast.com\/product\/yoast-seo-wordpress\/ -->\n<title>Electronic\u0103 - Eurospand<\/title>\n<meta name=\"robots\" content=\"index, follow, max-snippet:-1, max-image-preview:large, max-video-preview:-1\" \/>\n<link rel=\"canonical\" href=\"https:\/\/www.eurospand.com\/ro\/electronica\/\" \/>\n<meta property=\"og:locale\" content=\"ro_RO\" \/>\n<meta property=\"og:type\" content=\"article\" \/>\n<meta property=\"og:title\" content=\"Electronic\u0103 - Eurospand\" \/>\n<meta property=\"og:description\" content=\"ELECTRONIC\u0102 Dozarea dorit\u0103 este autoreglat\u0103 \u00een func\u0163ie de viteza de \u00eenaintare (DPAE) prin dou\u0103 servomotoare superfast (14 mm\/s) cu tij\u0103 de inox. Folosind monitorul unde sunt memorizate multe feluri de \u00eengr\u0103\u0219\u0103minte \u0219i semin\u021be, se poate modifica instant dozajul aplicat, \u00eenchide distribuirea pe o parte, verifica cantitatea \u00eempr\u0103\u0219tiat\u0103, hectarele lucrate \u0219i salva lucr\u0103rile efectuate. Controlul vitezei [&hellip;]\" \/>\n<meta property=\"og:url\" content=\"https:\/\/www.eurospand.com\/ro\/electronica\/\" \/>\n<meta property=\"og:site_name\" content=\"Eurospand\" \/>\n<meta property=\"article:publisher\" content=\"https:\/\/www.instagram.com\/eurospand_cavallo\/\" \/>\n<meta property=\"article:modified_time\" content=\"2024-10-28T09:29:18+00:00\" \/>\n<meta property=\"og:image\" content=\"https:\/\/eurospand.com\/wp-content\/uploads\/2024\/08\/eurospand-elettronica-attuatore.jpg\" \/>\n<meta name=\"twitter:card\" content=\"summary_large_image\" \/>\n<script type=\"application\/ld+json\" class=\"yoast-schema-graph\">{\"@context\":\"https:\/\/schema.org\",\"@graph\":[{\"@type\":\"WebPage\",\"@id\":\"https:\/\/www.eurospand.com\/ro\/electronica\/\",\"url\":\"https:\/\/www.eurospand.com\/ro\/electronica\/\",\"name\":\"Electronic\u0103 - Eurospand\",\"isPartOf\":{\"@id\":\"https:\/\/www.eurospand.com\/ro\/#website\"},\"primaryImageOfPage\":{\"@id\":\"https:\/\/www.eurospand.com\/ro\/electronica\/#primaryimage\"},\"image\":{\"@id\":\"https:\/\/www.eurospand.com\/ro\/electronica\/#primaryimage\"},\"thumbnailUrl\":\"https:\/\/eurospand.com\/wp-content\/uploads\/2024\/08\/eurospand-elettronica-attuatore.jpg\",\"datePublished\":\"2024-08-23T09:45:49+00:00\",\"dateModified\":\"2024-10-28T09:29:18+00:00\",\"breadcrumb\":{\"@id\":\"https:\/\/www.eurospand.com\/ro\/electronica\/#breadcrumb\"},\"inLanguage\":\"ro-RO\",\"potentialAction\":[{\"@type\":\"ReadAction\",\"target\":[\"https:\/\/www.eurospand.com\/ro\/electronica\/\"]}]},{\"@type\":\"ImageObject\",\"inLanguage\":\"ro-RO\",\"@id\":\"https:\/\/www.eurospand.com\/ro\/electronica\/#primaryimage\",\"url\":\"https:\/\/eurospand.com\/wp-content\/uploads\/2024\/08\/eurospand-elettronica-attuatore.jpg\",\"contentUrl\":\"https:\/\/eurospand.com\/wp-content\/uploads\/2024\/08\/eurospand-elettronica-attuatore.jpg\"},{\"@type\":\"BreadcrumbList\",\"@id\":\"https:\/\/www.eurospand.com\/ro\/electronica\/#breadcrumb\",\"itemListElement\":[{\"@type\":\"ListItem\",\"position\":1,\"name\":\"Home\",\"item\":\"https:\/\/www.eurospand.com\/ro\/\"},{\"@type\":\"ListItem\",\"position\":2,\"name\":\"Electronic\u0103\"}]},{\"@type\":\"WebSite\",\"@id\":\"https:\/\/www.eurospand.com\/ro\/#website\",\"url\":\"https:\/\/www.eurospand.com\/ro\/\",\"name\":\"Eurospand - Spandiconcime\",\"description\":\"Spandiconcime\",\"publisher\":{\"@id\":\"https:\/\/www.eurospand.com\/ro\/#organization\"},\"alternateName\":\"Eurospand\",\"potentialAction\":[{\"@type\":\"SearchAction\",\"target\":{\"@type\":\"EntryPoint\",\"urlTemplate\":\"https:\/\/www.eurospand.com\/ro\/?s={search_term_string}\"},\"query-input\":{\"@type\":\"PropertyValueSpecification\",\"valueRequired\":true,\"valueName\":\"search_term_string\"}}],\"inLanguage\":\"ro-RO\"},{\"@type\":\"Organization\",\"@id\":\"https:\/\/www.eurospand.com\/ro\/#organization\",\"name\":\"Eurospand - Spandiconcime\",\"alternateName\":\"Eurospand\",\"url\":\"https:\/\/www.eurospand.com\/ro\/\",\"logo\":{\"@type\":\"ImageObject\",\"inLanguage\":\"ro-RO\",\"@id\":\"https:\/\/www.eurospand.com\/ro\/#\/schema\/logo\/image\/\",\"url\":\"https:\/\/www.eurospand.com\/wp-content\/uploads\/2024\/07\/eurospand-logo.svg\",\"contentUrl\":\"https:\/\/www.eurospand.com\/wp-content\/uploads\/2024\/07\/eurospand-logo.svg\",\"caption\":\"Eurospand - Spandiconcime\"},\"image\":{\"@id\":\"https:\/\/www.eurospand.com\/ro\/#\/schema\/logo\/image\/\"},\"sameAs\":[\"https:\/\/www.instagram.com\/eurospand_cavallo\/\",\"https:\/\/www.youtube.com\/channel\/UCXxWUu_8sG6Cka0HVwYU3aA\"]}]}<\/script>\n<!-- \/ Yoast SEO plugin. -->","yoast_head_json":{"title":"Electronic\u0103 - Eurospand","robots":{"index":"index","follow":"follow","max-snippet":"max-snippet:-1","max-image-preview":"max-image-preview:large","max-video-preview":"max-video-preview:-1"},"canonical":"https:\/\/www.eurospand.com\/ro\/electronica\/","og_locale":"ro_RO","og_type":"article","og_title":"Electronic\u0103 - Eurospand","og_description":"ELECTRONIC\u0102 Dozarea dorit\u0103 este autoreglat\u0103 \u00een func\u0163ie de viteza de \u00eenaintare (DPAE) prin dou\u0103 servomotoare superfast (14 mm\/s) cu tij\u0103 de inox. Folosind monitorul unde sunt memorizate multe feluri de \u00eengr\u0103\u0219\u0103minte \u0219i semin\u021be, se poate modifica instant dozajul aplicat, \u00eenchide distribuirea pe o parte, verifica cantitatea \u00eempr\u0103\u0219tiat\u0103, hectarele lucrate \u0219i salva lucr\u0103rile efectuate. Controlul vitezei [&hellip;]","og_url":"https:\/\/www.eurospand.com\/ro\/electronica\/","og_site_name":"Eurospand","article_publisher":"https:\/\/www.instagram.com\/eurospand_cavallo\/","article_modified_time":"2024-10-28T09:29:18+00:00","og_image":[{"url":"https:\/\/eurospand.com\/wp-content\/uploads\/2024\/08\/eurospand-elettronica-attuatore.jpg","type":"","width":"","height":""}],"twitter_card":"summary_large_image","schema":{"@context":"https:\/\/schema.org","@graph":[{"@type":"WebPage","@id":"https:\/\/www.eurospand.com\/ro\/electronica\/","url":"https:\/\/www.eurospand.com\/ro\/electronica\/","name":"Electronic\u0103 - Eurospand","isPartOf":{"@id":"https:\/\/www.eurospand.com\/ro\/#website"},"primaryImageOfPage":{"@id":"https:\/\/www.eurospand.com\/ro\/electronica\/#primaryimage"},"image":{"@id":"https:\/\/www.eurospand.com\/ro\/electronica\/#primaryimage"},"thumbnailUrl":"https:\/\/eurospand.com\/wp-content\/uploads\/2024\/08\/eurospand-elettronica-attuatore.jpg","datePublished":"2024-08-23T09:45:49+00:00","dateModified":"2024-10-28T09:29:18+00:00","breadcrumb":{"@id":"https:\/\/www.eurospand.com\/ro\/electronica\/#breadcrumb"},"inLanguage":"ro-RO","potentialAction":[{"@type":"ReadAction","target":["https:\/\/www.eurospand.com\/ro\/electronica\/"]}]},{"@type":"ImageObject","inLanguage":"ro-RO","@id":"https:\/\/www.eurospand.com\/ro\/electronica\/#primaryimage","url":"https:\/\/eurospand.com\/wp-content\/uploads\/2024\/08\/eurospand-elettronica-attuatore.jpg","contentUrl":"https:\/\/eurospand.com\/wp-content\/uploads\/2024\/08\/eurospand-elettronica-attuatore.jpg"},{"@type":"BreadcrumbList","@id":"https:\/\/www.eurospand.com\/ro\/electronica\/#breadcrumb","itemListElement":[{"@type":"ListItem","position":1,"name":"Home","item":"https:\/\/www.eurospand.com\/ro\/"},{"@type":"ListItem","position":2,"name":"Electronic\u0103"}]},{"@type":"WebSite","@id":"https:\/\/www.eurospand.com\/ro\/#website","url":"https:\/\/www.eurospand.com\/ro\/","name":"Eurospand - Spandiconcime","description":"Spandiconcime","publisher":{"@id":"https:\/\/www.eurospand.com\/ro\/#organization"},"alternateName":"Eurospand","potentialAction":[{"@type":"SearchAction","target":{"@type":"EntryPoint","urlTemplate":"https:\/\/www.eurospand.com\/ro\/?s={search_term_string}"},"query-input":{"@type":"PropertyValueSpecification","valueRequired":true,"valueName":"search_term_string"}}],"inLanguage":"ro-RO"},{"@type":"Organization","@id":"https:\/\/www.eurospand.com\/ro\/#organization","name":"Eurospand - Spandiconcime","alternateName":"Eurospand","url":"https:\/\/www.eurospand.com\/ro\/","logo":{"@type":"ImageObject","inLanguage":"ro-RO","@id":"https:\/\/www.eurospand.com\/ro\/#\/schema\/logo\/image\/","url":"https:\/\/www.eurospand.com\/wp-content\/uploads\/2024\/07\/eurospand-logo.svg","contentUrl":"https:\/\/www.eurospand.com\/wp-content\/uploads\/2024\/07\/eurospand-logo.svg","caption":"Eurospand - Spandiconcime"},"image":{"@id":"https:\/\/www.eurospand.com\/ro\/#\/schema\/logo\/image\/"},"sameAs":["https:\/\/www.instagram.com\/eurospand_cavallo\/","https:\/\/www.youtube.com\/channel\/UCXxWUu_8sG6Cka0HVwYU3aA"]}]}},"_links":{"self":[{"href":"https:\/\/www.eurospand.com\/ro\/wp-json\/wp\/v2\/pages\/17828","targetHints":{"allow":["GET"]}}],"collection":[{"href":"https:\/\/www.eurospand.com\/ro\/wp-json\/wp\/v2\/pages"}],"about":[{"href":"https:\/\/www.eurospand.com\/ro\/wp-json\/wp\/v2\/types\/page"}],"author":[{"embeddable":true,"href":"https:\/\/www.eurospand.com\/ro\/wp-json\/wp\/v2\/users\/1"}],"replies":[{"embeddable":true,"href":"https:\/\/www.eurospand.com\/ro\/wp-json\/wp\/v2\/comments?post=17828"}],"version-history":[{"count":1,"href":"https:\/\/www.eurospand.com\/ro\/wp-json\/wp\/v2\/pages\/17828\/revisions"}],"predecessor-version":[{"id":17838,"href":"https:\/\/www.eurospand.com\/ro\/wp-json\/wp\/v2\/pages\/17828\/revisions\/17838"}],"wp:attachment":[{"href":"https:\/\/www.eurospand.com\/ro\/wp-json\/wp\/v2\/media?parent=17828"}],"curies":[{"name":"wp","href":"https:\/\/api.w.org\/{rel}","templated":true}]}}