{"id":17821,"date":"2024-08-23T10:31:31","date_gmt":"2024-08-23T08:31:31","guid":{"rendered":"https:\/\/staging.eurospand.com\/tratamente-anticorozive\/"},"modified":"2024-10-28T10:27:27","modified_gmt":"2024-10-28T09:27:27","slug":"tratamente-anticorozive","status":"publish","type":"page","link":"https:\/\/www.eurospand.com\/ro\/tratamente-anticorozive\/","title":{"rendered":"Tratamente Anticorozive"},"content":{"rendered":"\t\t<div data-elementor-type=\"wp-page\" data-elementor-id=\"17821\" class=\"elementor elementor-17821 elementor-3114\" data-elementor-settings=\"{&quot;ha_cmc_init_switcher&quot;:&quot;no&quot;}\" data-elementor-post-type=\"page\">\n\t\t\t\t<div class=\"elementor-element elementor-element-4a406f3b e-con-full e-flex e-con e-parent\" data-id=\"4a406f3b\" data-element_type=\"container\" data-e-type=\"container\" data-settings=\"{&quot;background_background&quot;:&quot;classic&quot;,&quot;_ha_eqh_enable&quot;:false}\">\n\t\t<div class=\"elementor-element elementor-element-558c7987 e-con-full e-flex e-con e-child\" data-id=\"558c7987\" data-element_type=\"container\" data-e-type=\"container\" data-settings=\"{&quot;background_background&quot;:&quot;classic&quot;,&quot;_ha_eqh_enable&quot;:false}\">\n\t\t\t\t<\/div>\n\t\t<div class=\"elementor-element elementor-element-22d29ad9 e-con-full e-flex e-con e-child\" data-id=\"22d29ad9\" data-element_type=\"container\" data-e-type=\"container\" data-settings=\"{&quot;_ha_eqh_enable&quot;:false}\">\n\t\t\t\t<div class=\"elementor-element elementor-element-7a7987b6 elementor-view-default elementor-invisible elementor-widget elementor-widget-icon\" data-id=\"7a7987b6\" data-element_type=\"widget\" data-e-type=\"widget\" data-settings=\"{&quot;_animation&quot;:&quot;fadeInDown&quot;}\" data-widget_type=\"icon.default\">\n\t\t\t\t<div class=\"elementor-widget-container\">\n\t\t\t\t\t\t\t<div class=\"elementor-icon-wrapper\">\n\t\t\t<div class=\"elementor-icon\">\n\t\t\t<svg xmlns=\"http:\/\/www.w3.org\/2000\/svg\" xmlns:xlink=\"http:\/\/www.w3.org\/1999\/xlink\" id=\"Livello_1\" x=\"0px\" y=\"0px\" width=\"90px\" height=\"85px\" viewBox=\"0 0 90 85\" xml:space=\"preserve\"> <path d=\"M11.279,58.835V28.511c0-6.055,4.908-10.963,10.963-10.963h30.324v1.982H22.242c-4.96,0-8.981,4.021-8.981,8.981v30.324 H11.279\"><\/path> <path d=\"M78.727,43.709v30.324c0,6.055-4.907,10.963-10.963,10.963H37.44v-1.982h30.324c4.96,0,8.981-4.02,8.981-8.98V43.709H78.727 \"><\/path> <path d=\"M25.272,53.971c0-0.972,0.619-1.761,1.383-1.761h19.558c0.764,0,1.383,0.789,1.383,1.761v4.215 c0,0.973-0.619,1.761-1.383,1.761H26.655c-0.764,0-1.383-0.788-1.383-1.761V53.971\"><\/path> <path d=\"M19.75,71.628c-0.925-0.301-1.406-1.369-1.076-2.388l4.68-14.404c0.331-1.019,1.349-1.6,2.274-1.3l3.312,1.076 c0.925,0.301,1.406,1.369,1.076,2.387l-4.681,14.406c-0.33,1.017-1.348,1.599-2.273,1.299L19.75,71.628\"><\/path> <polyline points=\"69.914,75.606 50.405,56.107 69.914,36.599 71.202,37.887 52.982,56.106 71.202,74.317 69.914,75.606 \"><\/polyline> <polyline points=\"47.979,53.983 50.278,55.808 50.278,56.348 47.979,58.173 47.979,53.983 \"><\/polyline> <polyline points=\"69.914,70.327 55.687,56.107 69.914,41.88 71.202,43.169 58.264,56.107 71.202,69.038 69.914,70.327 \"><\/polyline> <polyline points=\"69.914,65.048 60.969,56.108 69.914,47.163 71.202,48.451 63.546,56.107 71.202,63.759 69.914,65.048 \"><\/polyline> <path d=\"M28.829,34.385c-0.601-1.85,0.411-3.836,2.261-4.437l9.388-3.051c1.849-0.601,3.836,0.412,4.437,2.261l4.74,14.587 c0.601,1.85-5.229,8.92-5.229,8.92l-1.386,0.45c0,0-8.871-2.293-9.472-4.144L28.829,34.385\"><\/path> <path d=\"M32.531,57.387l1.087,7.997c0.158,1.164-1.586,1.401-1.745,0.238l-1.087-7.998C30.628,56.461,32.373,56.224,32.531,57.387\"><\/path> <\/svg>\t\t\t<\/div>\n\t\t<\/div>\n\t\t\t\t\t\t<\/div>\n\t\t\t\t<\/div>\n\t\t\t\t<div class=\"elementor-element elementor-element-43e8bf7e elementor-invisible elementor-widget elementor-widget-heading\" data-id=\"43e8bf7e\" data-element_type=\"widget\" data-e-type=\"widget\" data-settings=\"{&quot;_animation&quot;:&quot;fadeInUp&quot;}\" data-widget_type=\"heading.default\">\n\t\t\t\t<div class=\"elementor-widget-container\">\n\t\t\t\t\t<h1 class=\"elementor-heading-title elementor-size-default\">TRATAMENTE <br>ANTICOROZIVE<\/h1>\t\t\t\t<\/div>\n\t\t\t\t<\/div>\n\t\t\t\t<div class=\"elementor-element elementor-element-74b87a8c elementor-widget__width-initial elementor-invisible elementor-widget elementor-widget-text-editor\" data-id=\"74b87a8c\" data-element_type=\"widget\" data-e-type=\"widget\" data-settings=\"{&quot;_animation&quot;:&quot;fadeIn&quot;}\" data-widget_type=\"text-editor.default\">\n\t\t\t\t<div class=\"elementor-widget-container\">\n\t\t\t\t\t\t\t\t\t<div class=\"page\" title=\"Page 5\">\n<div class=\"layoutArea\">\n<div class=\"column\">Toate p\u0103r\u0163ile de metal care nu sunt din inox sunt <strong>sablate \u00een mod mecanic<\/strong> \u00eentr-un dispozitiv automatic.<\/div>\n<div class=\"column\"><strong>Prima aplicare prin pulbere<\/strong> \u015fi <strong>arderea la 220\u02da C<\/strong> a unui strat cu zinc (primer), protejeaz\u0103 suprafa\u0163a \u015fi ajut\u0103 aderen\u0163a smal\u0163ului final.<\/div>\n<div class=\"column\">A <strong>doua \u015fi ultima aplicare prin pulbere<\/strong> a unui smal\u0163 cu <strong>ardere la 220 \u02daC <\/strong>garanteaz\u0103 o finisare excelent\u0103.<\/div>\n<div> <\/div>\n<div class=\"column\">Eurospand prevede aceste trei etape esen\u0163iale pentru o <strong>rezisten\u0163\u0103 perfect\u0103 a coroziunii<\/strong> propriilor utilaje.<\/div>\n<\/div>\n<\/div>\n\t\t\t\t\t\t\t\t<\/div>\n\t\t\t\t<\/div>\n\t\t\t\t<div class=\"elementor-element elementor-element-1afbef9 elementor-widget elementor-widget-hotspot\" data-id=\"1afbef9\" data-element_type=\"widget\" data-e-type=\"widget\" data-settings=\"{&quot;hotspot&quot;:[{&quot;_id&quot;:&quot;0d57d41&quot;,&quot;hotspot_label&quot;:&quot;SABLARE&quot;,&quot;hotspot_tooltip_content&quot;:&quot;&quot;,&quot;hotspot_offset_x&quot;:{&quot;unit&quot;:&quot;%&quot;,&quot;size&quot;:18,&quot;sizes&quot;:[]},&quot;hotspot_offset_y&quot;:{&quot;unit&quot;:&quot;%&quot;,&quot;size&quot;:62,&quot;sizes&quot;:[]},&quot;index&quot;:0,&quot;__dynamic__&quot;:null,&quot;hotspot_link&quot;:{&quot;url&quot;:&quot;&quot;,&quot;is_external&quot;:&quot;&quot;,&quot;nofollow&quot;:&quot;&quot;,&quot;custom_attributes&quot;:&quot;&quot;},&quot;hotspot_icon&quot;:{&quot;value&quot;:&quot;&quot;,&quot;library&quot;:&quot;&quot;},&quot;hotspot_custom_size&quot;:&quot;no&quot;,&quot;hotspot_horizontal&quot;:&quot;left&quot;,&quot;hotspot_vertical&quot;:&quot;top&quot;,&quot;hotspot_tooltip_position&quot;:&quot;no&quot;,&quot;hotspot_position&quot;:null},{&quot;hotspot_label&quot;:&quot;PRIMER PRIN PULBERE&quot;,&quot;hotspot_tooltip_content&quot;:&quot;&quot;,&quot;hotspot_offset_x&quot;:{&quot;unit&quot;:&quot;%&quot;,&quot;size&quot;:52,&quot;sizes&quot;:[]},&quot;hotspot_offset_y&quot;:{&quot;unit&quot;:&quot;%&quot;,&quot;size&quot;:38,&quot;sizes&quot;:[]},&quot;_id&quot;:&quot;71c2e68&quot;,&quot;index&quot;:1,&quot;__dynamic__&quot;:null,&quot;hotspot_link&quot;:{&quot;url&quot;:&quot;&quot;,&quot;is_external&quot;:&quot;&quot;,&quot;nofollow&quot;:&quot;&quot;,&quot;custom_attributes&quot;:&quot;&quot;},&quot;hotspot_icon&quot;:{&quot;value&quot;:&quot;&quot;,&quot;library&quot;:&quot;&quot;},&quot;hotspot_custom_size&quot;:&quot;no&quot;,&quot;hotspot_horizontal&quot;:&quot;left&quot;,&quot;hotspot_vertical&quot;:&quot;top&quot;,&quot;hotspot_tooltip_position&quot;:&quot;no&quot;,&quot;hotspot_position&quot;:null},{&quot;hotspot_label&quot;:&quot;SMAL\\u0162 FINAL PRIN PULBERE&quot;,&quot;hotspot_tooltip_content&quot;:&quot;&quot;,&quot;hotspot_offset_x&quot;:{&quot;unit&quot;:&quot;%&quot;,&quot;size&quot;:69,&quot;sizes&quot;:[]},&quot;hotspot_offset_y&quot;:{&quot;unit&quot;:&quot;%&quot;,&quot;size&quot;:14,&quot;sizes&quot;:[]},&quot;_id&quot;:&quot;78330d2&quot;,&quot;hotspot_offset_x_mobile&quot;:{&quot;unit&quot;:&quot;px&quot;,&quot;size&quot;:42,&quot;sizes&quot;:[]},&quot;hotspot_offset_x_tablet&quot;:{&quot;unit&quot;:&quot;px&quot;,&quot;size&quot;:39,&quot;sizes&quot;:[]},&quot;index&quot;:2,&quot;__dynamic__&quot;:null,&quot;hotspot_link&quot;:{&quot;url&quot;:&quot;&quot;,&quot;is_external&quot;:&quot;&quot;,&quot;nofollow&quot;:&quot;&quot;,&quot;custom_attributes&quot;:&quot;&quot;},&quot;hotspot_icon&quot;:{&quot;value&quot;:&quot;&quot;,&quot;library&quot;:&quot;&quot;},&quot;hotspot_custom_size&quot;:&quot;no&quot;,&quot;hotspot_horizontal&quot;:&quot;left&quot;,&quot;hotspot_vertical&quot;:&quot;top&quot;,&quot;hotspot_tooltip_position&quot;:&quot;no&quot;,&quot;hotspot_position&quot;:null}],&quot;hotspot_sequenced_animation&quot;:&quot;no&quot;,&quot;tooltip_position&quot;:&quot;top&quot;,&quot;tooltip_trigger&quot;:&quot;click&quot;,&quot;tooltip_animation&quot;:&quot;e-hotspot--fade-in-out&quot;}\" data-widget_type=\"hotspot.default\">\n\t\t\t\t<div class=\"elementor-widget-container\">\n\t\t\t\t\t<img fetchpriority=\"high\" decoding=\"async\" width=\"800\" height=\"608\" src=\"https:\/\/www.eurospand.com\/wp-content\/uploads\/2024\/08\/eurospand-lamierino-vernice.png\" class=\"attachment-large size-large wp-image-17822\" alt=\"Plac\u0103 de test pentru calibrarea distribu\u021biei spandiconcimelor profesionale Eurospand.\" srcset=\"https:\/\/www.eurospand.com\/wp-content\/uploads\/2024\/08\/eurospand-lamierino-vernice.png 800w, https:\/\/www.eurospand.com\/wp-content\/uploads\/2024\/08\/eurospand-lamierino-vernice-300x228.png 300w, https:\/\/www.eurospand.com\/wp-content\/uploads\/2024\/08\/eurospand-lamierino-vernice-768x584.png 768w\" sizes=\"(max-width: 800px) 100vw, 800px\" \/>\n\t\t\t\t\t\t<div class=\"e-hotspot elementor-repeater-item-0d57d41  e-hotspot--position-left e-hotspot--position-top  \">\n\n\t\t\t\t\t\t\t\t<div class=\"e-hotspot__button \">\n\t\t\t\t\t\t\t\t\t\t\t\t\t\t\t\t\t\t\t\t\t\t\t\t<div class=\"e-hotspot__label\">SABLARE<\/div>\n\t\t\t\t\t\t\t\t\t\t\t\t\t\t\t<\/div>\n\n\t\t\t\t\t\t\t\t\n\t\t\t<\/div>\n\n\t\n\t\t\t\t\t\t<div class=\"e-hotspot elementor-repeater-item-71c2e68  e-hotspot--position-left e-hotspot--position-top  \">\n\n\t\t\t\t\t\t\t\t<div class=\"e-hotspot__button \">\n\t\t\t\t\t\t\t\t\t\t\t\t\t\t\t\t\t\t\t\t\t\t\t\t<div class=\"e-hotspot__label\">PRIMER PRIN PULBERE<\/div>\n\t\t\t\t\t\t\t\t\t\t\t\t\t\t\t<\/div>\n\n\t\t\t\t\t\t\t\t\n\t\t\t<\/div>\n\n\t\n\t\t\t\t\t\t<div class=\"e-hotspot elementor-repeater-item-78330d2  e-hotspot--position-left e-hotspot--position-top  \">\n\n\t\t\t\t\t\t\t\t<div class=\"e-hotspot__button \">\n\t\t\t\t\t\t\t\t\t\t\t\t\t\t\t\t\t\t\t\t\t\t\t\t<div class=\"e-hotspot__label\">SMAL\u0162 FINAL PRIN PULBERE<\/div>\n\t\t\t\t\t\t\t\t\t\t\t\t\t\t\t<\/div>\n\n\t\t\t\t\t\t\t\t\n\t\t\t<\/div>\n\n\t\n\t\t\t\t\t\t<\/div>\n\t\t\t\t<\/div>\n\t\t\t\t<\/div>\n\t\t\t\t<\/div>\n\t\t<div class=\"elementor-element elementor-element-1cb9392 e-flex e-con-boxed e-con e-parent\" data-id=\"1cb9392\" data-element_type=\"container\" data-e-type=\"container\" data-settings=\"{&quot;_ha_eqh_enable&quot;:false}\">\n\t\t\t\t\t<div class=\"e-con-inner\">\n\t\t<div class=\"elementor-element elementor-element-48f83c9 e-con-full e-flex e-con e-child\" data-id=\"48f83c9\" data-element_type=\"container\" data-e-type=\"container\" data-settings=\"{&quot;_ha_eqh_enable&quot;:false}\">\n\t\t\t\t<div class=\"elementor-element elementor-element-cf7a5db elementor-widget elementor-widget-heading\" data-id=\"cf7a5db\" data-element_type=\"widget\" data-e-type=\"widget\" data-widget_type=\"heading.default\">\n\t\t\t\t<div class=\"elementor-widget-container\">\n\t\t\t\t\t<h2 class=\"elementor-heading-title elementor-size-default\">SABLARE<\/h2>\t\t\t\t<\/div>\n\t\t\t\t<\/div>\n\t\t\t\t<div class=\"elementor-element elementor-element-1e91809 elementor-widget elementor-widget-image\" data-id=\"1e91809\" data-element_type=\"widget\" data-e-type=\"widget\" data-widget_type=\"image.default\">\n\t\t\t\t<div class=\"elementor-widget-container\">\n\t\t\t\t\t\t\t\t\t\t\t\t\t\t\t<img decoding=\"async\" width=\"800\" height=\"976\" src=\"https:\/\/www.eurospand.com\/wp-content\/uploads\/2024\/08\/eurospand-trattamenti-anticorrosivi-sabbiatura-839x1024.jpg\" class=\"attachment-large size-large wp-image-17824\" alt=\"Utilaj spandiconcime Eurospand \u00een fabric\u0103, tehnologie avansat\u0103 pentru agricultur\u0103.\" srcset=\"https:\/\/www.eurospand.com\/wp-content\/uploads\/2024\/08\/eurospand-trattamenti-anticorrosivi-sabbiatura-839x1024.jpg 839w, https:\/\/www.eurospand.com\/wp-content\/uploads\/2024\/08\/eurospand-trattamenti-anticorrosivi-sabbiatura-246x300.jpg 246w, https:\/\/www.eurospand.com\/wp-content\/uploads\/2024\/08\/eurospand-trattamenti-anticorrosivi-sabbiatura-768x938.jpg 768w, https:\/\/www.eurospand.com\/wp-content\/uploads\/2024\/08\/eurospand-trattamenti-anticorrosivi-sabbiatura.jpg 983w\" sizes=\"(max-width: 800px) 100vw, 800px\" \/>\t\t\t\t\t\t\t\t\t\t\t\t\t\t\t<\/div>\n\t\t\t\t<\/div>\n\t\t\t\t<\/div>\n\t\t<div class=\"elementor-element elementor-element-0bd868a e-con-full e-flex e-con e-child\" data-id=\"0bd868a\" data-element_type=\"container\" data-e-type=\"container\" data-settings=\"{&quot;_ha_eqh_enable&quot;:false}\">\n\t\t\t\t<div class=\"elementor-element elementor-element-d94a4f9 elementor-widget elementor-widget-heading\" data-id=\"d94a4f9\" data-element_type=\"widget\" data-e-type=\"widget\" data-widget_type=\"heading.default\">\n\t\t\t\t<div class=\"elementor-widget-container\">\n\t\t\t\t\t<h2 class=\"elementor-heading-title elementor-size-default\">PRIMER PRIN PULBERE<\/h2>\t\t\t\t<\/div>\n\t\t\t\t<\/div>\n\t\t\t\t<div class=\"elementor-element elementor-element-cdf30a8 elementor-widget elementor-widget-image\" data-id=\"cdf30a8\" data-element_type=\"widget\" data-e-type=\"widget\" data-widget_type=\"image.default\">\n\t\t\t\t<div class=\"elementor-widget-container\">\n\t\t\t\t\t\t\t\t\t\t\t\t\t\t\t<img decoding=\"async\" width=\"800\" height=\"976\" src=\"https:\/\/www.eurospand.com\/wp-content\/uploads\/2024\/08\/eurospand-trattamenti-anticorrosivi-prime-polvere-839x1024.jpg\" class=\"attachment-large size-large wp-image-17826\" alt=\"Lucr\u0103tor Eurospand vopse\u0219te o component\u0103 de ma\u0219in\u0103 spandiconcime profesionale.\" srcset=\"https:\/\/www.eurospand.com\/wp-content\/uploads\/2024\/08\/eurospand-trattamenti-anticorrosivi-prime-polvere-839x1024.jpg 839w, https:\/\/www.eurospand.com\/wp-content\/uploads\/2024\/08\/eurospand-trattamenti-anticorrosivi-prime-polvere-246x300.jpg 246w, https:\/\/www.eurospand.com\/wp-content\/uploads\/2024\/08\/eurospand-trattamenti-anticorrosivi-prime-polvere-768x938.jpg 768w, https:\/\/www.eurospand.com\/wp-content\/uploads\/2024\/08\/eurospand-trattamenti-anticorrosivi-prime-polvere.jpg 983w\" sizes=\"(max-width: 800px) 100vw, 800px\" \/>\t\t\t\t\t\t\t\t\t\t\t\t\t\t\t<\/div>\n\t\t\t\t<\/div>\n\t\t\t\t<\/div>\n\t\t<div class=\"elementor-element elementor-element-931cb1e e-con-full e-flex e-con e-child\" data-id=\"931cb1e\" data-element_type=\"container\" data-e-type=\"container\" data-settings=\"{&quot;_ha_eqh_enable&quot;:false}\">\n\t\t\t\t<div class=\"elementor-element elementor-element-7b0626d elementor-widget elementor-widget-heading\" data-id=\"7b0626d\" data-element_type=\"widget\" data-e-type=\"widget\" data-widget_type=\"heading.default\">\n\t\t\t\t<div class=\"elementor-widget-container\">\n\t\t\t\t\t<h2 class=\"elementor-heading-title elementor-size-default\">SMAL\u0162 FINAL PRIN PULBERE<\/h2>\t\t\t\t<\/div>\n\t\t\t\t<\/div>\n\t\t\t\t<div class=\"elementor-element elementor-element-2980f08 elementor-widget elementor-widget-image\" data-id=\"2980f08\" data-element_type=\"widget\" data-e-type=\"widget\" data-widget_type=\"image.default\">\n\t\t\t\t<div class=\"elementor-widget-container\">\n\t\t\t\t\t\t\t\t\t\t\t\t\t\t\t<img loading=\"lazy\" decoding=\"async\" width=\"800\" height=\"976\" src=\"https:\/\/www.eurospand.com\/wp-content\/uploads\/2024\/08\/eurospand-trattamenti-anticorrosivi-smalto-finale-polvere-839x1024.jpg\" class=\"attachment-large size-large wp-image-17825\" alt=\"Ma\u0219in\u0103 pentru vopsire industrial\u0103 la Eurospand, specialist \u00een spandiconcime.\" srcset=\"https:\/\/www.eurospand.com\/wp-content\/uploads\/2024\/08\/eurospand-trattamenti-anticorrosivi-smalto-finale-polvere-839x1024.jpg 839w, https:\/\/www.eurospand.com\/wp-content\/uploads\/2024\/08\/eurospand-trattamenti-anticorrosivi-smalto-finale-polvere-246x300.jpg 246w, https:\/\/www.eurospand.com\/wp-content\/uploads\/2024\/08\/eurospand-trattamenti-anticorrosivi-smalto-finale-polvere-768x938.jpg 768w, https:\/\/www.eurospand.com\/wp-content\/uploads\/2024\/08\/eurospand-trattamenti-anticorrosivi-smalto-finale-polvere.jpg 983w\" sizes=\"(max-width: 800px) 100vw, 800px\" \/>\t\t\t\t\t\t\t\t\t\t\t\t\t\t\t<\/div>\n\t\t\t\t<\/div>\n\t\t\t\t<\/div>\n\t\t\t\t\t<\/div>\n\t\t\t\t<\/div>\n\t\t\t\t<\/div>\n\t\t","protected":false},"excerpt":{"rendered":"<p>TRATAMENTE ANTICOROZIVE Toate p\u0103r\u0163ile de metal care nu sunt din inox sunt sablate \u00een mod mecanic \u00eentr-un dispozitiv automatic. Prima aplicare prin pulbere \u015fi arderea la 220\u02da C a unui strat cu zinc (primer), protejeaz\u0103 suprafa\u0163a \u015fi ajut\u0103 aderen\u0163a smal\u0163ului final. A doua \u015fi ultima aplicare prin pulbere a unui smal\u0163 cu ardere la 220 [&hellip;]<\/p>\n","protected":false},"author":1,"featured_media":0,"parent":0,"menu_order":0,"comment_status":"closed","ping_status":"closed","template":"","meta":{"cybocfi_hide_featured_image":"","footnotes":""},"class_list":["post-17821","page","type-page","status-publish","hentry"],"yoast_head":"<!-- This site is optimized with the Yoast SEO plugin v27.2 - https:\/\/yoast.com\/product\/yoast-seo-wordpress\/ -->\n<title>Tratamente Anticorozive - Eurospand<\/title>\n<meta name=\"robots\" content=\"index, follow, max-snippet:-1, max-image-preview:large, max-video-preview:-1\" \/>\n<link rel=\"canonical\" href=\"https:\/\/www.eurospand.com\/ro\/tratamente-anticorozive\/\" \/>\n<meta property=\"og:locale\" content=\"ro_RO\" \/>\n<meta property=\"og:type\" content=\"article\" \/>\n<meta property=\"og:title\" content=\"Tratamente Anticorozive - Eurospand\" \/>\n<meta property=\"og:description\" content=\"TRATAMENTE ANTICOROZIVE Toate p\u0103r\u0163ile de metal care nu sunt din inox sunt sablate \u00een mod mecanic \u00eentr-un dispozitiv automatic. Prima aplicare prin pulbere \u015fi arderea la 220\u02da C a unui strat cu zinc (primer), protejeaz\u0103 suprafa\u0163a \u015fi ajut\u0103 aderen\u0163a smal\u0163ului final. A doua \u015fi ultima aplicare prin pulbere a unui smal\u0163 cu ardere la 220 [&hellip;]\" \/>\n<meta property=\"og:url\" content=\"https:\/\/www.eurospand.com\/ro\/tratamente-anticorozive\/\" \/>\n<meta property=\"og:site_name\" content=\"Eurospand\" \/>\n<meta property=\"article:publisher\" content=\"https:\/\/www.instagram.com\/eurospand_cavallo\/\" \/>\n<meta property=\"article:modified_time\" content=\"2024-10-28T09:27:27+00:00\" \/>\n<meta property=\"og:image\" content=\"https:\/\/eurospand.com\/wp-content\/uploads\/2024\/08\/eurospand-lamierino-vernice.png\" \/>\n<meta name=\"twitter:card\" content=\"summary_large_image\" \/>\n<script type=\"application\/ld+json\" class=\"yoast-schema-graph\">{\"@context\":\"https:\/\/schema.org\",\"@graph\":[{\"@type\":\"WebPage\",\"@id\":\"https:\/\/www.eurospand.com\/ro\/tratamente-anticorozive\/\",\"url\":\"https:\/\/www.eurospand.com\/ro\/tratamente-anticorozive\/\",\"name\":\"Tratamente Anticorozive - Eurospand\",\"isPartOf\":{\"@id\":\"https:\/\/www.eurospand.com\/ro\/#website\"},\"primaryImageOfPage\":{\"@id\":\"https:\/\/www.eurospand.com\/ro\/tratamente-anticorozive\/#primaryimage\"},\"image\":{\"@id\":\"https:\/\/www.eurospand.com\/ro\/tratamente-anticorozive\/#primaryimage\"},\"thumbnailUrl\":\"https:\/\/eurospand.com\/wp-content\/uploads\/2024\/08\/eurospand-lamierino-vernice.png\",\"datePublished\":\"2024-08-23T08:31:31+00:00\",\"dateModified\":\"2024-10-28T09:27:27+00:00\",\"breadcrumb\":{\"@id\":\"https:\/\/www.eurospand.com\/ro\/tratamente-anticorozive\/#breadcrumb\"},\"inLanguage\":\"ro-RO\",\"potentialAction\":[{\"@type\":\"ReadAction\",\"target\":[\"https:\/\/www.eurospand.com\/ro\/tratamente-anticorozive\/\"]}]},{\"@type\":\"ImageObject\",\"inLanguage\":\"ro-RO\",\"@id\":\"https:\/\/www.eurospand.com\/ro\/tratamente-anticorozive\/#primaryimage\",\"url\":\"https:\/\/eurospand.com\/wp-content\/uploads\/2024\/08\/eurospand-lamierino-vernice.png\",\"contentUrl\":\"https:\/\/eurospand.com\/wp-content\/uploads\/2024\/08\/eurospand-lamierino-vernice.png\"},{\"@type\":\"BreadcrumbList\",\"@id\":\"https:\/\/www.eurospand.com\/ro\/tratamente-anticorozive\/#breadcrumb\",\"itemListElement\":[{\"@type\":\"ListItem\",\"position\":1,\"name\":\"Home\",\"item\":\"https:\/\/www.eurospand.com\/ro\/\"},{\"@type\":\"ListItem\",\"position\":2,\"name\":\"Tratamente Anticorozive\"}]},{\"@type\":\"WebSite\",\"@id\":\"https:\/\/www.eurospand.com\/ro\/#website\",\"url\":\"https:\/\/www.eurospand.com\/ro\/\",\"name\":\"Eurospand - Spandiconcime\",\"description\":\"Spandiconcime\",\"publisher\":{\"@id\":\"https:\/\/www.eurospand.com\/ro\/#organization\"},\"alternateName\":\"Eurospand\",\"potentialAction\":[{\"@type\":\"SearchAction\",\"target\":{\"@type\":\"EntryPoint\",\"urlTemplate\":\"https:\/\/www.eurospand.com\/ro\/?s={search_term_string}\"},\"query-input\":{\"@type\":\"PropertyValueSpecification\",\"valueRequired\":true,\"valueName\":\"search_term_string\"}}],\"inLanguage\":\"ro-RO\"},{\"@type\":\"Organization\",\"@id\":\"https:\/\/www.eurospand.com\/ro\/#organization\",\"name\":\"Eurospand - Spandiconcime\",\"alternateName\":\"Eurospand\",\"url\":\"https:\/\/www.eurospand.com\/ro\/\",\"logo\":{\"@type\":\"ImageObject\",\"inLanguage\":\"ro-RO\",\"@id\":\"https:\/\/www.eurospand.com\/ro\/#\/schema\/logo\/image\/\",\"url\":\"https:\/\/www.eurospand.com\/wp-content\/uploads\/2024\/07\/eurospand-logo.svg\",\"contentUrl\":\"https:\/\/www.eurospand.com\/wp-content\/uploads\/2024\/07\/eurospand-logo.svg\",\"caption\":\"Eurospand - Spandiconcime\"},\"image\":{\"@id\":\"https:\/\/www.eurospand.com\/ro\/#\/schema\/logo\/image\/\"},\"sameAs\":[\"https:\/\/www.instagram.com\/eurospand_cavallo\/\",\"https:\/\/www.youtube.com\/channel\/UCXxWUu_8sG6Cka0HVwYU3aA\"]}]}<\/script>\n<!-- \/ Yoast SEO plugin. -->","yoast_head_json":{"title":"Tratamente Anticorozive - Eurospand","robots":{"index":"index","follow":"follow","max-snippet":"max-snippet:-1","max-image-preview":"max-image-preview:large","max-video-preview":"max-video-preview:-1"},"canonical":"https:\/\/www.eurospand.com\/ro\/tratamente-anticorozive\/","og_locale":"ro_RO","og_type":"article","og_title":"Tratamente Anticorozive - Eurospand","og_description":"TRATAMENTE ANTICOROZIVE Toate p\u0103r\u0163ile de metal care nu sunt din inox sunt sablate \u00een mod mecanic \u00eentr-un dispozitiv automatic. Prima aplicare prin pulbere \u015fi arderea la 220\u02da C a unui strat cu zinc (primer), protejeaz\u0103 suprafa\u0163a \u015fi ajut\u0103 aderen\u0163a smal\u0163ului final. A doua \u015fi ultima aplicare prin pulbere a unui smal\u0163 cu ardere la 220 [&hellip;]","og_url":"https:\/\/www.eurospand.com\/ro\/tratamente-anticorozive\/","og_site_name":"Eurospand","article_publisher":"https:\/\/www.instagram.com\/eurospand_cavallo\/","article_modified_time":"2024-10-28T09:27:27+00:00","og_image":[{"url":"https:\/\/eurospand.com\/wp-content\/uploads\/2024\/08\/eurospand-lamierino-vernice.png","type":"","width":"","height":""}],"twitter_card":"summary_large_image","schema":{"@context":"https:\/\/schema.org","@graph":[{"@type":"WebPage","@id":"https:\/\/www.eurospand.com\/ro\/tratamente-anticorozive\/","url":"https:\/\/www.eurospand.com\/ro\/tratamente-anticorozive\/","name":"Tratamente Anticorozive - Eurospand","isPartOf":{"@id":"https:\/\/www.eurospand.com\/ro\/#website"},"primaryImageOfPage":{"@id":"https:\/\/www.eurospand.com\/ro\/tratamente-anticorozive\/#primaryimage"},"image":{"@id":"https:\/\/www.eurospand.com\/ro\/tratamente-anticorozive\/#primaryimage"},"thumbnailUrl":"https:\/\/eurospand.com\/wp-content\/uploads\/2024\/08\/eurospand-lamierino-vernice.png","datePublished":"2024-08-23T08:31:31+00:00","dateModified":"2024-10-28T09:27:27+00:00","breadcrumb":{"@id":"https:\/\/www.eurospand.com\/ro\/tratamente-anticorozive\/#breadcrumb"},"inLanguage":"ro-RO","potentialAction":[{"@type":"ReadAction","target":["https:\/\/www.eurospand.com\/ro\/tratamente-anticorozive\/"]}]},{"@type":"ImageObject","inLanguage":"ro-RO","@id":"https:\/\/www.eurospand.com\/ro\/tratamente-anticorozive\/#primaryimage","url":"https:\/\/eurospand.com\/wp-content\/uploads\/2024\/08\/eurospand-lamierino-vernice.png","contentUrl":"https:\/\/eurospand.com\/wp-content\/uploads\/2024\/08\/eurospand-lamierino-vernice.png"},{"@type":"BreadcrumbList","@id":"https:\/\/www.eurospand.com\/ro\/tratamente-anticorozive\/#breadcrumb","itemListElement":[{"@type":"ListItem","position":1,"name":"Home","item":"https:\/\/www.eurospand.com\/ro\/"},{"@type":"ListItem","position":2,"name":"Tratamente Anticorozive"}]},{"@type":"WebSite","@id":"https:\/\/www.eurospand.com\/ro\/#website","url":"https:\/\/www.eurospand.com\/ro\/","name":"Eurospand - Spandiconcime","description":"Spandiconcime","publisher":{"@id":"https:\/\/www.eurospand.com\/ro\/#organization"},"alternateName":"Eurospand","potentialAction":[{"@type":"SearchAction","target":{"@type":"EntryPoint","urlTemplate":"https:\/\/www.eurospand.com\/ro\/?s={search_term_string}"},"query-input":{"@type":"PropertyValueSpecification","valueRequired":true,"valueName":"search_term_string"}}],"inLanguage":"ro-RO"},{"@type":"Organization","@id":"https:\/\/www.eurospand.com\/ro\/#organization","name":"Eurospand - Spandiconcime","alternateName":"Eurospand","url":"https:\/\/www.eurospand.com\/ro\/","logo":{"@type":"ImageObject","inLanguage":"ro-RO","@id":"https:\/\/www.eurospand.com\/ro\/#\/schema\/logo\/image\/","url":"https:\/\/www.eurospand.com\/wp-content\/uploads\/2024\/07\/eurospand-logo.svg","contentUrl":"https:\/\/www.eurospand.com\/wp-content\/uploads\/2024\/07\/eurospand-logo.svg","caption":"Eurospand - Spandiconcime"},"image":{"@id":"https:\/\/www.eurospand.com\/ro\/#\/schema\/logo\/image\/"},"sameAs":["https:\/\/www.instagram.com\/eurospand_cavallo\/","https:\/\/www.youtube.com\/channel\/UCXxWUu_8sG6Cka0HVwYU3aA"]}]}},"_links":{"self":[{"href":"https:\/\/www.eurospand.com\/ro\/wp-json\/wp\/v2\/pages\/17821","targetHints":{"allow":["GET"]}}],"collection":[{"href":"https:\/\/www.eurospand.com\/ro\/wp-json\/wp\/v2\/pages"}],"about":[{"href":"https:\/\/www.eurospand.com\/ro\/wp-json\/wp\/v2\/types\/page"}],"author":[{"embeddable":true,"href":"https:\/\/www.eurospand.com\/ro\/wp-json\/wp\/v2\/users\/1"}],"replies":[{"embeddable":true,"href":"https:\/\/www.eurospand.com\/ro\/wp-json\/wp\/v2\/comments?post=17821"}],"version-history":[{"count":1,"href":"https:\/\/www.eurospand.com\/ro\/wp-json\/wp\/v2\/pages\/17821\/revisions"}],"predecessor-version":[{"id":17827,"href":"https:\/\/www.eurospand.com\/ro\/wp-json\/wp\/v2\/pages\/17821\/revisions\/17827"}],"wp:attachment":[{"href":"https:\/\/www.eurospand.com\/ro\/wp-json\/wp\/v2\/media?parent=17821"}],"curies":[{"name":"wp","href":"https:\/\/api.w.org\/{rel}","templated":true}]}}