{"id":17817,"date":"2024-08-23T09:59:52","date_gmt":"2024-08-23T07:59:52","guid":{"rendered":"https:\/\/staging.eurospand.com\/otel-inoxidabil\/"},"modified":"2024-10-28T10:23:14","modified_gmt":"2024-10-28T09:23:14","slug":"otel-inoxidabil","status":"publish","type":"page","link":"https:\/\/www.eurospand.com\/ro\/otel-inoxidabil\/","title":{"rendered":"O\u021bel Inoxidabil"},"content":{"rendered":"\t\t<div data-elementor-type=\"wp-page\" data-elementor-id=\"17817\" class=\"elementor elementor-17817 elementor-3078\" data-elementor-settings=\"{&quot;ha_cmc_init_switcher&quot;:&quot;no&quot;}\" data-elementor-post-type=\"page\">\n\t\t\t\t<div class=\"elementor-element elementor-element-6a4facdb e-con-full e-flex e-con e-parent\" data-id=\"6a4facdb\" data-element_type=\"container\" data-e-type=\"container\" data-settings=\"{&quot;background_background&quot;:&quot;classic&quot;,&quot;_ha_eqh_enable&quot;:false}\">\n\t\t<div class=\"elementor-element elementor-element-33ac01e6 e-con-full e-flex e-con e-child\" data-id=\"33ac01e6\" data-element_type=\"container\" data-e-type=\"container\" data-settings=\"{&quot;background_background&quot;:&quot;classic&quot;,&quot;_ha_eqh_enable&quot;:false}\">\n\t\t\t\t<\/div>\n\t\t<div class=\"elementor-element elementor-element-34a1ddf4 e-con-full e-flex e-con e-child\" data-id=\"34a1ddf4\" data-element_type=\"container\" data-e-type=\"container\" data-settings=\"{&quot;_ha_eqh_enable&quot;:false}\">\n\t\t\t\t<div class=\"elementor-element elementor-element-1d16f2c5 elementor-view-default elementor-invisible elementor-widget elementor-widget-icon\" data-id=\"1d16f2c5\" data-element_type=\"widget\" data-e-type=\"widget\" data-settings=\"{&quot;_animation&quot;:&quot;fadeInDown&quot;}\" data-widget_type=\"icon.default\">\n\t\t\t\t<div class=\"elementor-widget-container\">\n\t\t\t\t\t\t\t<div class=\"elementor-icon-wrapper\">\n\t\t\t<div class=\"elementor-icon\">\n\t\t\t<svg xmlns=\"http:\/\/www.w3.org\/2000\/svg\" xmlns:xlink=\"http:\/\/www.w3.org\/1999\/xlink\" id=\"Livello_1\" x=\"0px\" y=\"0px\" width=\"90px\" height=\"85px\" viewBox=\"0 0 90 85\" xml:space=\"preserve\"> <path fill-rule=\"evenodd\" clip-rule=\"evenodd\" d=\"M21.388,74.44h3.14V62.654h-3.14V74.44z M28.615,74.44h2.887l-0.101-8.056 l4.154,8.056h3.9V62.654h-2.87l0.051,8.004l-4.019-8.004h-4.002V74.44z M42.947,68.547c0,3.748,2.06,6.095,5.911,6.095 c3.85,0,5.909-2.347,5.909-6.095c0-3.783-2.026-6.096-5.909-6.096C44.973,62.451,42.947,64.764,42.947,68.547z M46.189,68.547 c0-2.043,0.76-3.766,2.668-3.766c1.907,0,2.668,1.723,2.668,3.766c0,1.942-0.761,3.765-2.668,3.765 C46.949,72.312,46.189,70.489,46.189,68.547z M57.279,74.44h3.562l2.262-4.341l2.28,4.341h3.748l-3.782-6.197l3.445-5.589H65.35 l-2.025,3.884l-1.977-3.884h-3.664l3.411,5.589L57.279,74.44z M78.727,43.708v30.325c0,6.055-4.907,10.963-10.963,10.963H37.44 v-1.982l30.324-0.001c4.96,0,8.981-4.02,8.981-8.979V43.708H78.727z M11.279,58.835V28.51c0-6.054,4.908-10.962,10.963-10.962 h30.324v1.982H22.242c-4.96,0-8.981,4.021-8.981,8.98v30.325H11.279z M50.646,43.902v1.704c-4.132,0-5.988,5.37-5.988,10.55h-1.702 c0-5.18-1.867-10.562-5.998-10.562v-1.702c4.131,0,5.998-5.371,5.998-10.551h1.702C44.658,38.521,46.515,43.902,50.646,43.902z M43.802,50.193c0.692-2.276,1.86-4.341,3.692-5.445c-1.832-1.105-3-3.168-3.692-5.444c-0.692,2.276-1.861,4.339-3.692,5.444 C41.941,45.853,43.11,47.917,43.802,50.193z M61.255,35.923v1.702c-2.398,0-3.636,3.183-3.636,6.63h-1.703 c0-3.447-1.244-6.637-3.642-6.637v-1.702c2.397,0,3.642-3.182,3.642-6.629h1.703C57.619,32.734,58.856,35.923,61.255,35.923z M56.764,39.459c0.427-1.076,1.038-2.039,1.893-2.688c-0.854-0.649-1.466-1.613-1.893-2.688c-0.426,1.075-1.038,2.039-1.892,2.688 C55.726,37.42,56.338,38.383,56.764,39.459z M38.1,30.936v1.702c-1.994,0-2.42,3.195-2.42,4.602h-1.702 c0-1.407-0.432-4.606-2.426-4.606v-1.703c1.994,0,2.426-3.194,2.426-4.602h1.702C35.68,27.737,36.106,30.936,38.1,30.936z M34.826,33.186c0.265-0.538,0.601-1.022,1.022-1.401c-0.421-0.38-0.757-0.863-1.022-1.401c-0.265,0.538-0.601,1.021-1.022,1.401 C34.225,32.165,34.561,32.648,34.826,33.186z\"><\/path> <\/svg>\t\t\t<\/div>\n\t\t<\/div>\n\t\t\t\t\t\t<\/div>\n\t\t\t\t<\/div>\n\t\t\t\t<div class=\"elementor-element elementor-element-2bddaa0a elementor-invisible elementor-widget elementor-widget-heading\" data-id=\"2bddaa0a\" data-element_type=\"widget\" data-e-type=\"widget\" data-settings=\"{&quot;_animation&quot;:&quot;fadeInUp&quot;}\" data-widget_type=\"heading.default\">\n\t\t\t\t<div class=\"elementor-widget-container\">\n\t\t\t\t\t<h1 class=\"elementor-heading-title elementor-size-default\">O\u021aEL <br>INOXIDABIL<\/h1>\t\t\t\t<\/div>\n\t\t\t\t<\/div>\n\t\t\t\t<div class=\"elementor-element elementor-element-618d5e15 elementor-widget__width-initial elementor-invisible elementor-widget elementor-widget-text-editor\" data-id=\"618d5e15\" data-element_type=\"widget\" data-e-type=\"widget\" data-settings=\"{&quot;_animation&quot;:&quot;fadeIn&quot;}\" data-widget_type=\"text-editor.default\">\n\t\t\t\t<div class=\"elementor-widget-container\">\n\t\t\t\t\t\t\t\t\t<div class=\"page\" title=\"Page 5\">\n<div class=\"layoutArea\">\n<div class=\"column\">Toate componentele din sistemul de <strong>alimentare, dozare, distribuire<\/strong> \u015fi toate \u015furuburile sunt <strong>din o\u0163el inoxidabil<\/strong>, \u015fi garanteaz\u0103 utilajului o via\u0163\u0103 lung\u0103. <\/p>\n<\/div>\n<\/div>\n<\/div>\n\t\t\t\t\t\t\t\t<\/div>\n\t\t\t\t<\/div>\n\t\t\t\t<\/div>\n\t\t\t\t<\/div>\n\t\t<div class=\"elementor-element elementor-element-69b01655 e-con-full e-flex e-con e-parent\" data-id=\"69b01655\" data-element_type=\"container\" data-e-type=\"container\" data-settings=\"{&quot;background_background&quot;:&quot;classic&quot;,&quot;_ha_eqh_enable&quot;:false}\">\n\t\t<div class=\"elementor-element elementor-element-44c387f e-con-full e-flex e-con e-child\" data-id=\"44c387f\" data-element_type=\"container\" data-e-type=\"container\" data-settings=\"{&quot;_ha_eqh_enable&quot;:false}\">\n\t\t\t\t<div class=\"elementor-element elementor-element-e493e8d elementor-widget__width-initial elementor-invisible elementor-widget elementor-widget-text-editor\" data-id=\"e493e8d\" data-element_type=\"widget\" data-e-type=\"widget\" data-settings=\"{&quot;_animation&quot;:&quot;fadeIn&quot;}\" data-widget_type=\"text-editor.default\">\n\t\t\t\t<div class=\"elementor-widget-container\">\n\t\t\t\t\t\t\t\t\t<p>Toate modelele sunt disponibile \u015fi cu <strong>bunc\u0103r<\/strong> \u015fi <strong>\u00een\u0103l\u0163\u0103toare<\/strong> de inox.<\/p>\n\t\t\t\t\t\t\t\t<\/div>\n\t\t\t\t<\/div>\n\t\t\t\t<\/div>\n\t\t<div class=\"elementor-element elementor-element-55760d91 e-con-full e-flex e-con e-child\" data-id=\"55760d91\" data-element_type=\"container\" data-e-type=\"container\" data-settings=\"{&quot;background_background&quot;:&quot;classic&quot;,&quot;_ha_eqh_enable&quot;:false}\">\n\t\t\t\t<div class=\"elementor-element elementor-element-aefa262 elementor-widget elementor-widget-image\" data-id=\"aefa262\" data-element_type=\"widget\" data-e-type=\"widget\" data-widget_type=\"image.default\">\n\t\t\t\t<div class=\"elementor-widget-container\">\n\t\t\t\t\t\t\t\t\t\t\t\t\t\t\t<img fetchpriority=\"high\" decoding=\"async\" width=\"1050\" height=\"1000\" src=\"https:\/\/www.eurospand.com\/wp-content\/uploads\/2024\/08\/eurospand-acciaio-inox-render.png\" class=\"attachment-full size-full wp-image-17819\" alt=\"Spandiconcime profesional Eurospand cu design avansat pentru agricultur\u0103 eficient\u0103.\" srcset=\"https:\/\/www.eurospand.com\/wp-content\/uploads\/2024\/08\/eurospand-acciaio-inox-render.png 1050w, https:\/\/www.eurospand.com\/wp-content\/uploads\/2024\/08\/eurospand-acciaio-inox-render-300x286.png 300w, https:\/\/www.eurospand.com\/wp-content\/uploads\/2024\/08\/eurospand-acciaio-inox-render-1024x975.png 1024w, https:\/\/www.eurospand.com\/wp-content\/uploads\/2024\/08\/eurospand-acciaio-inox-render-768x731.png 768w\" sizes=\"(max-width: 1050px) 100vw, 1050px\" \/>\t\t\t\t\t\t\t\t\t\t\t\t\t\t\t<\/div>\n\t\t\t\t<\/div>\n\t\t\t\t<\/div>\n\t\t\t\t<\/div>\n\t\t\t\t<\/div>\n\t\t","protected":false},"excerpt":{"rendered":"<p>O\u021aEL INOXIDABIL Toate componentele din sistemul de alimentare, dozare, distribuire \u015fi toate \u015furuburile sunt din o\u0163el inoxidabil, \u015fi garanteaz\u0103 utilajului o via\u0163\u0103 lung\u0103. Toate modelele sunt disponibile \u015fi cu bunc\u0103r \u015fi \u00een\u0103l\u0163\u0103toare de inox.<\/p>\n","protected":false},"author":1,"featured_media":0,"parent":0,"menu_order":0,"comment_status":"closed","ping_status":"closed","template":"","meta":{"cybocfi_hide_featured_image":"","footnotes":""},"class_list":["post-17817","page","type-page","status-publish","hentry"],"yoast_head":"<!-- This site is optimized with the Yoast SEO plugin v27.2 - https:\/\/yoast.com\/product\/yoast-seo-wordpress\/ -->\n<title>O\u021bel Inoxidabil - Eurospand<\/title>\n<meta name=\"robots\" content=\"index, follow, max-snippet:-1, max-image-preview:large, max-video-preview:-1\" \/>\n<link rel=\"canonical\" href=\"https:\/\/www.eurospand.com\/ro\/otel-inoxidabil\/\" \/>\n<meta property=\"og:locale\" content=\"ro_RO\" \/>\n<meta property=\"og:type\" content=\"article\" \/>\n<meta property=\"og:title\" content=\"O\u021bel Inoxidabil - Eurospand\" \/>\n<meta property=\"og:description\" content=\"O\u021aEL INOXIDABIL Toate componentele din sistemul de alimentare, dozare, distribuire \u015fi toate \u015furuburile sunt din o\u0163el inoxidabil, \u015fi garanteaz\u0103 utilajului o via\u0163\u0103 lung\u0103. Toate modelele sunt disponibile \u015fi cu bunc\u0103r \u015fi \u00een\u0103l\u0163\u0103toare de inox.\" \/>\n<meta property=\"og:url\" content=\"https:\/\/www.eurospand.com\/ro\/otel-inoxidabil\/\" \/>\n<meta property=\"og:site_name\" content=\"Eurospand\" \/>\n<meta property=\"article:publisher\" content=\"https:\/\/www.instagram.com\/eurospand_cavallo\/\" \/>\n<meta property=\"article:modified_time\" content=\"2024-10-28T09:23:14+00:00\" \/>\n<meta property=\"og:image\" content=\"https:\/\/eurospand.com\/wp-content\/uploads\/2024\/08\/eurospand-acciaio-inox-render.png\" \/>\n<meta name=\"twitter:card\" content=\"summary_large_image\" \/>\n<script type=\"application\/ld+json\" class=\"yoast-schema-graph\">{\"@context\":\"https:\/\/schema.org\",\"@graph\":[{\"@type\":\"WebPage\",\"@id\":\"https:\/\/www.eurospand.com\/ro\/otel-inoxidabil\/\",\"url\":\"https:\/\/www.eurospand.com\/ro\/otel-inoxidabil\/\",\"name\":\"O\u021bel Inoxidabil - Eurospand\",\"isPartOf\":{\"@id\":\"https:\/\/www.eurospand.com\/ro\/#website\"},\"primaryImageOfPage\":{\"@id\":\"https:\/\/www.eurospand.com\/ro\/otel-inoxidabil\/#primaryimage\"},\"image\":{\"@id\":\"https:\/\/www.eurospand.com\/ro\/otel-inoxidabil\/#primaryimage\"},\"thumbnailUrl\":\"https:\/\/eurospand.com\/wp-content\/uploads\/2024\/08\/eurospand-acciaio-inox-render.png\",\"datePublished\":\"2024-08-23T07:59:52+00:00\",\"dateModified\":\"2024-10-28T09:23:14+00:00\",\"breadcrumb\":{\"@id\":\"https:\/\/www.eurospand.com\/ro\/otel-inoxidabil\/#breadcrumb\"},\"inLanguage\":\"ro-RO\",\"potentialAction\":[{\"@type\":\"ReadAction\",\"target\":[\"https:\/\/www.eurospand.com\/ro\/otel-inoxidabil\/\"]}]},{\"@type\":\"ImageObject\",\"inLanguage\":\"ro-RO\",\"@id\":\"https:\/\/www.eurospand.com\/ro\/otel-inoxidabil\/#primaryimage\",\"url\":\"https:\/\/eurospand.com\/wp-content\/uploads\/2024\/08\/eurospand-acciaio-inox-render.png\",\"contentUrl\":\"https:\/\/eurospand.com\/wp-content\/uploads\/2024\/08\/eurospand-acciaio-inox-render.png\"},{\"@type\":\"BreadcrumbList\",\"@id\":\"https:\/\/www.eurospand.com\/ro\/otel-inoxidabil\/#breadcrumb\",\"itemListElement\":[{\"@type\":\"ListItem\",\"position\":1,\"name\":\"Home\",\"item\":\"https:\/\/www.eurospand.com\/ro\/\"},{\"@type\":\"ListItem\",\"position\":2,\"name\":\"O\u021bel Inoxidabil\"}]},{\"@type\":\"WebSite\",\"@id\":\"https:\/\/www.eurospand.com\/ro\/#website\",\"url\":\"https:\/\/www.eurospand.com\/ro\/\",\"name\":\"Eurospand - Spandiconcime\",\"description\":\"Spandiconcime\",\"publisher\":{\"@id\":\"https:\/\/www.eurospand.com\/ro\/#organization\"},\"alternateName\":\"Eurospand\",\"potentialAction\":[{\"@type\":\"SearchAction\",\"target\":{\"@type\":\"EntryPoint\",\"urlTemplate\":\"https:\/\/www.eurospand.com\/ro\/?s={search_term_string}\"},\"query-input\":{\"@type\":\"PropertyValueSpecification\",\"valueRequired\":true,\"valueName\":\"search_term_string\"}}],\"inLanguage\":\"ro-RO\"},{\"@type\":\"Organization\",\"@id\":\"https:\/\/www.eurospand.com\/ro\/#organization\",\"name\":\"Eurospand - Spandiconcime\",\"alternateName\":\"Eurospand\",\"url\":\"https:\/\/www.eurospand.com\/ro\/\",\"logo\":{\"@type\":\"ImageObject\",\"inLanguage\":\"ro-RO\",\"@id\":\"https:\/\/www.eurospand.com\/ro\/#\/schema\/logo\/image\/\",\"url\":\"https:\/\/www.eurospand.com\/wp-content\/uploads\/2024\/07\/eurospand-logo.svg\",\"contentUrl\":\"https:\/\/www.eurospand.com\/wp-content\/uploads\/2024\/07\/eurospand-logo.svg\",\"caption\":\"Eurospand - Spandiconcime\"},\"image\":{\"@id\":\"https:\/\/www.eurospand.com\/ro\/#\/schema\/logo\/image\/\"},\"sameAs\":[\"https:\/\/www.instagram.com\/eurospand_cavallo\/\",\"https:\/\/www.youtube.com\/channel\/UCXxWUu_8sG6Cka0HVwYU3aA\"]}]}<\/script>\n<!-- \/ Yoast SEO plugin. -->","yoast_head_json":{"title":"O\u021bel Inoxidabil - Eurospand","robots":{"index":"index","follow":"follow","max-snippet":"max-snippet:-1","max-image-preview":"max-image-preview:large","max-video-preview":"max-video-preview:-1"},"canonical":"https:\/\/www.eurospand.com\/ro\/otel-inoxidabil\/","og_locale":"ro_RO","og_type":"article","og_title":"O\u021bel Inoxidabil - Eurospand","og_description":"O\u021aEL INOXIDABIL Toate componentele din sistemul de alimentare, dozare, distribuire \u015fi toate \u015furuburile sunt din o\u0163el inoxidabil, \u015fi garanteaz\u0103 utilajului o via\u0163\u0103 lung\u0103. Toate modelele sunt disponibile \u015fi cu bunc\u0103r \u015fi \u00een\u0103l\u0163\u0103toare de inox.","og_url":"https:\/\/www.eurospand.com\/ro\/otel-inoxidabil\/","og_site_name":"Eurospand","article_publisher":"https:\/\/www.instagram.com\/eurospand_cavallo\/","article_modified_time":"2024-10-28T09:23:14+00:00","og_image":[{"url":"https:\/\/eurospand.com\/wp-content\/uploads\/2024\/08\/eurospand-acciaio-inox-render.png","type":"","width":"","height":""}],"twitter_card":"summary_large_image","schema":{"@context":"https:\/\/schema.org","@graph":[{"@type":"WebPage","@id":"https:\/\/www.eurospand.com\/ro\/otel-inoxidabil\/","url":"https:\/\/www.eurospand.com\/ro\/otel-inoxidabil\/","name":"O\u021bel Inoxidabil - Eurospand","isPartOf":{"@id":"https:\/\/www.eurospand.com\/ro\/#website"},"primaryImageOfPage":{"@id":"https:\/\/www.eurospand.com\/ro\/otel-inoxidabil\/#primaryimage"},"image":{"@id":"https:\/\/www.eurospand.com\/ro\/otel-inoxidabil\/#primaryimage"},"thumbnailUrl":"https:\/\/eurospand.com\/wp-content\/uploads\/2024\/08\/eurospand-acciaio-inox-render.png","datePublished":"2024-08-23T07:59:52+00:00","dateModified":"2024-10-28T09:23:14+00:00","breadcrumb":{"@id":"https:\/\/www.eurospand.com\/ro\/otel-inoxidabil\/#breadcrumb"},"inLanguage":"ro-RO","potentialAction":[{"@type":"ReadAction","target":["https:\/\/www.eurospand.com\/ro\/otel-inoxidabil\/"]}]},{"@type":"ImageObject","inLanguage":"ro-RO","@id":"https:\/\/www.eurospand.com\/ro\/otel-inoxidabil\/#primaryimage","url":"https:\/\/eurospand.com\/wp-content\/uploads\/2024\/08\/eurospand-acciaio-inox-render.png","contentUrl":"https:\/\/eurospand.com\/wp-content\/uploads\/2024\/08\/eurospand-acciaio-inox-render.png"},{"@type":"BreadcrumbList","@id":"https:\/\/www.eurospand.com\/ro\/otel-inoxidabil\/#breadcrumb","itemListElement":[{"@type":"ListItem","position":1,"name":"Home","item":"https:\/\/www.eurospand.com\/ro\/"},{"@type":"ListItem","position":2,"name":"O\u021bel Inoxidabil"}]},{"@type":"WebSite","@id":"https:\/\/www.eurospand.com\/ro\/#website","url":"https:\/\/www.eurospand.com\/ro\/","name":"Eurospand - Spandiconcime","description":"Spandiconcime","publisher":{"@id":"https:\/\/www.eurospand.com\/ro\/#organization"},"alternateName":"Eurospand","potentialAction":[{"@type":"SearchAction","target":{"@type":"EntryPoint","urlTemplate":"https:\/\/www.eurospand.com\/ro\/?s={search_term_string}"},"query-input":{"@type":"PropertyValueSpecification","valueRequired":true,"valueName":"search_term_string"}}],"inLanguage":"ro-RO"},{"@type":"Organization","@id":"https:\/\/www.eurospand.com\/ro\/#organization","name":"Eurospand - Spandiconcime","alternateName":"Eurospand","url":"https:\/\/www.eurospand.com\/ro\/","logo":{"@type":"ImageObject","inLanguage":"ro-RO","@id":"https:\/\/www.eurospand.com\/ro\/#\/schema\/logo\/image\/","url":"https:\/\/www.eurospand.com\/wp-content\/uploads\/2024\/07\/eurospand-logo.svg","contentUrl":"https:\/\/www.eurospand.com\/wp-content\/uploads\/2024\/07\/eurospand-logo.svg","caption":"Eurospand - Spandiconcime"},"image":{"@id":"https:\/\/www.eurospand.com\/ro\/#\/schema\/logo\/image\/"},"sameAs":["https:\/\/www.instagram.com\/eurospand_cavallo\/","https:\/\/www.youtube.com\/channel\/UCXxWUu_8sG6Cka0HVwYU3aA"]}]}},"_links":{"self":[{"href":"https:\/\/www.eurospand.com\/ro\/wp-json\/wp\/v2\/pages\/17817","targetHints":{"allow":["GET"]}}],"collection":[{"href":"https:\/\/www.eurospand.com\/ro\/wp-json\/wp\/v2\/pages"}],"about":[{"href":"https:\/\/www.eurospand.com\/ro\/wp-json\/wp\/v2\/types\/page"}],"author":[{"embeddable":true,"href":"https:\/\/www.eurospand.com\/ro\/wp-json\/wp\/v2\/users\/1"}],"replies":[{"embeddable":true,"href":"https:\/\/www.eurospand.com\/ro\/wp-json\/wp\/v2\/comments?post=17817"}],"version-history":[{"count":1,"href":"https:\/\/www.eurospand.com\/ro\/wp-json\/wp\/v2\/pages\/17817\/revisions"}],"predecessor-version":[{"id":17820,"href":"https:\/\/www.eurospand.com\/ro\/wp-json\/wp\/v2\/pages\/17817\/revisions\/17820"}],"wp:attachment":[{"href":"https:\/\/www.eurospand.com\/ro\/wp-json\/wp\/v2\/media?parent=17817"}],"curies":[{"name":"wp","href":"https:\/\/api.w.org\/{rel}","templated":true}]}}