{"id":13630,"date":"2024-08-24T10:56:45","date_gmt":"2024-08-24T08:56:45","guid":{"rendered":"https:\/\/staging.eurospand.com\/pesage-electronique\/"},"modified":"2024-10-25T11:03:09","modified_gmt":"2024-10-25T09:03:09","slug":"pesage-electronique","status":"publish","type":"page","link":"https:\/\/www.eurospand.com\/fr\/pesage-electronique\/","title":{"rendered":"Pesage \u00e9lectronique"},"content":{"rendered":"\t\t<div data-elementor-type=\"wp-page\" data-elementor-id=\"13630\" class=\"elementor elementor-13630 elementor-3233\" data-elementor-settings=\"{&quot;ha_cmc_init_switcher&quot;:&quot;no&quot;}\" data-elementor-post-type=\"page\">\n\t\t\t\t<div class=\"elementor-element elementor-element-7f902c92 e-con-full e-flex e-con e-parent\" data-id=\"7f902c92\" data-element_type=\"container\" data-e-type=\"container\" data-settings=\"{&quot;background_background&quot;:&quot;classic&quot;,&quot;_ha_eqh_enable&quot;:false}\">\n\t\t<div class=\"elementor-element elementor-element-1e1cca9 e-con-full e-flex e-con e-child\" data-id=\"1e1cca9\" data-element_type=\"container\" data-e-type=\"container\" data-settings=\"{&quot;background_background&quot;:&quot;classic&quot;,&quot;_ha_eqh_enable&quot;:false}\">\n\t\t\t\t<\/div>\n\t\t<div class=\"elementor-element elementor-element-243bb5fd e-con-full e-flex e-con e-child\" data-id=\"243bb5fd\" data-element_type=\"container\" data-e-type=\"container\" data-settings=\"{&quot;_ha_eqh_enable&quot;:false}\">\n\t\t\t\t<div class=\"elementor-element elementor-element-2efefdd8 elementor-view-default elementor-invisible elementor-widget elementor-widget-icon\" data-id=\"2efefdd8\" data-element_type=\"widget\" data-e-type=\"widget\" data-settings=\"{&quot;_animation&quot;:&quot;fadeInDown&quot;}\" data-widget_type=\"icon.default\">\n\t\t\t\t<div class=\"elementor-widget-container\">\n\t\t\t\t\t\t\t<div class=\"elementor-icon-wrapper\">\n\t\t\t<div class=\"elementor-icon\">\n\t\t\t<svg xmlns=\"http:\/\/www.w3.org\/2000\/svg\" xmlns:xlink=\"http:\/\/www.w3.org\/1999\/xlink\" id=\"Livello_1\" x=\"0px\" y=\"0px\" width=\"90px\" height=\"85px\" viewBox=\"0 0 90 85\" xml:space=\"preserve\"> <path d=\"M78.709,48.723v25.318c0,6.05-4.904,10.955-10.954,10.955H42.436v-1.982h25.319c4.955,0,8.972-4.017,8.972-8.973V48.723 H78.709 M34.179,68.327l-7.563-34.058h3.22l6.1,30.447l7.173-30.447h4.147l6.393,30.447l6.732-30.447h3.026l-7.856,34.058h-3.807 L45.06,37.685l-7.318,30.642H34.179z M11.128,63.492V52.367H0.003v-2.44h11.125V38.803h2.439v11.124h11.125v2.44H13.567v11.125 H11.128z M11.33,34.319v-5.64c0-6.071,4.922-10.993,10.993-10.993h9.742c1.304,0.148,1.845-0.068,1.764-1.453 c-0.37-1.15-0.569-2.376-0.569-3.646c0-6.568,5.324-11.893,11.894-11.893c6.567,0,11.893,5.325,11.893,11.893 c0,1.474-0.269,2.866-0.614,4.115l-1.909-0.527c0.315-1.146,0.542-2.351,0.542-3.588c0-5.474-4.438-9.911-9.911-9.911 c-5.474,0-9.911,4.437-9.911,9.911c0,1.133,0.188,2.184,0.546,3.256c0.206,2.655-1.137,4.108-3.833,3.825h-9.632 c-4.977,0-9.011,4.034-9.011,9.011v5.64H11.33z\"><\/path> <\/svg>\t\t\t<\/div>\n\t\t<\/div>\n\t\t\t\t\t\t<\/div>\n\t\t\t\t<\/div>\n\t\t\t\t<div class=\"elementor-element elementor-element-715596a7 elementor-invisible elementor-widget elementor-widget-heading\" data-id=\"715596a7\" data-element_type=\"widget\" data-e-type=\"widget\" data-settings=\"{&quot;_animation&quot;:&quot;fadeInUp&quot;}\" data-widget_type=\"heading.default\">\n\t\t\t\t<div class=\"elementor-widget-container\">\n\t\t\t\t\t<h1 class=\"elementor-heading-title elementor-size-default\">PESAGE<br>\u00c9LECTRONIQUE<\/h1>\t\t\t\t<\/div>\n\t\t\t\t<\/div>\n\t\t\t\t<div class=\"elementor-element elementor-element-6beb595a elementor-widget__width-initial elementor-invisible elementor-widget elementor-widget-text-editor\" data-id=\"6beb595a\" data-element_type=\"widget\" data-e-type=\"widget\" data-settings=\"{&quot;_animation&quot;:&quot;fadeIn&quot;}\" data-widget_type=\"text-editor.default\">\n\t\t\t\t<div class=\"elementor-widget-container\">\n\t\t\t\t\t\t\t\t\t<div class=\"page\" title=\"Page 5\">\n<div class=\"layoutArea\">\n<div class=\"column\">\n<div class=\"page\" title=\"Page 10\">\n<div class=\"layoutArea\">\n<div class=\"column\">\n<p>Les versions \u00ab +W \u00bb avec double ch\u00e2ssis int\u00e8grent <strong>deux cellules de chargement de 5000 kg<\/strong>, qui rel\u00e8vent en continu le poids r\u00e9el pr\u00e9sent dans la cuve, en rapportant chaque engrais et chaque variation physique \u00e0 une courbe de distribution afin de fournir la quantit\u00e9 hectare correcte demand\u00e9e.<\/p>\n<p>Une unit\u00e9 de contr\u00f4le avec <strong>inclinom\u00e8tre<\/strong> g\u00e8re les deux cellules plac\u00e9es dans la zone d\u2019attelage inf\u00e9rieur de la machine, <strong>d\u00e9tectant des valeurs sp\u00e9cifiques aussi sur des pentes allant jusqu\u2019au 12% dans toutes les directions<\/strong>.<\/p>\n<\/div>\n<\/div>\n<\/div>\n<\/div>\n<\/div>\n<\/div>\n\t\t\t\t\t\t\t\t<\/div>\n\t\t\t\t<\/div>\n\t\t\t\t<div class=\"elementor-element elementor-element-2f0de010 elementor-widget__width-initial elementor-widget elementor-widget-image\" data-id=\"2f0de010\" data-element_type=\"widget\" data-e-type=\"widget\" data-widget_type=\"image.default\">\n\t\t\t\t<div class=\"elementor-widget-container\">\n\t\t\t\t\t\t\t\t\t\t\t\t\t\t\t<img fetchpriority=\"high\" decoding=\"async\" width=\"403\" height=\"264\" src=\"https:\/\/www.eurospand.com\/wp-content\/uploads\/2024\/10\/eurospand-spandiconcime-schema-pesatura-elettronica.svg\" class=\"attachment-full size-full wp-image-13173\" alt=\"\" \/>\t\t\t\t\t\t\t\t\t\t\t\t\t\t\t<\/div>\n\t\t\t\t<\/div>\n\t\t\t\t<\/div>\n\t\t\t\t<\/div>\n\t\t\t\t<\/div>\n\t\t","protected":false},"excerpt":{"rendered":"<p>PESAGE\u00c9LECTRONIQUE Les versions \u00ab +W \u00bb avec double ch\u00e2ssis int\u00e8grent deux cellules de chargement de 5000 kg, qui rel\u00e8vent en continu le poids r\u00e9el pr\u00e9sent dans la cuve, en rapportant chaque engrais et chaque variation physique \u00e0 une courbe de distribution afin de fournir la quantit\u00e9 hectare correcte demand\u00e9e. Une unit\u00e9 de contr\u00f4le avec inclinom\u00e8tre [&hellip;]<\/p>\n","protected":false},"author":1,"featured_media":0,"parent":0,"menu_order":0,"comment_status":"closed","ping_status":"closed","template":"","meta":{"cybocfi_hide_featured_image":"","footnotes":""},"class_list":["post-13630","page","type-page","status-publish","hentry"],"yoast_head":"<!-- This site is optimized with the Yoast SEO plugin v27.2 - https:\/\/yoast.com\/product\/yoast-seo-wordpress\/ -->\n<title>Pesage \u00c9lectronique Pr\u00e9cis | Eurospand<\/title>\n<meta name=\"description\" content=\"D\u00e9couvrez le pesage \u00e9lectronique Eurospand : pr\u00e9cision avec double ch\u00e0\u00a2ssis, capteurs 5000 kg et gestion inclin\u00e9e jusqu&#039;\u00e0 12% pour une distribution optimale.\" \/>\n<meta name=\"robots\" content=\"index, follow, max-snippet:-1, max-image-preview:large, max-video-preview:-1\" \/>\n<link rel=\"canonical\" href=\"https:\/\/www.eurospand.com\/fr\/pesage-electronique\/\" \/>\n<meta property=\"og:locale\" content=\"fr_FR\" \/>\n<meta property=\"og:type\" content=\"article\" \/>\n<meta property=\"og:title\" content=\"Pesage \u00c9lectronique Pr\u00e9cis | Eurospand\" \/>\n<meta property=\"og:description\" content=\"D\u00e9couvrez le pesage \u00e9lectronique Eurospand : pr\u00e9cision avec double ch\u00e0\u00a2ssis, capteurs 5000 kg et gestion inclin\u00e9e jusqu&#039;\u00e0 12% pour une distribution optimale.\" \/>\n<meta property=\"og:url\" content=\"https:\/\/www.eurospand.com\/fr\/pesage-electronique\/\" \/>\n<meta property=\"og:site_name\" content=\"Eurospand\" \/>\n<meta property=\"article:publisher\" content=\"https:\/\/www.instagram.com\/eurospand_cavallo\/\" \/>\n<meta property=\"article:modified_time\" content=\"2024-10-25T09:03:09+00:00\" \/>\n<meta property=\"og:image\" content=\"https:\/\/eurospand.com\/wp-content\/uploads\/2024\/10\/eurospand-spandiconcime-schema-pesatura-elettronica.svg\" \/>\n<meta name=\"twitter:card\" content=\"summary_large_image\" \/>\n<script type=\"application\/ld+json\" class=\"yoast-schema-graph\">{\"@context\":\"https:\/\/schema.org\",\"@graph\":[{\"@type\":\"WebPage\",\"@id\":\"https:\/\/www.eurospand.com\/fr\/pesage-electronique\/\",\"url\":\"https:\/\/www.eurospand.com\/fr\/pesage-electronique\/\",\"name\":\"Pesage \u00c9lectronique Pr\u00e9cis | Eurospand\",\"isPartOf\":{\"@id\":\"https:\/\/www.eurospand.com\/fr\/#website\"},\"primaryImageOfPage\":{\"@id\":\"https:\/\/www.eurospand.com\/fr\/pesage-electronique\/#primaryimage\"},\"image\":{\"@id\":\"https:\/\/www.eurospand.com\/fr\/pesage-electronique\/#primaryimage\"},\"thumbnailUrl\":\"https:\/\/eurospand.com\/wp-content\/uploads\/2024\/10\/eurospand-spandiconcime-schema-pesatura-elettronica.svg\",\"datePublished\":\"2024-08-24T08:56:45+00:00\",\"dateModified\":\"2024-10-25T09:03:09+00:00\",\"description\":\"D\u00e9couvrez le pesage \u00e9lectronique Eurospand : pr\u00e9cision avec double ch\u00e0\u00a2ssis, capteurs 5000 kg et gestion inclin\u00e9e jusqu'\u00e0 12% pour une distribution optimale.\",\"breadcrumb\":{\"@id\":\"https:\/\/www.eurospand.com\/fr\/pesage-electronique\/#breadcrumb\"},\"inLanguage\":\"fr-FR\",\"potentialAction\":[{\"@type\":\"ReadAction\",\"target\":[\"https:\/\/www.eurospand.com\/fr\/pesage-electronique\/\"]}]},{\"@type\":\"ImageObject\",\"inLanguage\":\"fr-FR\",\"@id\":\"https:\/\/www.eurospand.com\/fr\/pesage-electronique\/#primaryimage\",\"url\":\"https:\/\/eurospand.com\/wp-content\/uploads\/2024\/10\/eurospand-spandiconcime-schema-pesatura-elettronica.svg\",\"contentUrl\":\"https:\/\/eurospand.com\/wp-content\/uploads\/2024\/10\/eurospand-spandiconcime-schema-pesatura-elettronica.svg\"},{\"@type\":\"BreadcrumbList\",\"@id\":\"https:\/\/www.eurospand.com\/fr\/pesage-electronique\/#breadcrumb\",\"itemListElement\":[{\"@type\":\"ListItem\",\"position\":1,\"name\":\"Home\",\"item\":\"https:\/\/www.eurospand.com\/fr\/\"},{\"@type\":\"ListItem\",\"position\":2,\"name\":\"Pesage \u00e9lectronique\"}]},{\"@type\":\"WebSite\",\"@id\":\"https:\/\/www.eurospand.com\/fr\/#website\",\"url\":\"https:\/\/www.eurospand.com\/fr\/\",\"name\":\"Eurospand - Spandiconcime\",\"description\":\"Spandiconcime\",\"publisher\":{\"@id\":\"https:\/\/www.eurospand.com\/fr\/#organization\"},\"alternateName\":\"Eurospand\",\"potentialAction\":[{\"@type\":\"SearchAction\",\"target\":{\"@type\":\"EntryPoint\",\"urlTemplate\":\"https:\/\/www.eurospand.com\/fr\/?s={search_term_string}\"},\"query-input\":{\"@type\":\"PropertyValueSpecification\",\"valueRequired\":true,\"valueName\":\"search_term_string\"}}],\"inLanguage\":\"fr-FR\"},{\"@type\":\"Organization\",\"@id\":\"https:\/\/www.eurospand.com\/fr\/#organization\",\"name\":\"Eurospand - Spandiconcime\",\"alternateName\":\"Eurospand\",\"url\":\"https:\/\/www.eurospand.com\/fr\/\",\"logo\":{\"@type\":\"ImageObject\",\"inLanguage\":\"fr-FR\",\"@id\":\"https:\/\/www.eurospand.com\/fr\/#\/schema\/logo\/image\/\",\"url\":\"https:\/\/www.eurospand.com\/wp-content\/uploads\/2024\/07\/eurospand-logo.svg\",\"contentUrl\":\"https:\/\/www.eurospand.com\/wp-content\/uploads\/2024\/07\/eurospand-logo.svg\",\"caption\":\"Eurospand - Spandiconcime\"},\"image\":{\"@id\":\"https:\/\/www.eurospand.com\/fr\/#\/schema\/logo\/image\/\"},\"sameAs\":[\"https:\/\/www.instagram.com\/eurospand_cavallo\/\",\"https:\/\/www.youtube.com\/channel\/UCXxWUu_8sG6Cka0HVwYU3aA\"]}]}<\/script>\n<!-- \/ Yoast SEO plugin. -->","yoast_head_json":{"title":"Pesage \u00c9lectronique Pr\u00e9cis | Eurospand","description":"D\u00e9couvrez le pesage \u00e9lectronique Eurospand : pr\u00e9cision avec double ch\u00e0\u00a2ssis, capteurs 5000 kg et gestion inclin\u00e9e jusqu'\u00e0 12% pour une distribution optimale.","robots":{"index":"index","follow":"follow","max-snippet":"max-snippet:-1","max-image-preview":"max-image-preview:large","max-video-preview":"max-video-preview:-1"},"canonical":"https:\/\/www.eurospand.com\/fr\/pesage-electronique\/","og_locale":"fr_FR","og_type":"article","og_title":"Pesage \u00c9lectronique Pr\u00e9cis | Eurospand","og_description":"D\u00e9couvrez le pesage \u00e9lectronique Eurospand : pr\u00e9cision avec double ch\u00e0\u00a2ssis, capteurs 5000 kg et gestion inclin\u00e9e jusqu'\u00e0 12% pour une distribution optimale.","og_url":"https:\/\/www.eurospand.com\/fr\/pesage-electronique\/","og_site_name":"Eurospand","article_publisher":"https:\/\/www.instagram.com\/eurospand_cavallo\/","article_modified_time":"2024-10-25T09:03:09+00:00","og_image":[{"url":"https:\/\/eurospand.com\/wp-content\/uploads\/2024\/10\/eurospand-spandiconcime-schema-pesatura-elettronica.svg","type":"","width":"","height":""}],"twitter_card":"summary_large_image","schema":{"@context":"https:\/\/schema.org","@graph":[{"@type":"WebPage","@id":"https:\/\/www.eurospand.com\/fr\/pesage-electronique\/","url":"https:\/\/www.eurospand.com\/fr\/pesage-electronique\/","name":"Pesage \u00c9lectronique Pr\u00e9cis | Eurospand","isPartOf":{"@id":"https:\/\/www.eurospand.com\/fr\/#website"},"primaryImageOfPage":{"@id":"https:\/\/www.eurospand.com\/fr\/pesage-electronique\/#primaryimage"},"image":{"@id":"https:\/\/www.eurospand.com\/fr\/pesage-electronique\/#primaryimage"},"thumbnailUrl":"https:\/\/eurospand.com\/wp-content\/uploads\/2024\/10\/eurospand-spandiconcime-schema-pesatura-elettronica.svg","datePublished":"2024-08-24T08:56:45+00:00","dateModified":"2024-10-25T09:03:09+00:00","description":"D\u00e9couvrez le pesage \u00e9lectronique Eurospand : pr\u00e9cision avec double ch\u00e0\u00a2ssis, capteurs 5000 kg et gestion inclin\u00e9e jusqu'\u00e0 12% pour une distribution optimale.","breadcrumb":{"@id":"https:\/\/www.eurospand.com\/fr\/pesage-electronique\/#breadcrumb"},"inLanguage":"fr-FR","potentialAction":[{"@type":"ReadAction","target":["https:\/\/www.eurospand.com\/fr\/pesage-electronique\/"]}]},{"@type":"ImageObject","inLanguage":"fr-FR","@id":"https:\/\/www.eurospand.com\/fr\/pesage-electronique\/#primaryimage","url":"https:\/\/eurospand.com\/wp-content\/uploads\/2024\/10\/eurospand-spandiconcime-schema-pesatura-elettronica.svg","contentUrl":"https:\/\/eurospand.com\/wp-content\/uploads\/2024\/10\/eurospand-spandiconcime-schema-pesatura-elettronica.svg"},{"@type":"BreadcrumbList","@id":"https:\/\/www.eurospand.com\/fr\/pesage-electronique\/#breadcrumb","itemListElement":[{"@type":"ListItem","position":1,"name":"Home","item":"https:\/\/www.eurospand.com\/fr\/"},{"@type":"ListItem","position":2,"name":"Pesage \u00e9lectronique"}]},{"@type":"WebSite","@id":"https:\/\/www.eurospand.com\/fr\/#website","url":"https:\/\/www.eurospand.com\/fr\/","name":"Eurospand - Spandiconcime","description":"Spandiconcime","publisher":{"@id":"https:\/\/www.eurospand.com\/fr\/#organization"},"alternateName":"Eurospand","potentialAction":[{"@type":"SearchAction","target":{"@type":"EntryPoint","urlTemplate":"https:\/\/www.eurospand.com\/fr\/?s={search_term_string}"},"query-input":{"@type":"PropertyValueSpecification","valueRequired":true,"valueName":"search_term_string"}}],"inLanguage":"fr-FR"},{"@type":"Organization","@id":"https:\/\/www.eurospand.com\/fr\/#organization","name":"Eurospand - Spandiconcime","alternateName":"Eurospand","url":"https:\/\/www.eurospand.com\/fr\/","logo":{"@type":"ImageObject","inLanguage":"fr-FR","@id":"https:\/\/www.eurospand.com\/fr\/#\/schema\/logo\/image\/","url":"https:\/\/www.eurospand.com\/wp-content\/uploads\/2024\/07\/eurospand-logo.svg","contentUrl":"https:\/\/www.eurospand.com\/wp-content\/uploads\/2024\/07\/eurospand-logo.svg","caption":"Eurospand - Spandiconcime"},"image":{"@id":"https:\/\/www.eurospand.com\/fr\/#\/schema\/logo\/image\/"},"sameAs":["https:\/\/www.instagram.com\/eurospand_cavallo\/","https:\/\/www.youtube.com\/channel\/UCXxWUu_8sG6Cka0HVwYU3aA"]}]}},"_links":{"self":[{"href":"https:\/\/www.eurospand.com\/fr\/wp-json\/wp\/v2\/pages\/13630","targetHints":{"allow":["GET"]}}],"collection":[{"href":"https:\/\/www.eurospand.com\/fr\/wp-json\/wp\/v2\/pages"}],"about":[{"href":"https:\/\/www.eurospand.com\/fr\/wp-json\/wp\/v2\/types\/page"}],"author":[{"embeddable":true,"href":"https:\/\/www.eurospand.com\/fr\/wp-json\/wp\/v2\/users\/1"}],"replies":[{"embeddable":true,"href":"https:\/\/www.eurospand.com\/fr\/wp-json\/wp\/v2\/comments?post=13630"}],"version-history":[{"count":7,"href":"https:\/\/www.eurospand.com\/fr\/wp-json\/wp\/v2\/pages\/13630\/revisions"}],"predecessor-version":[{"id":17112,"href":"https:\/\/www.eurospand.com\/fr\/wp-json\/wp\/v2\/pages\/13630\/revisions\/17112"}],"wp:attachment":[{"href":"https:\/\/www.eurospand.com\/fr\/wp-json\/wp\/v2\/media?parent=13630"}],"curies":[{"name":"wp","href":"https:\/\/api.w.org\/{rel}","templated":true}]}}