{"id":13596,"date":"2024-08-22T19:27:52","date_gmt":"2024-08-22T17:27:52","guid":{"rendered":"https:\/\/staging.eurospand.com\/commande-hydraulique\/"},"modified":"2024-10-25T10:41:58","modified_gmt":"2024-10-25T08:41:58","slug":"commande-hydraulique","status":"publish","type":"page","link":"https:\/\/www.eurospand.com\/fr\/commande-hydraulique\/","title":{"rendered":"Commande Hydraulique"},"content":{"rendered":"\t\t<div data-elementor-type=\"wp-page\" data-elementor-id=\"13596\" class=\"elementor elementor-13596 elementor-3018\" data-elementor-settings=\"{&quot;ha_cmc_init_switcher&quot;:&quot;no&quot;}\" data-elementor-post-type=\"page\">\n\t\t\t\t<div class=\"elementor-element elementor-element-9f699f3 e-con-full e-flex e-con e-parent\" data-id=\"9f699f3\" data-element_type=\"container\" data-e-type=\"container\" data-settings=\"{&quot;background_background&quot;:&quot;classic&quot;,&quot;_ha_eqh_enable&quot;:false}\">\n\t\t<div class=\"elementor-element elementor-element-f98453e e-con-full e-flex e-con e-child\" data-id=\"f98453e\" data-element_type=\"container\" data-e-type=\"container\" data-settings=\"{&quot;background_background&quot;:&quot;classic&quot;,&quot;_ha_eqh_enable&quot;:false}\">\n\t\t\t\t<\/div>\n\t\t<div class=\"elementor-element elementor-element-b92e855 e-con-full e-flex e-con e-child\" data-id=\"b92e855\" data-element_type=\"container\" data-e-type=\"container\" data-settings=\"{&quot;_ha_eqh_enable&quot;:false}\">\n\t\t\t\t<div class=\"elementor-element elementor-element-d405f89 elementor-view-default elementor-invisible elementor-widget elementor-widget-icon\" data-id=\"d405f89\" data-element_type=\"widget\" data-e-type=\"widget\" data-settings=\"{&quot;_animation&quot;:&quot;fadeInDown&quot;}\" data-widget_type=\"icon.default\">\n\t\t\t\t<div class=\"elementor-widget-container\">\n\t\t\t\t\t\t\t<div class=\"elementor-icon-wrapper\">\n\t\t\t<div class=\"elementor-icon\">\n\t\t\t<svg xmlns=\"http:\/\/www.w3.org\/2000\/svg\" xmlns:xlink=\"http:\/\/www.w3.org\/1999\/xlink\" id=\"Livello_1\" x=\"0px\" y=\"0px\" width=\"90px\" height=\"85px\" viewBox=\"0 0 90 85\" xml:space=\"preserve\"> <path d=\"M11.278,58.835V28.511c0-6.055,4.909-10.963,10.963-10.963h30.325v1.982H22.241c-4.96,0-8.98,4.021-8.98,8.981v30.324 H11.278 M78.726,43.709v30.324c0,6.055-4.907,10.963-10.962,10.963H37.439v-1.982h30.325c4.96,0,8.98-4.021,8.98-8.98V43.709H78.726 z M25.876,70.398c1.999,2,1.999,5.24,0,7.239s-5.24,1.999-7.239,0s-1.999-5.239,0-7.239C20.636,68.399,23.877,68.399,25.876,70.398z M24.021,72.253c-0.974-0.974-2.554-0.974-3.529,0c-0.975,0.975-0.975,2.555,0,3.53c0.975,0.974,2.555,0.974,3.529,0 C24.996,74.808,24.996,73.228,24.021,72.253z M65.913,35.302l-8.673,8.672l7.745,7.744l-27.541,27.54 c-2.203-0.033-6.522,0.217-8.126,1.822c-3.901,3.9-10.224,3.9-14.124,0c-3.901-3.9-3.901-10.224,0-14.124 c1.604-1.605,1.855-5.923,1.822-8.126l27.539-27.54l7.744,7.744l8.673-8.672c-1.208-3.109-0.557-6.772,1.952-9.282 c3.39-3.388,8.882-3.388,12.27,0c3.388,3.388,3.388,8.881,0,12.269C72.685,35.858,69.021,36.509,65.913,35.302z M55.386,45.829 l-7.856,7.855l5.215,5.215l-4.453,4.452L32.923,47.984l4.452-4.454l5.214,5.214l7.856-7.856L44.556,35L21.352,58.205L38.07,74.923 l23.206-23.205L55.386,45.829z M66.368,24.522c-1.487,1.487-1.487,3.898,0,5.385c1.487,1.487,3.896,1.487,5.384,0 c1.487-1.487,1.487-3.898,0-5.385C70.265,23.036,67.855,23.036,66.368,24.522z M19.635,60.198c-0.093,2.774-0.629,6.657-2.585,8.612 c-2.876,2.876-2.876,7.538-0.001,10.414c2.876,2.876,7.539,2.876,10.414,0c1.957-1.956,5.839-2.491,8.614-2.585L19.635,60.198z\"><\/path> <\/svg>\t\t\t<\/div>\n\t\t<\/div>\n\t\t\t\t\t\t<\/div>\n\t\t\t\t<\/div>\n\t\t\t\t<div class=\"elementor-element elementor-element-ca24def elementor-invisible elementor-widget elementor-widget-heading\" data-id=\"ca24def\" data-element_type=\"widget\" data-e-type=\"widget\" data-settings=\"{&quot;_animation&quot;:&quot;fadeInUp&quot;}\" data-widget_type=\"heading.default\">\n\t\t\t\t<div class=\"elementor-widget-container\">\n\t\t\t\t\t<h1 class=\"elementor-heading-title elementor-size-default\">COMMANDE<br>HYDRAULIQUE<\/h1>\t\t\t\t<\/div>\n\t\t\t\t<\/div>\n\t\t\t\t<div class=\"elementor-element elementor-element-267740a elementor-widget__width-initial elementor-invisible elementor-widget elementor-widget-text-editor\" data-id=\"267740a\" data-element_type=\"widget\" data-e-type=\"widget\" data-settings=\"{&quot;_animation&quot;:&quot;fadeIn&quot;}\" data-widget_type=\"text-editor.default\">\n\t\t\t\t<div class=\"elementor-widget-container\">\n\t\t\t\t\t\t\t\t\t<div class=\"page\" title=\"Page 5\"><div class=\"layoutArea\"><div class=\"column\"><p><strong>Le syst\u00e8me hydraulique n\u00e9cessite 2 distributeurs DE.<\/strong><\/p><p>L&rsquo;ind\u00e9pendance du circuit \u00e0 droite ou \u00e0 gauche est obtenue directement \u00e0 partir des leviers de commande du tracteur.<\/p><\/div><\/div><\/div>\t\t\t\t\t\t\t\t<\/div>\n\t\t\t\t<\/div>\n\t\t\t\t<div class=\"elementor-element elementor-element-626d753 elementor-widget__width-initial elementor-widget elementor-widget-image\" data-id=\"626d753\" data-element_type=\"widget\" data-e-type=\"widget\" data-widget_type=\"image.default\">\n\t\t\t\t<div class=\"elementor-widget-container\">\n\t\t\t\t\t\t\t\t\t\t\t\t\t\t\t<img fetchpriority=\"high\" decoding=\"async\" width=\"1200\" height=\"803\" src=\"https:\/\/www.eurospand.com\/wp-content\/uploads\/2024\/10\/eurospand-azionamenti-idraulici-schema2-FR.png\" class=\"attachment-full size-full wp-image-14739\" alt=\"Syst\u00e8me de distribution pour machines spandiconcime professionnelles Eurospand.\" srcset=\"https:\/\/www.eurospand.com\/wp-content\/uploads\/2024\/10\/eurospand-azionamenti-idraulici-schema2-FR.png 1200w, https:\/\/www.eurospand.com\/wp-content\/uploads\/2024\/10\/eurospand-azionamenti-idraulici-schema2-FR-300x201.png 300w, https:\/\/www.eurospand.com\/wp-content\/uploads\/2024\/10\/eurospand-azionamenti-idraulici-schema2-FR-1024x685.png 1024w, https:\/\/www.eurospand.com\/wp-content\/uploads\/2024\/10\/eurospand-azionamenti-idraulici-schema2-FR-768x514.png 768w\" sizes=\"(max-width: 1200px) 100vw, 1200px\" \/>\t\t\t\t\t\t\t\t\t\t\t\t\t\t\t<\/div>\n\t\t\t\t<\/div>\n\t\t\t\t<div class=\"elementor-element elementor-element-a061584 elementor-widget__width-initial elementor-invisible elementor-widget elementor-widget-text-editor\" data-id=\"a061584\" data-element_type=\"widget\" data-e-type=\"widget\" data-settings=\"{&quot;_animation&quot;:&quot;fadeIn&quot;}\" data-widget_type=\"text-editor.default\">\n\t\t\t\t<div class=\"elementor-widget-container\">\n\t\t\t\t\t\t\t\t\t<div class=\"page\" title=\"Page 5\"><div class=\"layoutArea\"><div class=\"column\">En cas de besoin de raccordement \u00e0 des tracteurs avec un seul distributeur DE, il est possible de fournir un accessoire sur demande.<\/div><\/div><\/div>\t\t\t\t\t\t\t\t<\/div>\n\t\t\t\t<\/div>\n\t\t\t\t<div class=\"elementor-element elementor-element-ca6ddfe elementor-widget__width-initial elementor-widget elementor-widget-image\" data-id=\"ca6ddfe\" data-element_type=\"widget\" data-e-type=\"widget\" data-widget_type=\"image.default\">\n\t\t\t\t<div class=\"elementor-widget-container\">\n\t\t\t\t\t\t\t\t\t\t\t\t\t\t\t<img decoding=\"async\" width=\"1200\" height=\"955\" src=\"https:\/\/www.eurospand.com\/wp-content\/uploads\/2024\/10\/eurospand-azionamenti-idraulici-schema1-FR.png\" class=\"attachment-full size-full wp-image-14724\" alt=\"Sch\u00e9ma du syst\u00e8me hydraulique pour machines spandiconcime Eurospand.\" srcset=\"https:\/\/www.eurospand.com\/wp-content\/uploads\/2024\/10\/eurospand-azionamenti-idraulici-schema1-FR.png 1200w, https:\/\/www.eurospand.com\/wp-content\/uploads\/2024\/10\/eurospand-azionamenti-idraulici-schema1-FR-300x239.png 300w, https:\/\/www.eurospand.com\/wp-content\/uploads\/2024\/10\/eurospand-azionamenti-idraulici-schema1-FR-1024x815.png 1024w, https:\/\/www.eurospand.com\/wp-content\/uploads\/2024\/10\/eurospand-azionamenti-idraulici-schema1-FR-768x611.png 768w\" sizes=\"(max-width: 1200px) 100vw, 1200px\" \/>\t\t\t\t\t\t\t\t\t\t\t\t\t\t\t<\/div>\n\t\t\t\t<\/div>\n\t\t\t\t<\/div>\n\t\t\t\t<\/div>\n\t\t<div class=\"elementor-element elementor-element-cca4472 e-flex e-con-boxed e-con e-parent\" data-id=\"cca4472\" data-element_type=\"container\" data-e-type=\"container\" data-settings=\"{&quot;background_background&quot;:&quot;classic&quot;,&quot;_ha_eqh_enable&quot;:false}\">\n\t\t\t\t\t<div class=\"e-con-inner\">\n\t\t\t\t<div class=\"elementor-element elementor-element-537f0fd elementor-widget__width-initial elementor-invisible elementor-widget elementor-widget-text-editor\" data-id=\"537f0fd\" data-element_type=\"widget\" data-e-type=\"widget\" data-settings=\"{&quot;_animation&quot;:&quot;fadeIn&quot;}\" data-widget_type=\"text-editor.default\">\n\t\t\t\t<div class=\"elementor-widget-container\">\n\t\t\t\t\t\t\t\t\t<p>V\u00e9rins hydrauliques avec tiges en acier inox et valves \u00e0 pression maximale pour limiter les pressions \u00e9lev\u00e9es du tracteur, garantissant des positions correctes des volets m\u00eame apr\u00e8s de nombreuses ann\u00e9es d&rsquo;utilisation.<\/p>\n\t\t\t\t\t\t\t\t<\/div>\n\t\t\t\t<\/div>\n\t\t\t\t\t<\/div>\n\t\t\t\t<\/div>\n\t\t\t\t<\/div>\n\t\t","protected":false},"excerpt":{"rendered":"<p>COMMANDEHYDRAULIQUE Le syst\u00e8me hydraulique n\u00e9cessite 2 distributeurs DE. L&rsquo;ind\u00e9pendance du circuit \u00e0 droite ou \u00e0 gauche est obtenue directement \u00e0 partir des leviers de commande du tracteur. En cas de besoin de raccordement \u00e0 des tracteurs avec un seul distributeur DE, il est possible de fournir un accessoire sur demande. V\u00e9rins hydrauliques avec tiges en [&hellip;]<\/p>\n","protected":false},"author":1,"featured_media":0,"parent":0,"menu_order":0,"comment_status":"closed","ping_status":"closed","template":"","meta":{"cybocfi_hide_featured_image":"","footnotes":""},"class_list":["post-13596","page","type-page","status-publish","hentry"],"yoast_head":"<!-- This site is optimized with the Yoast SEO plugin v27.2 - https:\/\/yoast.com\/product\/yoast-seo-wordpress\/ -->\n<title>Commande Hydraulique Tracteur - Syst\u00e0\u00a8mes &amp; Accessoires Eurospand<\/title>\n<meta name=\"description\" content=\"Systeme hydraulique Eurospand: commande ind\u00e9pendante, v\u00e9rins inox, valves haute pression. Accessoire dispo pour tracteurs \u00e0 un seul distributeur.\" \/>\n<meta name=\"robots\" content=\"index, follow, max-snippet:-1, max-image-preview:large, max-video-preview:-1\" \/>\n<link rel=\"canonical\" href=\"https:\/\/www.eurospand.com\/fr\/commande-hydraulique\/\" \/>\n<meta property=\"og:locale\" content=\"fr_FR\" \/>\n<meta property=\"og:type\" content=\"article\" \/>\n<meta property=\"og:title\" content=\"Commande Hydraulique Tracteur - Syst\u00e0\u00a8mes &amp; Accessoires Eurospand\" \/>\n<meta property=\"og:description\" content=\"Systeme hydraulique Eurospand: commande ind\u00e9pendante, v\u00e9rins inox, valves haute pression. Accessoire dispo pour tracteurs \u00e0 un seul distributeur.\" \/>\n<meta property=\"og:url\" content=\"https:\/\/www.eurospand.com\/fr\/commande-hydraulique\/\" \/>\n<meta property=\"og:site_name\" content=\"Eurospand\" \/>\n<meta property=\"article:publisher\" content=\"https:\/\/www.instagram.com\/eurospand_cavallo\/\" \/>\n<meta property=\"article:modified_time\" content=\"2024-10-25T08:41:58+00:00\" \/>\n<meta property=\"og:image\" content=\"https:\/\/eurospand.com\/wp-content\/uploads\/2024\/10\/eurospand-azionamenti-idraulici-schema2-FR.png\" \/>\n<meta name=\"twitter:card\" content=\"summary_large_image\" \/>\n<script type=\"application\/ld+json\" class=\"yoast-schema-graph\">{\"@context\":\"https:\/\/schema.org\",\"@graph\":[{\"@type\":\"WebPage\",\"@id\":\"https:\/\/www.eurospand.com\/fr\/commande-hydraulique\/\",\"url\":\"https:\/\/www.eurospand.com\/fr\/commande-hydraulique\/\",\"name\":\"Commande Hydraulique Tracteur - Syst\u00e0\u00a8mes & Accessoires Eurospand\",\"isPartOf\":{\"@id\":\"https:\/\/www.eurospand.com\/fr\/#website\"},\"primaryImageOfPage\":{\"@id\":\"https:\/\/www.eurospand.com\/fr\/commande-hydraulique\/#primaryimage\"},\"image\":{\"@id\":\"https:\/\/www.eurospand.com\/fr\/commande-hydraulique\/#primaryimage\"},\"thumbnailUrl\":\"https:\/\/eurospand.com\/wp-content\/uploads\/2024\/10\/eurospand-azionamenti-idraulici-schema2-FR.png\",\"datePublished\":\"2024-08-22T17:27:52+00:00\",\"dateModified\":\"2024-10-25T08:41:58+00:00\",\"description\":\"Systeme hydraulique Eurospand: commande ind\u00e9pendante, v\u00e9rins inox, valves haute pression. Accessoire dispo pour tracteurs \u00e0 un seul distributeur.\",\"breadcrumb\":{\"@id\":\"https:\/\/www.eurospand.com\/fr\/commande-hydraulique\/#breadcrumb\"},\"inLanguage\":\"fr-FR\",\"potentialAction\":[{\"@type\":\"ReadAction\",\"target\":[\"https:\/\/www.eurospand.com\/fr\/commande-hydraulique\/\"]}]},{\"@type\":\"ImageObject\",\"inLanguage\":\"fr-FR\",\"@id\":\"https:\/\/www.eurospand.com\/fr\/commande-hydraulique\/#primaryimage\",\"url\":\"https:\/\/eurospand.com\/wp-content\/uploads\/2024\/10\/eurospand-azionamenti-idraulici-schema2-FR.png\",\"contentUrl\":\"https:\/\/eurospand.com\/wp-content\/uploads\/2024\/10\/eurospand-azionamenti-idraulici-schema2-FR.png\"},{\"@type\":\"BreadcrumbList\",\"@id\":\"https:\/\/www.eurospand.com\/fr\/commande-hydraulique\/#breadcrumb\",\"itemListElement\":[{\"@type\":\"ListItem\",\"position\":1,\"name\":\"Home\",\"item\":\"https:\/\/www.eurospand.com\/fr\/\"},{\"@type\":\"ListItem\",\"position\":2,\"name\":\"Commande Hydraulique\"}]},{\"@type\":\"WebSite\",\"@id\":\"https:\/\/www.eurospand.com\/fr\/#website\",\"url\":\"https:\/\/www.eurospand.com\/fr\/\",\"name\":\"Eurospand - Spandiconcime\",\"description\":\"Spandiconcime\",\"publisher\":{\"@id\":\"https:\/\/www.eurospand.com\/fr\/#organization\"},\"alternateName\":\"Eurospand\",\"potentialAction\":[{\"@type\":\"SearchAction\",\"target\":{\"@type\":\"EntryPoint\",\"urlTemplate\":\"https:\/\/www.eurospand.com\/fr\/?s={search_term_string}\"},\"query-input\":{\"@type\":\"PropertyValueSpecification\",\"valueRequired\":true,\"valueName\":\"search_term_string\"}}],\"inLanguage\":\"fr-FR\"},{\"@type\":\"Organization\",\"@id\":\"https:\/\/www.eurospand.com\/fr\/#organization\",\"name\":\"Eurospand - Spandiconcime\",\"alternateName\":\"Eurospand\",\"url\":\"https:\/\/www.eurospand.com\/fr\/\",\"logo\":{\"@type\":\"ImageObject\",\"inLanguage\":\"fr-FR\",\"@id\":\"https:\/\/www.eurospand.com\/fr\/#\/schema\/logo\/image\/\",\"url\":\"https:\/\/www.eurospand.com\/wp-content\/uploads\/2024\/07\/eurospand-logo.svg\",\"contentUrl\":\"https:\/\/www.eurospand.com\/wp-content\/uploads\/2024\/07\/eurospand-logo.svg\",\"caption\":\"Eurospand - Spandiconcime\"},\"image\":{\"@id\":\"https:\/\/www.eurospand.com\/fr\/#\/schema\/logo\/image\/\"},\"sameAs\":[\"https:\/\/www.instagram.com\/eurospand_cavallo\/\",\"https:\/\/www.youtube.com\/channel\/UCXxWUu_8sG6Cka0HVwYU3aA\"]}]}<\/script>\n<!-- \/ Yoast SEO plugin. -->","yoast_head_json":{"title":"Commande Hydraulique Tracteur - Syst\u00e0\u00a8mes & Accessoires Eurospand","description":"Systeme hydraulique Eurospand: commande ind\u00e9pendante, v\u00e9rins inox, valves haute pression. Accessoire dispo pour tracteurs \u00e0 un seul distributeur.","robots":{"index":"index","follow":"follow","max-snippet":"max-snippet:-1","max-image-preview":"max-image-preview:large","max-video-preview":"max-video-preview:-1"},"canonical":"https:\/\/www.eurospand.com\/fr\/commande-hydraulique\/","og_locale":"fr_FR","og_type":"article","og_title":"Commande Hydraulique Tracteur - Syst\u00e0\u00a8mes & Accessoires Eurospand","og_description":"Systeme hydraulique Eurospand: commande ind\u00e9pendante, v\u00e9rins inox, valves haute pression. Accessoire dispo pour tracteurs \u00e0 un seul distributeur.","og_url":"https:\/\/www.eurospand.com\/fr\/commande-hydraulique\/","og_site_name":"Eurospand","article_publisher":"https:\/\/www.instagram.com\/eurospand_cavallo\/","article_modified_time":"2024-10-25T08:41:58+00:00","og_image":[{"url":"https:\/\/eurospand.com\/wp-content\/uploads\/2024\/10\/eurospand-azionamenti-idraulici-schema2-FR.png","type":"","width":"","height":""}],"twitter_card":"summary_large_image","schema":{"@context":"https:\/\/schema.org","@graph":[{"@type":"WebPage","@id":"https:\/\/www.eurospand.com\/fr\/commande-hydraulique\/","url":"https:\/\/www.eurospand.com\/fr\/commande-hydraulique\/","name":"Commande Hydraulique Tracteur - Syst\u00e0\u00a8mes & Accessoires Eurospand","isPartOf":{"@id":"https:\/\/www.eurospand.com\/fr\/#website"},"primaryImageOfPage":{"@id":"https:\/\/www.eurospand.com\/fr\/commande-hydraulique\/#primaryimage"},"image":{"@id":"https:\/\/www.eurospand.com\/fr\/commande-hydraulique\/#primaryimage"},"thumbnailUrl":"https:\/\/eurospand.com\/wp-content\/uploads\/2024\/10\/eurospand-azionamenti-idraulici-schema2-FR.png","datePublished":"2024-08-22T17:27:52+00:00","dateModified":"2024-10-25T08:41:58+00:00","description":"Systeme hydraulique Eurospand: commande ind\u00e9pendante, v\u00e9rins inox, valves haute pression. Accessoire dispo pour tracteurs \u00e0 un seul distributeur.","breadcrumb":{"@id":"https:\/\/www.eurospand.com\/fr\/commande-hydraulique\/#breadcrumb"},"inLanguage":"fr-FR","potentialAction":[{"@type":"ReadAction","target":["https:\/\/www.eurospand.com\/fr\/commande-hydraulique\/"]}]},{"@type":"ImageObject","inLanguage":"fr-FR","@id":"https:\/\/www.eurospand.com\/fr\/commande-hydraulique\/#primaryimage","url":"https:\/\/eurospand.com\/wp-content\/uploads\/2024\/10\/eurospand-azionamenti-idraulici-schema2-FR.png","contentUrl":"https:\/\/eurospand.com\/wp-content\/uploads\/2024\/10\/eurospand-azionamenti-idraulici-schema2-FR.png"},{"@type":"BreadcrumbList","@id":"https:\/\/www.eurospand.com\/fr\/commande-hydraulique\/#breadcrumb","itemListElement":[{"@type":"ListItem","position":1,"name":"Home","item":"https:\/\/www.eurospand.com\/fr\/"},{"@type":"ListItem","position":2,"name":"Commande Hydraulique"}]},{"@type":"WebSite","@id":"https:\/\/www.eurospand.com\/fr\/#website","url":"https:\/\/www.eurospand.com\/fr\/","name":"Eurospand - Spandiconcime","description":"Spandiconcime","publisher":{"@id":"https:\/\/www.eurospand.com\/fr\/#organization"},"alternateName":"Eurospand","potentialAction":[{"@type":"SearchAction","target":{"@type":"EntryPoint","urlTemplate":"https:\/\/www.eurospand.com\/fr\/?s={search_term_string}"},"query-input":{"@type":"PropertyValueSpecification","valueRequired":true,"valueName":"search_term_string"}}],"inLanguage":"fr-FR"},{"@type":"Organization","@id":"https:\/\/www.eurospand.com\/fr\/#organization","name":"Eurospand - Spandiconcime","alternateName":"Eurospand","url":"https:\/\/www.eurospand.com\/fr\/","logo":{"@type":"ImageObject","inLanguage":"fr-FR","@id":"https:\/\/www.eurospand.com\/fr\/#\/schema\/logo\/image\/","url":"https:\/\/www.eurospand.com\/wp-content\/uploads\/2024\/07\/eurospand-logo.svg","contentUrl":"https:\/\/www.eurospand.com\/wp-content\/uploads\/2024\/07\/eurospand-logo.svg","caption":"Eurospand - Spandiconcime"},"image":{"@id":"https:\/\/www.eurospand.com\/fr\/#\/schema\/logo\/image\/"},"sameAs":["https:\/\/www.instagram.com\/eurospand_cavallo\/","https:\/\/www.youtube.com\/channel\/UCXxWUu_8sG6Cka0HVwYU3aA"]}]}},"_links":{"self":[{"href":"https:\/\/www.eurospand.com\/fr\/wp-json\/wp\/v2\/pages\/13596","targetHints":{"allow":["GET"]}}],"collection":[{"href":"https:\/\/www.eurospand.com\/fr\/wp-json\/wp\/v2\/pages"}],"about":[{"href":"https:\/\/www.eurospand.com\/fr\/wp-json\/wp\/v2\/types\/page"}],"author":[{"embeddable":true,"href":"https:\/\/www.eurospand.com\/fr\/wp-json\/wp\/v2\/users\/1"}],"replies":[{"embeddable":true,"href":"https:\/\/www.eurospand.com\/fr\/wp-json\/wp\/v2\/comments?post=13596"}],"version-history":[{"count":58,"href":"https:\/\/www.eurospand.com\/fr\/wp-json\/wp\/v2\/pages\/13596\/revisions"}],"predecessor-version":[{"id":17097,"href":"https:\/\/www.eurospand.com\/fr\/wp-json\/wp\/v2\/pages\/13596\/revisions\/17097"}],"wp:attachment":[{"href":"https:\/\/www.eurospand.com\/fr\/wp-json\/wp\/v2\/media?parent=13596"}],"curies":[{"name":"wp","href":"https:\/\/api.w.org\/{rel}","templated":true}]}}