{"id":13590,"date":"2024-08-22T19:13:54","date_gmt":"2024-08-22T17:13:54","guid":{"rendered":"https:\/\/staging.eurospand.com\/tps-systeme-de-protection-de-lepandeur\/"},"modified":"2024-10-18T13:09:54","modified_gmt":"2024-10-18T11:09:54","slug":"tps-systeme-de-protection-de-lepandeur","status":"publish","type":"page","link":"https:\/\/www.eurospand.com\/fr\/tps-systeme-de-protection-de-lepandeur\/","title":{"rendered":"TPS Syst\u00e8me de Protection de l\u2019\u00e9pandeur"},"content":{"rendered":"\t\t<div data-elementor-type=\"wp-page\" data-elementor-id=\"13590\" class=\"elementor elementor-13590 elementor-2999\" data-elementor-settings=\"{&quot;ha_cmc_init_switcher&quot;:&quot;no&quot;}\" data-elementor-post-type=\"page\">\n\t\t\t\t<div class=\"elementor-element elementor-element-41f7b3af e-con-full e-flex e-con e-parent\" data-id=\"41f7b3af\" data-element_type=\"container\" data-e-type=\"container\" data-settings=\"{&quot;background_background&quot;:&quot;classic&quot;,&quot;_ha_eqh_enable&quot;:false}\">\n\t\t<div class=\"elementor-element elementor-element-1f53e777 e-con-full e-flex e-con e-child\" data-id=\"1f53e777\" data-element_type=\"container\" data-e-type=\"container\" data-settings=\"{&quot;background_background&quot;:&quot;classic&quot;,&quot;_ha_eqh_enable&quot;:false}\">\n\t\t\t\t<\/div>\n\t\t<div class=\"elementor-element elementor-element-68735166 e-con-full e-flex e-con e-child\" data-id=\"68735166\" data-element_type=\"container\" data-e-type=\"container\" data-settings=\"{&quot;_ha_eqh_enable&quot;:false}\">\n\t\t\t\t<div class=\"elementor-element elementor-element-37cef93d elementor-view-default elementor-invisible elementor-widget elementor-widget-icon\" data-id=\"37cef93d\" data-element_type=\"widget\" data-e-type=\"widget\" data-settings=\"{&quot;_animation&quot;:&quot;fadeInDown&quot;}\" data-widget_type=\"icon.default\">\n\t\t\t\t<div class=\"elementor-widget-container\">\n\t\t\t\t\t\t\t<div class=\"elementor-icon-wrapper\">\n\t\t\t<div class=\"elementor-icon\">\n\t\t\t<svg xmlns=\"http:\/\/www.w3.org\/2000\/svg\" xmlns:xlink=\"http:\/\/www.w3.org\/1999\/xlink\" id=\"Livello_1\" x=\"0px\" y=\"0px\" width=\"90px\" height=\"85px\" viewBox=\"0 0 90 85\" xml:space=\"preserve\"> <path d=\"M56.232,27.356v17.411l-3.302,7.062H37.054l-3.301-7.062V27.356H56.232 M11.268,43.382V27.8 c0-6.055,4.908-10.962,10.963-10.962h30.324v1.981H22.231c-4.96,0-8.981,4.021-8.981,8.981v15.582l0.711-0.001v19.676h17.325v5.373 h6.113V53.103H52.64V68.43h6.058v-5.373h17.348V43.381h3.404v29.942c0,6.452-5.253,11.673-11.696,11.673H22.231 c-6.448,0-11.674-5.227-11.674-11.673V43.381L11.268,43.382z M31.286,70.164h-5.062c-0.6-0.93-1.246-1.598-2.457-1.598 c-1.445,0-2.616,1.171-2.616,2.614c0,1.445,1.171,2.616,2.616,2.616c1.211,0,1.857-0.669,2.457-1.598h37.535 c0.601,0.929,1.246,1.598,2.457,1.598c1.445,0,2.616-1.171,2.616-2.616c0-1.443-1.171-2.614-2.616-2.614 c-1.211,0-1.856,0.668-2.457,1.598H31.286z M31.286,73.933v7.659h27.411v-7.659H52.64v3.12H37.399v-3.12H31.286z M39.133,73.933 v1.386h11.773v-1.386H39.133z M39.133,68.43h11.773V54.837H39.133V68.43z\"><\/path> <\/svg>\t\t\t<\/div>\n\t\t<\/div>\n\t\t\t\t\t\t<\/div>\n\t\t\t\t<\/div>\n\t\t\t\t<div class=\"elementor-element elementor-element-37220ac2 elementor-invisible elementor-widget elementor-widget-heading\" data-id=\"37220ac2\" data-element_type=\"widget\" data-e-type=\"widget\" data-settings=\"{&quot;_animation&quot;:&quot;fadeInUp&quot;}\" data-widget_type=\"heading.default\">\n\t\t\t\t<div class=\"elementor-widget-container\">\n\t\t\t\t\t<h1 class=\"elementor-heading-title elementor-size-default\">TPS<br>Syst\u00e8me<br>de Protection<br>de l\u2019\u00e9pandeur<\/h1>\t\t\t\t<\/div>\n\t\t\t\t<\/div>\n\t\t\t\t<div class=\"elementor-element elementor-element-7aebf819 elementor-widget__width-initial elementor-invisible elementor-widget elementor-widget-text-editor\" data-id=\"7aebf819\" data-element_type=\"widget\" data-e-type=\"widget\" data-settings=\"{&quot;_animation&quot;:&quot;fadeIn&quot;}\" data-widget_type=\"text-editor.default\">\n\t\t\t\t<div class=\"elementor-widget-container\">\n\t\t\t\t\t\t\t\t\t<p><em>Le Transmission Protection System<\/em> <strong>emp\u00eache le broyage des composants du boitier central quand le cardan n\u2019est pas \u00e0 la longueur ad\u00e9quate<\/strong>.<\/p>\n<p>Le boitier central est ancr\u00e9 au ch\u00e2ssis au travers de 6 <strong>joints en caoutchouc<\/strong> qui absorbent l\u2019effort de flexion anormal g\u00e9n\u00e9r\u00e9 par un couplage pas optimal avec le tracteur.<\/p>\n\t\t\t\t\t\t\t\t<\/div>\n\t\t\t\t<\/div>\n\t\t\t\t<\/div>\n\t\t\t\t<\/div>\n\t\t<div class=\"elementor-element elementor-element-1815c5b e-grid e-con-boxed e-con e-parent\" data-id=\"1815c5b\" data-element_type=\"container\" data-e-type=\"container\" data-settings=\"{&quot;_ha_eqh_enable&quot;:false}\">\n\t\t\t\t\t<div class=\"e-con-inner\">\n\t\t\t\t<div class=\"elementor-element elementor-element-18cc04b elementor-widget elementor-widget-video\" data-id=\"18cc04b\" data-element_type=\"widget\" data-e-type=\"widget\" data-settings=\"{&quot;youtube_url&quot;:&quot;https:\\\/\\\/www.youtube.com\\\/watch?v=14DP3NV2NxI&amp;list=TLGGssLvUzZzNAYwNzEwMjAyNA&amp;t=31s&quot;,&quot;mute&quot;:&quot;yes&quot;,&quot;video_type&quot;:&quot;youtube&quot;,&quot;controls&quot;:&quot;yes&quot;}\" data-widget_type=\"video.default\">\n\t\t\t\t<div class=\"elementor-widget-container\">\n\t\t\t\t\t\t\t<div class=\"elementor-wrapper elementor-open-inline\">\n\t\t\t<div class=\"elementor-video\"><\/div>\t\t<\/div>\n\t\t\t\t\t\t<\/div>\n\t\t\t\t<\/div>\n\t\t\t\t\t<\/div>\n\t\t\t\t<\/div>\n\t\t\t\t<\/div>\n\t\t","protected":false},"excerpt":{"rendered":"<p>TPSSyst\u00e8mede Protectionde l\u2019\u00e9pandeur Le Transmission Protection System emp\u00eache le broyage des composants du boitier central quand le cardan n\u2019est pas \u00e0 la longueur ad\u00e9quate. Le boitier central est ancr\u00e9 au ch\u00e2ssis au travers de 6 joints en caoutchouc qui absorbent l\u2019effort de flexion anormal g\u00e9n\u00e9r\u00e9 par un couplage pas optimal avec le tracteur.<\/p>\n","protected":false},"author":1,"featured_media":0,"parent":0,"menu_order":0,"comment_status":"closed","ping_status":"closed","template":"","meta":{"cybocfi_hide_featured_image":"","footnotes":""},"class_list":["post-13590","page","type-page","status-publish","hentry"],"yoast_head":"<!-- This site is optimized with the Yoast SEO plugin v27.2 - https:\/\/yoast.com\/product\/yoast-seo-wordpress\/ -->\n<title>TPS Systeme de Protection \u00c9pandeur - S\u00e9curit\u00e9 Optimale Eurospand<\/title>\n<meta name=\"description\" content=\"D\u00e9couvrez le TPS, un systeme innovant qui protege l&#039;\u00e9pandeur en \u00e9vitant l&#039;usure des composants gr\u00e0\u00a2ce \u00e0 des joints en caoutchouc absorbants.\" \/>\n<meta name=\"robots\" content=\"index, follow, max-snippet:-1, max-image-preview:large, max-video-preview:-1\" \/>\n<link rel=\"canonical\" href=\"https:\/\/www.eurospand.com\/fr\/tps-systeme-de-protection-de-lepandeur\/\" \/>\n<meta property=\"og:locale\" content=\"fr_FR\" \/>\n<meta property=\"og:type\" content=\"article\" \/>\n<meta property=\"og:title\" content=\"TPS Systeme de Protection \u00c9pandeur - S\u00e9curit\u00e9 Optimale Eurospand\" \/>\n<meta property=\"og:description\" content=\"D\u00e9couvrez le TPS, un systeme innovant qui protege l&#039;\u00e9pandeur en \u00e9vitant l&#039;usure des composants gr\u00e0\u00a2ce \u00e0 des joints en caoutchouc absorbants.\" \/>\n<meta property=\"og:url\" content=\"https:\/\/www.eurospand.com\/fr\/tps-systeme-de-protection-de-lepandeur\/\" \/>\n<meta property=\"og:site_name\" content=\"Eurospand\" \/>\n<meta property=\"article:publisher\" content=\"https:\/\/www.instagram.com\/eurospand_cavallo\/\" \/>\n<meta property=\"article:modified_time\" content=\"2024-10-18T11:09:54+00:00\" \/>\n<meta property=\"og:image\" content=\"https:\/\/www.eurospand.com\/wp-content\/uploads\/2024\/12\/eurospand-img.jpg\" \/>\n\t<meta property=\"og:image:width\" content=\"1200\" \/>\n\t<meta property=\"og:image:height\" content=\"675\" \/>\n\t<meta property=\"og:image:type\" content=\"image\/jpeg\" \/>\n<meta name=\"twitter:card\" content=\"summary_large_image\" \/>\n<script type=\"application\/ld+json\" class=\"yoast-schema-graph\">{\"@context\":\"https:\/\/schema.org\",\"@graph\":[{\"@type\":\"WebPage\",\"@id\":\"https:\/\/www.eurospand.com\/fr\/tps-systeme-de-protection-de-lepandeur\/\",\"url\":\"https:\/\/www.eurospand.com\/fr\/tps-systeme-de-protection-de-lepandeur\/\",\"name\":\"TPS Systeme de Protection \u00c9pandeur - S\u00e9curit\u00e9 Optimale Eurospand\",\"isPartOf\":{\"@id\":\"https:\/\/www.eurospand.com\/fr\/#website\"},\"datePublished\":\"2024-08-22T17:13:54+00:00\",\"dateModified\":\"2024-10-18T11:09:54+00:00\",\"description\":\"D\u00e9couvrez le TPS, un systeme innovant qui protege l'\u00e9pandeur en \u00e9vitant l'usure des composants gr\u00e0\u00a2ce \u00e0 des joints en caoutchouc absorbants.\",\"breadcrumb\":{\"@id\":\"https:\/\/www.eurospand.com\/fr\/tps-systeme-de-protection-de-lepandeur\/#breadcrumb\"},\"inLanguage\":\"fr-FR\",\"potentialAction\":[{\"@type\":\"ReadAction\",\"target\":[\"https:\/\/www.eurospand.com\/fr\/tps-systeme-de-protection-de-lepandeur\/\"]}]},{\"@type\":\"BreadcrumbList\",\"@id\":\"https:\/\/www.eurospand.com\/fr\/tps-systeme-de-protection-de-lepandeur\/#breadcrumb\",\"itemListElement\":[{\"@type\":\"ListItem\",\"position\":1,\"name\":\"Home\",\"item\":\"https:\/\/www.eurospand.com\/fr\/\"},{\"@type\":\"ListItem\",\"position\":2,\"name\":\"TPS Syst\u00e8me de Protection de l\u2019\u00e9pandeur\"}]},{\"@type\":\"WebSite\",\"@id\":\"https:\/\/www.eurospand.com\/fr\/#website\",\"url\":\"https:\/\/www.eurospand.com\/fr\/\",\"name\":\"Eurospand - Spandiconcime\",\"description\":\"Spandiconcime\",\"publisher\":{\"@id\":\"https:\/\/www.eurospand.com\/fr\/#organization\"},\"alternateName\":\"Eurospand\",\"potentialAction\":[{\"@type\":\"SearchAction\",\"target\":{\"@type\":\"EntryPoint\",\"urlTemplate\":\"https:\/\/www.eurospand.com\/fr\/?s={search_term_string}\"},\"query-input\":{\"@type\":\"PropertyValueSpecification\",\"valueRequired\":true,\"valueName\":\"search_term_string\"}}],\"inLanguage\":\"fr-FR\"},{\"@type\":\"Organization\",\"@id\":\"https:\/\/www.eurospand.com\/fr\/#organization\",\"name\":\"Eurospand - Spandiconcime\",\"alternateName\":\"Eurospand\",\"url\":\"https:\/\/www.eurospand.com\/fr\/\",\"logo\":{\"@type\":\"ImageObject\",\"inLanguage\":\"fr-FR\",\"@id\":\"https:\/\/www.eurospand.com\/fr\/#\/schema\/logo\/image\/\",\"url\":\"https:\/\/www.eurospand.com\/wp-content\/uploads\/2024\/07\/eurospand-logo.svg\",\"contentUrl\":\"https:\/\/www.eurospand.com\/wp-content\/uploads\/2024\/07\/eurospand-logo.svg\",\"caption\":\"Eurospand - Spandiconcime\"},\"image\":{\"@id\":\"https:\/\/www.eurospand.com\/fr\/#\/schema\/logo\/image\/\"},\"sameAs\":[\"https:\/\/www.instagram.com\/eurospand_cavallo\/\",\"https:\/\/www.youtube.com\/channel\/UCXxWUu_8sG6Cka0HVwYU3aA\"]}]}<\/script>\n<!-- \/ Yoast SEO plugin. -->","yoast_head_json":{"title":"TPS Systeme de Protection \u00c9pandeur - S\u00e9curit\u00e9 Optimale Eurospand","description":"D\u00e9couvrez le TPS, un systeme innovant qui protege l'\u00e9pandeur en \u00e9vitant l'usure des composants gr\u00e0\u00a2ce \u00e0 des joints en caoutchouc absorbants.","robots":{"index":"index","follow":"follow","max-snippet":"max-snippet:-1","max-image-preview":"max-image-preview:large","max-video-preview":"max-video-preview:-1"},"canonical":"https:\/\/www.eurospand.com\/fr\/tps-systeme-de-protection-de-lepandeur\/","og_locale":"fr_FR","og_type":"article","og_title":"TPS Systeme de Protection \u00c9pandeur - S\u00e9curit\u00e9 Optimale Eurospand","og_description":"D\u00e9couvrez le TPS, un systeme innovant qui protege l'\u00e9pandeur en \u00e9vitant l'usure des composants gr\u00e0\u00a2ce \u00e0 des joints en caoutchouc absorbants.","og_url":"https:\/\/www.eurospand.com\/fr\/tps-systeme-de-protection-de-lepandeur\/","og_site_name":"Eurospand","article_publisher":"https:\/\/www.instagram.com\/eurospand_cavallo\/","article_modified_time":"2024-10-18T11:09:54+00:00","og_image":[{"width":1200,"height":675,"url":"https:\/\/www.eurospand.com\/wp-content\/uploads\/2024\/12\/eurospand-img.jpg","type":"image\/jpeg"}],"twitter_card":"summary_large_image","schema":{"@context":"https:\/\/schema.org","@graph":[{"@type":"WebPage","@id":"https:\/\/www.eurospand.com\/fr\/tps-systeme-de-protection-de-lepandeur\/","url":"https:\/\/www.eurospand.com\/fr\/tps-systeme-de-protection-de-lepandeur\/","name":"TPS Systeme de Protection \u00c9pandeur - S\u00e9curit\u00e9 Optimale Eurospand","isPartOf":{"@id":"https:\/\/www.eurospand.com\/fr\/#website"},"datePublished":"2024-08-22T17:13:54+00:00","dateModified":"2024-10-18T11:09:54+00:00","description":"D\u00e9couvrez le TPS, un systeme innovant qui protege l'\u00e9pandeur en \u00e9vitant l'usure des composants gr\u00e0\u00a2ce \u00e0 des joints en caoutchouc absorbants.","breadcrumb":{"@id":"https:\/\/www.eurospand.com\/fr\/tps-systeme-de-protection-de-lepandeur\/#breadcrumb"},"inLanguage":"fr-FR","potentialAction":[{"@type":"ReadAction","target":["https:\/\/www.eurospand.com\/fr\/tps-systeme-de-protection-de-lepandeur\/"]}]},{"@type":"BreadcrumbList","@id":"https:\/\/www.eurospand.com\/fr\/tps-systeme-de-protection-de-lepandeur\/#breadcrumb","itemListElement":[{"@type":"ListItem","position":1,"name":"Home","item":"https:\/\/www.eurospand.com\/fr\/"},{"@type":"ListItem","position":2,"name":"TPS Syst\u00e8me de Protection de l\u2019\u00e9pandeur"}]},{"@type":"WebSite","@id":"https:\/\/www.eurospand.com\/fr\/#website","url":"https:\/\/www.eurospand.com\/fr\/","name":"Eurospand - Spandiconcime","description":"Spandiconcime","publisher":{"@id":"https:\/\/www.eurospand.com\/fr\/#organization"},"alternateName":"Eurospand","potentialAction":[{"@type":"SearchAction","target":{"@type":"EntryPoint","urlTemplate":"https:\/\/www.eurospand.com\/fr\/?s={search_term_string}"},"query-input":{"@type":"PropertyValueSpecification","valueRequired":true,"valueName":"search_term_string"}}],"inLanguage":"fr-FR"},{"@type":"Organization","@id":"https:\/\/www.eurospand.com\/fr\/#organization","name":"Eurospand - Spandiconcime","alternateName":"Eurospand","url":"https:\/\/www.eurospand.com\/fr\/","logo":{"@type":"ImageObject","inLanguage":"fr-FR","@id":"https:\/\/www.eurospand.com\/fr\/#\/schema\/logo\/image\/","url":"https:\/\/www.eurospand.com\/wp-content\/uploads\/2024\/07\/eurospand-logo.svg","contentUrl":"https:\/\/www.eurospand.com\/wp-content\/uploads\/2024\/07\/eurospand-logo.svg","caption":"Eurospand - Spandiconcime"},"image":{"@id":"https:\/\/www.eurospand.com\/fr\/#\/schema\/logo\/image\/"},"sameAs":["https:\/\/www.instagram.com\/eurospand_cavallo\/","https:\/\/www.youtube.com\/channel\/UCXxWUu_8sG6Cka0HVwYU3aA"]}]}},"_links":{"self":[{"href":"https:\/\/www.eurospand.com\/fr\/wp-json\/wp\/v2\/pages\/13590","targetHints":{"allow":["GET"]}}],"collection":[{"href":"https:\/\/www.eurospand.com\/fr\/wp-json\/wp\/v2\/pages"}],"about":[{"href":"https:\/\/www.eurospand.com\/fr\/wp-json\/wp\/v2\/types\/page"}],"author":[{"embeddable":true,"href":"https:\/\/www.eurospand.com\/fr\/wp-json\/wp\/v2\/users\/1"}],"replies":[{"embeddable":true,"href":"https:\/\/www.eurospand.com\/fr\/wp-json\/wp\/v2\/comments?post=13590"}],"version-history":[{"count":3,"href":"https:\/\/www.eurospand.com\/fr\/wp-json\/wp\/v2\/pages\/13590\/revisions"}],"predecessor-version":[{"id":13593,"href":"https:\/\/www.eurospand.com\/fr\/wp-json\/wp\/v2\/pages\/13590\/revisions\/13593"}],"wp:attachment":[{"href":"https:\/\/www.eurospand.com\/fr\/wp-json\/wp\/v2\/media?parent=13590"}],"curies":[{"name":"wp","href":"https:\/\/api.w.org\/{rel}","templated":true}]}}