{"id":13588,"date":"2024-08-22T17:54:23","date_gmt":"2024-08-22T15:54:23","guid":{"rendered":"https:\/\/staging.eurospand.com\/dosage-et-distribution\/"},"modified":"2025-02-27T11:40:42","modified_gmt":"2025-02-27T10:40:42","slug":"dosage-et-distribution","status":"publish","type":"page","link":"https:\/\/www.eurospand.com\/fr\/dosage-et-distribution\/","title":{"rendered":"Dosage et Distribution"},"content":{"rendered":"\t\t<div data-elementor-type=\"wp-page\" data-elementor-id=\"13588\" class=\"elementor elementor-13588 elementor-2924\" data-elementor-settings=\"{&quot;ha_cmc_init_switcher&quot;:&quot;no&quot;}\" data-elementor-post-type=\"page\">\n\t\t\t\t<div class=\"elementor-element elementor-element-230f10b1 e-con-full e-flex e-con e-parent\" data-id=\"230f10b1\" data-element_type=\"container\" data-e-type=\"container\" data-settings=\"{&quot;background_background&quot;:&quot;classic&quot;,&quot;_ha_eqh_enable&quot;:false}\">\n\t\t<div class=\"elementor-element elementor-element-55021877 e-con-full e-flex e-con e-child\" data-id=\"55021877\" data-element_type=\"container\" data-e-type=\"container\" data-settings=\"{&quot;background_background&quot;:&quot;classic&quot;,&quot;_ha_eqh_enable&quot;:false}\">\n\t\t\t\t<\/div>\n\t\t<div class=\"elementor-element elementor-element-b12146f e-con-full e-flex e-con e-child\" data-id=\"b12146f\" data-element_type=\"container\" data-e-type=\"container\" data-settings=\"{&quot;_ha_eqh_enable&quot;:false}\">\n\t\t\t\t<div class=\"elementor-element elementor-element-847d3f6 elementor-view-default elementor-invisible elementor-widget elementor-widget-icon\" data-id=\"847d3f6\" data-element_type=\"widget\" data-e-type=\"widget\" data-settings=\"{&quot;_animation&quot;:&quot;fadeInDown&quot;}\" data-widget_type=\"icon.default\">\n\t\t\t\t<div class=\"elementor-widget-container\">\n\t\t\t\t\t\t\t<div class=\"elementor-icon-wrapper\">\n\t\t\t<div class=\"elementor-icon\">\n\t\t\t<svg xmlns=\"http:\/\/www.w3.org\/2000\/svg\" xmlns:xlink=\"http:\/\/www.w3.org\/1999\/xlink\" id=\"Livello_1\" x=\"0px\" y=\"0px\" width=\"90px\" height=\"85px\" viewBox=\"0 0 90 85\" xml:space=\"preserve\"> <path d=\"M27.063,35.566l-2.011-5.574l1.601-0.577l2.011,5.574L27.063,35.566 M61.12,47.673l5.458-11.705l1.543,0.719l-5.459,11.705 L61.12,47.673z M54.643,45.44l3.344-12.476l1.644,0.44L56.287,45.88L54.643,45.44z M47.877,44.365L49.003,31.5l1.696,0.148 l-1.126,12.866L47.877,44.365z M41.028,44.482l-1.126-12.865l1.696-0.149l1.125,12.866L41.028,44.482z M34.303,45.786L30.96,33.312 l1.644-0.441l3.343,12.475L34.303,45.786z M27.906,48.239l-5.458-11.705l1.543-0.719l5.458,11.705L27.906,48.239z M59.748,73.579 h7.25v1.702h-7.25V73.579z M27.483,70.804v2.775h2.775v1.702h-2.775v2.773h-1.702v-2.773h-2.774v-1.702h2.774v-2.775H27.483z M52.23,62.498v2.65h-1.702v-2.65h-4.676l0.001,7.614l6.65,12.901l15.26,0.001c4.96,0,8.981-4.021,8.981-8.98V43.709h1.981v30.325 c0,6.055-4.907,10.962-10.963,10.962H37.439v-1.131h-0.375l0.375-0.729l6.712-13.021V69.19v-6.692h-4.786v2.739h-1.702v-2.739 h-4.784v6.692h-1.702v-6.692h-4.785v2.739H24.69v-2.739h-5.635v-3.405h10.643L16.071,36.33l1.46-0.874l14.15,23.637h12.47 l0.001-26.152h1.702v26.152H58.32l14.153-23.645l1.461,0.874L60.303,59.093h10.648v3.405h-5.97v2.65h-1.702v-2.65h-4.674v6.535 h-1.702v-6.535H52.23z M53.908,57.366l9.229-25.457l1.601,0.58l-9.23,25.458L53.908,57.366z M49.436,55.496l4.882-27.413 l1.676,0.298l-4.881,27.413L49.436,55.496z M39.878,56.911l-4.485-26.227l1.678-0.287l4.485,26.227L39.878,56.911z M32.236,49.835 l-4.022-11.147l1.601-0.578l4.022,11.147L32.236,49.835z M11.279,58.836V28.511c0-6.055,4.908-10.963,10.963-10.963h30.324v1.983 H22.242c-4.96,0-8.981,4.02-8.981,8.98v30.325H11.279z M44.152,31.231v-3.824h1.702v3.824H44.152z\"><\/path> <\/svg>\t\t\t<\/div>\n\t\t<\/div>\n\t\t\t\t\t\t<\/div>\n\t\t\t\t<\/div>\n\t\t\t\t<div class=\"elementor-element elementor-element-2e45d890 elementor-invisible elementor-widget elementor-widget-heading\" data-id=\"2e45d890\" data-element_type=\"widget\" data-e-type=\"widget\" data-settings=\"{&quot;_animation&quot;:&quot;fadeInUp&quot;}\" data-widget_type=\"heading.default\">\n\t\t\t\t<div class=\"elementor-widget-container\">\n\t\t\t\t\t<h1 class=\"elementor-heading-title elementor-size-default\">DOSAGE<\/h1>\t\t\t\t<\/div>\n\t\t\t\t<\/div>\n\t\t\t\t<div class=\"elementor-element elementor-element-1ab95346 elementor-widget__width-initial elementor-invisible elementor-widget elementor-widget-text-editor\" data-id=\"1ab95346\" data-element_type=\"widget\" data-e-type=\"widget\" data-settings=\"{&quot;_animation&quot;:&quot;fadeIn&quot;}\" data-widget_type=\"text-editor.default\">\n\t\t\t\t<div class=\"elementor-widget-container\">\n\t\t\t\t\t\t\t\t\t<div class=\"page\" title=\"Page 5\">\n<div class=\"layoutArea\">\n<div class=\"column\">\n<div class=\"page\" title=\"Page 6\">\n<div class=\"section\">\n<div class=\"layoutArea\">\n<div class=\"column\">\n<div class=\"page\" title=\"Page 6\">\n<div class=\"section\">\n<div class=\"layoutArea\">\n<div class=\"column\">\n<p>Les vannes en acier inox avec ouvertures \u00e0 <strong>g\u00e9om\u00e9trie variable<\/strong> permettent d\u2019obtenir une courbe de dosage appropri\u00e9e aux exigences d\u2019\u00e9pandage grandes et petites.<\/p>\n<\/div>\n<\/div>\n<\/div>\n<\/div>\n<\/div>\n<\/div>\n<\/div>\n<\/div>\n<\/div>\n<\/div>\n<\/div>\n\t\t\t\t\t\t\t\t<\/div>\n\t\t\t\t<\/div>\n\t\t<div class=\"elementor-element elementor-element-608cd41f e-con-full e-flex e-con e-child\" data-id=\"608cd41f\" data-element_type=\"container\" data-e-type=\"container\" data-settings=\"{&quot;background_background&quot;:&quot;classic&quot;,&quot;_ha_eqh_enable&quot;:false}\">\n\t\t\t\t<\/div>\n\t\t\t\t<div class=\"elementor-element elementor-element-a26f819 elementor-widget__width-initial elementor-invisible elementor-widget elementor-widget-text-editor\" data-id=\"a26f819\" data-element_type=\"widget\" data-e-type=\"widget\" data-settings=\"{&quot;_animation&quot;:&quot;fadeIn&quot;}\" data-widget_type=\"text-editor.default\">\n\t\t\t\t<div class=\"elementor-widget-container\">\n\t\t\t\t\t\t\t\t\t<div class=\"page\" title=\"Page 5\">\n<div class=\"layoutArea\">\n<div class=\"column\">\n<div class=\"page\" title=\"Page 6\">\n<div class=\"section\">\n<div class=\"layoutArea\">\n<div class=\"column\">\n<div class=\"page\" title=\"Page 6\">\n<div class=\"section\">\n<div class=\"layoutArea\">\n<div class=\"column\">\n<div class=\"page\" title=\"Page 6\">\n<div class=\"section\">\n<div class=\"layoutArea\">\n<div class=\"column\">\n<p>L&rsquo;APP Eurospand calcule et fournit l&rsquo;ouverture optimale \u00e0 r\u00e9gler pour une large gamme d&rsquo;engrais et de semences.<\/p>\n<\/div>\n<\/div>\n<\/div>\n<\/div>\n<\/div>\n<\/div>\n<\/div>\n<\/div>\n<\/div>\n<\/div>\n<\/div>\n<\/div>\n<\/div>\n<\/div>\n<\/div>\n\t\t\t\t\t\t\t\t<\/div>\n\t\t\t\t<\/div>\n\t\t\t\t<div class=\"elementor-element elementor-element-8e64056 elementor-widget elementor-widget-image\" data-id=\"8e64056\" data-element_type=\"widget\" data-e-type=\"widget\" data-widget_type=\"image.default\">\n\t\t\t\t<div class=\"elementor-widget-container\">\n\t\t\t\t\t\t\t\t\t\t\t\t\t\t\t<img fetchpriority=\"high\" decoding=\"async\" width=\"913\" height=\"467\" src=\"https:\/\/www.eurospand.com\/wp-content\/uploads\/2024\/10\/eurospand-FR-courbe-de-dosage-NPK-15-15-15.svg\" class=\"attachment-full size-full wp-image-13256\" alt=\"\" \/>\t\t\t\t\t\t\t\t\t\t\t\t\t\t\t<\/div>\n\t\t\t\t<\/div>\n\t\t\t\t<\/div>\n\t\t\t\t<\/div>\n\t\t<div class=\"elementor-element elementor-element-a1a8c56 e-con-full e-flex e-con e-parent\" data-id=\"a1a8c56\" data-element_type=\"container\" data-e-type=\"container\" data-settings=\"{&quot;background_background&quot;:&quot;classic&quot;,&quot;_ha_eqh_enable&quot;:false}\">\n\t\t<div class=\"elementor-element elementor-element-9688315 e-con-full e-flex e-con e-child\" data-id=\"9688315\" data-element_type=\"container\" data-e-type=\"container\" data-settings=\"{&quot;background_background&quot;:&quot;classic&quot;,&quot;_ha_eqh_enable&quot;:false}\">\n\t\t\t\t<\/div>\n\t\t<div class=\"elementor-element elementor-element-a5f6772 e-con-full e-flex e-con e-child\" data-id=\"a5f6772\" data-element_type=\"container\" data-e-type=\"container\" data-settings=\"{&quot;_ha_eqh_enable&quot;:false}\">\n\t\t\t\t<div class=\"elementor-element elementor-element-a0a56ce elementor-view-default elementor-invisible elementor-widget elementor-widget-icon\" data-id=\"a0a56ce\" data-element_type=\"widget\" data-e-type=\"widget\" data-settings=\"{&quot;_animation&quot;:&quot;fadeInDown&quot;}\" data-widget_type=\"icon.default\">\n\t\t\t\t<div class=\"elementor-widget-container\">\n\t\t\t\t\t\t\t<div class=\"elementor-icon-wrapper\">\n\t\t\t<div class=\"elementor-icon\">\n\t\t\t<svg xmlns=\"http:\/\/www.w3.org\/2000\/svg\" xmlns:xlink=\"http:\/\/www.w3.org\/1999\/xlink\" id=\"Livello_1\" x=\"0px\" y=\"0px\" width=\"90px\" height=\"85px\" viewBox=\"0 0 90 85\" xml:space=\"preserve\"> <path d=\"M27.063,35.566l-2.011-5.574l1.601-0.577l2.011,5.574L27.063,35.566 M61.12,47.673l5.458-11.705l1.543,0.719l-5.459,11.705 L61.12,47.673z M54.643,45.44l3.344-12.476l1.644,0.44L56.287,45.88L54.643,45.44z M47.877,44.365L49.003,31.5l1.696,0.148 l-1.126,12.866L47.877,44.365z M41.028,44.482l-1.126-12.865l1.696-0.149l1.125,12.866L41.028,44.482z M34.303,45.786L30.96,33.312 l1.644-0.441l3.343,12.475L34.303,45.786z M27.906,48.239l-5.458-11.705l1.543-0.719l5.458,11.705L27.906,48.239z M59.748,73.579 h7.25v1.702h-7.25V73.579z M27.483,70.804v2.775h2.775v1.702h-2.775v2.773h-1.702v-2.773h-2.774v-1.702h2.774v-2.775H27.483z M52.23,62.498v2.65h-1.702v-2.65h-4.676l0.001,7.614l6.65,12.901l15.26,0.001c4.96,0,8.981-4.021,8.981-8.98V43.709h1.981v30.325 c0,6.055-4.907,10.962-10.963,10.962H37.439v-1.131h-0.375l0.375-0.729l6.712-13.021V69.19v-6.692h-4.786v2.739h-1.702v-2.739 h-4.784v6.692h-1.702v-6.692h-4.785v2.739H24.69v-2.739h-5.635v-3.405h10.643L16.071,36.33l1.46-0.874l14.15,23.637h12.47 l0.001-26.152h1.702v26.152H58.32l14.153-23.645l1.461,0.874L60.303,59.093h10.648v3.405h-5.97v2.65h-1.702v-2.65h-4.674v6.535 h-1.702v-6.535H52.23z M53.908,57.366l9.229-25.457l1.601,0.58l-9.23,25.458L53.908,57.366z M49.436,55.496l4.882-27.413 l1.676,0.298l-4.881,27.413L49.436,55.496z M39.878,56.911l-4.485-26.227l1.678-0.287l4.485,26.227L39.878,56.911z M32.236,49.835 l-4.022-11.147l1.601-0.578l4.022,11.147L32.236,49.835z M11.279,58.836V28.511c0-6.055,4.908-10.963,10.963-10.963h30.324v1.983 H22.242c-4.96,0-8.981,4.02-8.981,8.98v30.325H11.279z M44.152,31.231v-3.824h1.702v3.824H44.152z\"><\/path> <\/svg>\t\t\t<\/div>\n\t\t<\/div>\n\t\t\t\t\t\t<\/div>\n\t\t\t\t<\/div>\n\t\t\t\t<div class=\"elementor-element elementor-element-a7368de elementor-invisible elementor-widget elementor-widget-heading\" data-id=\"a7368de\" data-element_type=\"widget\" data-e-type=\"widget\" data-settings=\"{&quot;_animation&quot;:&quot;fadeInUp&quot;}\" data-widget_type=\"heading.default\">\n\t\t\t\t<div class=\"elementor-widget-container\">\n\t\t\t\t\t<h2 class=\"elementor-heading-title elementor-size-default\">DISTRIBUTION<\/h2>\t\t\t\t<\/div>\n\t\t\t\t<\/div>\n\t\t\t\t<div class=\"elementor-element elementor-element-85750b8 elementor-widget__width-initial elementor-invisible elementor-widget elementor-widget-text-editor\" data-id=\"85750b8\" data-element_type=\"widget\" data-e-type=\"widget\" data-settings=\"{&quot;_animation&quot;:&quot;fadeIn&quot;}\" data-widget_type=\"text-editor.default\">\n\t\t\t\t<div class=\"elementor-widget-container\">\n\t\t\t\t\t\t\t\t\t<div class=\"page\" title=\"Page 5\">\n<div class=\"layoutArea\">\n<div class=\"column\">\n<div class=\"page\" title=\"Page 6\">\n<div class=\"section\">\n<div class=\"layoutArea\">\n<div class=\"column\">\n<div class=\"page\" title=\"Page 6\">\n<div class=\"section\">\n<div class=\"layoutArea\">\n<div class=\"column\">\n<p>Un syst\u00e8me d\u2019<strong>ajustement automatique<\/strong> optimise l\u2019entr\u00e9e de l\u2019engrais sur les disques d\u2019\u00e9pandage en<br \/>fonction de l\u2019augmentation de la quantit\u00e9 livr\u00e9e.<\/p>\n<p>Il est possible de <strong>modifier manuellement<\/strong> l\u2019avancement ou le retard de la sortie de l\u2019engrais sur les disques pour compenser les diff\u00e9rentes variations des caract\u00e9ristiques physiques de l\u2019engrais.<\/p>\n<\/div>\n<\/div>\n<\/div>\n<\/div>\n<\/div>\n<\/div>\n<\/div>\n<\/div>\n<\/div>\n<\/div>\n<\/div>\n\t\t\t\t\t\t\t\t<\/div>\n\t\t\t\t<\/div>\n\t\t\t\t<div class=\"elementor-element elementor-element-b4b27db elementor-widget elementor-widget-image\" data-id=\"b4b27db\" data-element_type=\"widget\" data-e-type=\"widget\" data-widget_type=\"image.default\">\n\t\t\t\t<div class=\"elementor-widget-container\">\n\t\t\t\t\t\t\t\t\t\t\t\t\t\t\t<img decoding=\"async\" width=\"219\" height=\"112\" src=\"https:\/\/www.eurospand.com\/wp-content\/uploads\/2025\/02\/dosaggio-distribuzione-tabella-doppia-sovrapposizione-FR.svg\" class=\"attachment-full size-full wp-image-25993\" alt=\"dosage-distribution-tableau-double-superposition\" \/>\t\t\t\t\t\t\t\t\t\t\t\t\t\t\t<\/div>\n\t\t\t\t<\/div>\n\t\t\t\t<div class=\"elementor-element elementor-element-a81f21e elementor-widget elementor-widget-image\" data-id=\"a81f21e\" data-element_type=\"widget\" data-e-type=\"widget\" data-widget_type=\"image.default\">\n\t\t\t\t<div class=\"elementor-widget-container\">\n\t\t\t\t\t\t\t\t\t\t\t\t\t\t\t<img decoding=\"async\" width=\"913\" height=\"467\" src=\"https:\/\/www.eurospand.com\/wp-content\/uploads\/2024\/10\/eurospand-FR-coefficient-de-variation.svg\" class=\"attachment-full size-full wp-image-13255\" alt=\"\" \/>\t\t\t\t\t\t\t\t\t\t\t\t\t\t\t<\/div>\n\t\t\t\t<\/div>\n\t\t\t\t<div class=\"elementor-element elementor-element-b254aac elementor-widget__width-initial elementor-invisible elementor-widget elementor-widget-text-editor\" data-id=\"b254aac\" data-element_type=\"widget\" data-e-type=\"widget\" data-settings=\"{&quot;_animation&quot;:&quot;fadeIn&quot;}\" data-widget_type=\"text-editor.default\">\n\t\t\t\t<div class=\"elementor-widget-container\">\n\t\t\t\t\t\t\t\t\t<div title=\"Page 5\">\n<div>\n<div>\n<div title=\"Page 6\">\n<div>\n<div>\n<div>\n<div title=\"Page 6\">\n<div>\n<div>\n<div>\n<div title=\"Page 6\">\n<div>\n<div>\n<div>\n<p>Palettes imprim\u00e9es avec profils brevet\u00e9s et barri\u00e8re en acier inox qui surplombent les disques de<br \/>propagation: depuis toujours deux de nos choix gagnants pour assurer une parfaite distribution<br \/>transversale.<\/p>\n<\/div>\n<\/div>\n<\/div>\n<\/div>\n<\/div>\n<\/div>\n<\/div>\n<\/div>\n<\/div>\n<\/div>\n<\/div>\n<\/div>\n<\/div>\n<\/div>\n<\/div>\n\t\t\t\t\t\t\t\t<\/div>\n\t\t\t\t<\/div>\n\t\t\t\t<div class=\"elementor-element elementor-element-8047d1e elementor-widget elementor-widget-image\" data-id=\"8047d1e\" data-element_type=\"widget\" data-e-type=\"widget\" data-widget_type=\"image.default\">\n\t\t\t\t<div class=\"elementor-widget-container\">\n\t\t\t\t\t\t\t\t\t\t\t\t\t\t\t<img loading=\"lazy\" decoding=\"async\" width=\"881\" height=\"372\" src=\"https:\/\/www.eurospand.com\/wp-content\/uploads\/2024\/10\/eurospand-spandiconcime-dosaggio-distribuzione-barriera-inox.jpg\" class=\"attachment-full size-full wp-image-13155\" alt=\"Machine spandiconcime Eurospand en gros plan, technologie avanc\u00e9e et robuste.\" srcset=\"https:\/\/www.eurospand.com\/wp-content\/uploads\/2024\/10\/eurospand-spandiconcime-dosaggio-distribuzione-barriera-inox.jpg 881w, https:\/\/www.eurospand.com\/wp-content\/uploads\/2024\/10\/eurospand-spandiconcime-dosaggio-distribuzione-barriera-inox-300x127.jpg 300w, https:\/\/www.eurospand.com\/wp-content\/uploads\/2024\/10\/eurospand-spandiconcime-dosaggio-distribuzione-barriera-inox-768x324.jpg 768w\" sizes=\"(max-width: 881px) 100vw, 881px\" \/>\t\t\t\t\t\t\t\t\t\t\t\t\t\t\t<\/div>\n\t\t\t\t<\/div>\n\t\t\t\t<\/div>\n\t\t\t\t<\/div>\n\t\t\t\t<\/div>\n\t\t","protected":false},"excerpt":{"rendered":"<p>DOSAGE Les vannes en acier inox avec ouvertures \u00e0 g\u00e9om\u00e9trie variable permettent d\u2019obtenir une courbe de dosage appropri\u00e9e aux exigences d\u2019\u00e9pandage grandes et petites. L&rsquo;APP Eurospand calcule et fournit l&rsquo;ouverture optimale \u00e0 r\u00e9gler pour une large gamme d&rsquo;engrais et de semences. DISTRIBUTION Un syst\u00e8me d\u2019ajustement automatique optimise l\u2019entr\u00e9e de l\u2019engrais sur les disques d\u2019\u00e9pandage enfonction [&hellip;]<\/p>\n","protected":false},"author":1,"featured_media":0,"parent":0,"menu_order":0,"comment_status":"closed","ping_status":"closed","template":"","meta":{"cybocfi_hide_featured_image":"","footnotes":""},"class_list":["post-13588","page","type-page","status-publish","hentry"],"yoast_head":"<!-- This site is optimized with the Yoast SEO plugin v27.2 - https:\/\/yoast.com\/product\/yoast-seo-wordpress\/ -->\n<title>Dosage et Distribution d&#039;Engrais - Syst\u00e0 mes Automatis\u00e9s Eurospand<\/title>\n<meta name=\"description\" content=\"Optimisez votre \u00e9pandage avec Eurospand : dosage pr\u00e9cis et distribution parfaite gr\u00e0\u00a2ce \u00e0 nos vannes et systemes ajustables en acier inox.\" \/>\n<meta name=\"robots\" content=\"index, follow, max-snippet:-1, max-image-preview:large, max-video-preview:-1\" \/>\n<link rel=\"canonical\" href=\"https:\/\/www.eurospand.com\/fr\/dosage-et-distribution\/\" \/>\n<meta property=\"og:locale\" content=\"fr_FR\" \/>\n<meta property=\"og:type\" content=\"article\" \/>\n<meta property=\"og:title\" content=\"Dosage et Distribution d&#039;Engrais - Syst\u00e0 mes Automatis\u00e9s Eurospand\" \/>\n<meta property=\"og:description\" content=\"Optimisez votre \u00e9pandage avec Eurospand : dosage pr\u00e9cis et distribution parfaite gr\u00e0\u00a2ce \u00e0 nos vannes et systemes ajustables en acier inox.\" \/>\n<meta property=\"og:url\" content=\"https:\/\/www.eurospand.com\/fr\/dosage-et-distribution\/\" \/>\n<meta property=\"og:site_name\" content=\"Eurospand\" \/>\n<meta property=\"article:publisher\" content=\"https:\/\/www.instagram.com\/eurospand_cavallo\/\" \/>\n<meta property=\"article:modified_time\" content=\"2025-02-27T10:40:42+00:00\" \/>\n<meta property=\"og:image\" content=\"https:\/\/eurospand.com\/wp-content\/uploads\/2024\/10\/eurospand-FR-courbe-de-dosage-NPK-15-15-15.svg\" \/>\n<meta name=\"twitter:card\" content=\"summary_large_image\" \/>\n<meta name=\"twitter:label1\" content=\"Dur\u00e9e de lecture estim\u00e9e\" \/>\n\t<meta name=\"twitter:data1\" content=\"2 minutes\" \/>\n<script type=\"application\/ld+json\" class=\"yoast-schema-graph\">{\"@context\":\"https:\/\/schema.org\",\"@graph\":[{\"@type\":\"WebPage\",\"@id\":\"https:\/\/www.eurospand.com\/fr\/dosage-et-distribution\/\",\"url\":\"https:\/\/www.eurospand.com\/fr\/dosage-et-distribution\/\",\"name\":\"Dosage et Distribution d'Engrais - Syst\u00e0 mes Automatis\u00e9s Eurospand\",\"isPartOf\":{\"@id\":\"https:\/\/www.eurospand.com\/fr\/#website\"},\"primaryImageOfPage\":{\"@id\":\"https:\/\/www.eurospand.com\/fr\/dosage-et-distribution\/#primaryimage\"},\"image\":{\"@id\":\"https:\/\/www.eurospand.com\/fr\/dosage-et-distribution\/#primaryimage\"},\"thumbnailUrl\":\"https:\/\/eurospand.com\/wp-content\/uploads\/2024\/10\/eurospand-FR-courbe-de-dosage-NPK-15-15-15.svg\",\"datePublished\":\"2024-08-22T15:54:23+00:00\",\"dateModified\":\"2025-02-27T10:40:42+00:00\",\"description\":\"Optimisez votre \u00e9pandage avec Eurospand : dosage pr\u00e9cis et distribution parfaite gr\u00e0\u00a2ce \u00e0 nos vannes et systemes ajustables en acier inox.\",\"breadcrumb\":{\"@id\":\"https:\/\/www.eurospand.com\/fr\/dosage-et-distribution\/#breadcrumb\"},\"inLanguage\":\"fr-FR\",\"potentialAction\":[{\"@type\":\"ReadAction\",\"target\":[\"https:\/\/www.eurospand.com\/fr\/dosage-et-distribution\/\"]}]},{\"@type\":\"ImageObject\",\"inLanguage\":\"fr-FR\",\"@id\":\"https:\/\/www.eurospand.com\/fr\/dosage-et-distribution\/#primaryimage\",\"url\":\"https:\/\/eurospand.com\/wp-content\/uploads\/2024\/10\/eurospand-FR-courbe-de-dosage-NPK-15-15-15.svg\",\"contentUrl\":\"https:\/\/eurospand.com\/wp-content\/uploads\/2024\/10\/eurospand-FR-courbe-de-dosage-NPK-15-15-15.svg\"},{\"@type\":\"BreadcrumbList\",\"@id\":\"https:\/\/www.eurospand.com\/fr\/dosage-et-distribution\/#breadcrumb\",\"itemListElement\":[{\"@type\":\"ListItem\",\"position\":1,\"name\":\"Home\",\"item\":\"https:\/\/www.eurospand.com\/fr\/\"},{\"@type\":\"ListItem\",\"position\":2,\"name\":\"Dosage et Distribution\"}]},{\"@type\":\"WebSite\",\"@id\":\"https:\/\/www.eurospand.com\/fr\/#website\",\"url\":\"https:\/\/www.eurospand.com\/fr\/\",\"name\":\"Eurospand - Spandiconcime\",\"description\":\"Spandiconcime\",\"publisher\":{\"@id\":\"https:\/\/www.eurospand.com\/fr\/#organization\"},\"alternateName\":\"Eurospand\",\"potentialAction\":[{\"@type\":\"SearchAction\",\"target\":{\"@type\":\"EntryPoint\",\"urlTemplate\":\"https:\/\/www.eurospand.com\/fr\/?s={search_term_string}\"},\"query-input\":{\"@type\":\"PropertyValueSpecification\",\"valueRequired\":true,\"valueName\":\"search_term_string\"}}],\"inLanguage\":\"fr-FR\"},{\"@type\":\"Organization\",\"@id\":\"https:\/\/www.eurospand.com\/fr\/#organization\",\"name\":\"Eurospand - Spandiconcime\",\"alternateName\":\"Eurospand\",\"url\":\"https:\/\/www.eurospand.com\/fr\/\",\"logo\":{\"@type\":\"ImageObject\",\"inLanguage\":\"fr-FR\",\"@id\":\"https:\/\/www.eurospand.com\/fr\/#\/schema\/logo\/image\/\",\"url\":\"https:\/\/www.eurospand.com\/wp-content\/uploads\/2024\/07\/eurospand-logo.svg\",\"contentUrl\":\"https:\/\/www.eurospand.com\/wp-content\/uploads\/2024\/07\/eurospand-logo.svg\",\"caption\":\"Eurospand - Spandiconcime\"},\"image\":{\"@id\":\"https:\/\/www.eurospand.com\/fr\/#\/schema\/logo\/image\/\"},\"sameAs\":[\"https:\/\/www.instagram.com\/eurospand_cavallo\/\",\"https:\/\/www.youtube.com\/channel\/UCXxWUu_8sG6Cka0HVwYU3aA\"]}]}<\/script>\n<!-- \/ Yoast SEO plugin. -->","yoast_head_json":{"title":"Dosage et Distribution d'Engrais - Syst\u00e0 mes Automatis\u00e9s Eurospand","description":"Optimisez votre \u00e9pandage avec Eurospand : dosage pr\u00e9cis et distribution parfaite gr\u00e0\u00a2ce \u00e0 nos vannes et systemes ajustables en acier inox.","robots":{"index":"index","follow":"follow","max-snippet":"max-snippet:-1","max-image-preview":"max-image-preview:large","max-video-preview":"max-video-preview:-1"},"canonical":"https:\/\/www.eurospand.com\/fr\/dosage-et-distribution\/","og_locale":"fr_FR","og_type":"article","og_title":"Dosage et Distribution d'Engrais - Syst\u00e0 mes Automatis\u00e9s Eurospand","og_description":"Optimisez votre \u00e9pandage avec Eurospand : dosage pr\u00e9cis et distribution parfaite gr\u00e0\u00a2ce \u00e0 nos vannes et systemes ajustables en acier inox.","og_url":"https:\/\/www.eurospand.com\/fr\/dosage-et-distribution\/","og_site_name":"Eurospand","article_publisher":"https:\/\/www.instagram.com\/eurospand_cavallo\/","article_modified_time":"2025-02-27T10:40:42+00:00","og_image":[{"url":"https:\/\/eurospand.com\/wp-content\/uploads\/2024\/10\/eurospand-FR-courbe-de-dosage-NPK-15-15-15.svg","type":"","width":"","height":""}],"twitter_card":"summary_large_image","twitter_misc":{"Dur\u00e9e de lecture estim\u00e9e":"2 minutes"},"schema":{"@context":"https:\/\/schema.org","@graph":[{"@type":"WebPage","@id":"https:\/\/www.eurospand.com\/fr\/dosage-et-distribution\/","url":"https:\/\/www.eurospand.com\/fr\/dosage-et-distribution\/","name":"Dosage et Distribution d'Engrais - Syst\u00e0 mes Automatis\u00e9s Eurospand","isPartOf":{"@id":"https:\/\/www.eurospand.com\/fr\/#website"},"primaryImageOfPage":{"@id":"https:\/\/www.eurospand.com\/fr\/dosage-et-distribution\/#primaryimage"},"image":{"@id":"https:\/\/www.eurospand.com\/fr\/dosage-et-distribution\/#primaryimage"},"thumbnailUrl":"https:\/\/eurospand.com\/wp-content\/uploads\/2024\/10\/eurospand-FR-courbe-de-dosage-NPK-15-15-15.svg","datePublished":"2024-08-22T15:54:23+00:00","dateModified":"2025-02-27T10:40:42+00:00","description":"Optimisez votre \u00e9pandage avec Eurospand : dosage pr\u00e9cis et distribution parfaite gr\u00e0\u00a2ce \u00e0 nos vannes et systemes ajustables en acier inox.","breadcrumb":{"@id":"https:\/\/www.eurospand.com\/fr\/dosage-et-distribution\/#breadcrumb"},"inLanguage":"fr-FR","potentialAction":[{"@type":"ReadAction","target":["https:\/\/www.eurospand.com\/fr\/dosage-et-distribution\/"]}]},{"@type":"ImageObject","inLanguage":"fr-FR","@id":"https:\/\/www.eurospand.com\/fr\/dosage-et-distribution\/#primaryimage","url":"https:\/\/eurospand.com\/wp-content\/uploads\/2024\/10\/eurospand-FR-courbe-de-dosage-NPK-15-15-15.svg","contentUrl":"https:\/\/eurospand.com\/wp-content\/uploads\/2024\/10\/eurospand-FR-courbe-de-dosage-NPK-15-15-15.svg"},{"@type":"BreadcrumbList","@id":"https:\/\/www.eurospand.com\/fr\/dosage-et-distribution\/#breadcrumb","itemListElement":[{"@type":"ListItem","position":1,"name":"Home","item":"https:\/\/www.eurospand.com\/fr\/"},{"@type":"ListItem","position":2,"name":"Dosage et Distribution"}]},{"@type":"WebSite","@id":"https:\/\/www.eurospand.com\/fr\/#website","url":"https:\/\/www.eurospand.com\/fr\/","name":"Eurospand - Spandiconcime","description":"Spandiconcime","publisher":{"@id":"https:\/\/www.eurospand.com\/fr\/#organization"},"alternateName":"Eurospand","potentialAction":[{"@type":"SearchAction","target":{"@type":"EntryPoint","urlTemplate":"https:\/\/www.eurospand.com\/fr\/?s={search_term_string}"},"query-input":{"@type":"PropertyValueSpecification","valueRequired":true,"valueName":"search_term_string"}}],"inLanguage":"fr-FR"},{"@type":"Organization","@id":"https:\/\/www.eurospand.com\/fr\/#organization","name":"Eurospand - Spandiconcime","alternateName":"Eurospand","url":"https:\/\/www.eurospand.com\/fr\/","logo":{"@type":"ImageObject","inLanguage":"fr-FR","@id":"https:\/\/www.eurospand.com\/fr\/#\/schema\/logo\/image\/","url":"https:\/\/www.eurospand.com\/wp-content\/uploads\/2024\/07\/eurospand-logo.svg","contentUrl":"https:\/\/www.eurospand.com\/wp-content\/uploads\/2024\/07\/eurospand-logo.svg","caption":"Eurospand - Spandiconcime"},"image":{"@id":"https:\/\/www.eurospand.com\/fr\/#\/schema\/logo\/image\/"},"sameAs":["https:\/\/www.instagram.com\/eurospand_cavallo\/","https:\/\/www.youtube.com\/channel\/UCXxWUu_8sG6Cka0HVwYU3aA"]}]}},"_links":{"self":[{"href":"https:\/\/www.eurospand.com\/fr\/wp-json\/wp\/v2\/pages\/13588","targetHints":{"allow":["GET"]}}],"collection":[{"href":"https:\/\/www.eurospand.com\/fr\/wp-json\/wp\/v2\/pages"}],"about":[{"href":"https:\/\/www.eurospand.com\/fr\/wp-json\/wp\/v2\/types\/page"}],"author":[{"embeddable":true,"href":"https:\/\/www.eurospand.com\/fr\/wp-json\/wp\/v2\/users\/1"}],"replies":[{"embeddable":true,"href":"https:\/\/www.eurospand.com\/fr\/wp-json\/wp\/v2\/comments?post=13588"}],"version-history":[{"count":13,"href":"https:\/\/www.eurospand.com\/fr\/wp-json\/wp\/v2\/pages\/13588\/revisions"}],"predecessor-version":[{"id":26001,"href":"https:\/\/www.eurospand.com\/fr\/wp-json\/wp\/v2\/pages\/13588\/revisions\/26001"}],"wp:attachment":[{"href":"https:\/\/www.eurospand.com\/fr\/wp-json\/wp\/v2\/media?parent=13588"}],"curies":[{"name":"wp","href":"https:\/\/api.w.org\/{rel}","templated":true}]}}