{"id":15085,"date":"2024-08-24T10:56:45","date_gmt":"2024-08-24T08:56:45","guid":{"rendered":"https:\/\/staging.eurospand.com\/bascula\/"},"modified":"2024-10-25T11:02:49","modified_gmt":"2024-10-25T09:02:49","slug":"bascula","status":"publish","type":"page","link":"https:\/\/www.eurospand.com\/es\/bascula\/","title":{"rendered":"B\u00e1scula"},"content":{"rendered":"\t\t<div data-elementor-type=\"wp-page\" data-elementor-id=\"15085\" class=\"elementor elementor-15085 elementor-3233\" data-elementor-settings=\"{&quot;ha_cmc_init_switcher&quot;:&quot;no&quot;}\" data-elementor-post-type=\"page\">\n\t\t\t\t<div class=\"elementor-element elementor-element-7f902c92 e-con-full e-flex e-con e-parent\" data-id=\"7f902c92\" data-element_type=\"container\" data-e-type=\"container\" data-settings=\"{&quot;background_background&quot;:&quot;classic&quot;,&quot;_ha_eqh_enable&quot;:false}\">\n\t\t<div class=\"elementor-element elementor-element-1e1cca9 e-con-full e-flex e-con e-child\" data-id=\"1e1cca9\" data-element_type=\"container\" data-e-type=\"container\" data-settings=\"{&quot;background_background&quot;:&quot;classic&quot;,&quot;_ha_eqh_enable&quot;:false}\">\n\t\t\t\t<\/div>\n\t\t<div class=\"elementor-element elementor-element-243bb5fd e-con-full e-flex e-con e-child\" data-id=\"243bb5fd\" data-element_type=\"container\" data-e-type=\"container\" data-settings=\"{&quot;_ha_eqh_enable&quot;:false}\">\n\t\t\t\t<div class=\"elementor-element elementor-element-2efefdd8 elementor-view-default elementor-invisible elementor-widget elementor-widget-icon\" data-id=\"2efefdd8\" data-element_type=\"widget\" data-e-type=\"widget\" data-settings=\"{&quot;_animation&quot;:&quot;fadeInDown&quot;}\" data-widget_type=\"icon.default\">\n\t\t\t\t<div class=\"elementor-widget-container\">\n\t\t\t\t\t\t\t<div class=\"elementor-icon-wrapper\">\n\t\t\t<div class=\"elementor-icon\">\n\t\t\t<svg xmlns=\"http:\/\/www.w3.org\/2000\/svg\" xmlns:xlink=\"http:\/\/www.w3.org\/1999\/xlink\" id=\"Livello_1\" x=\"0px\" y=\"0px\" width=\"90px\" height=\"85px\" viewBox=\"0 0 90 85\" xml:space=\"preserve\"> <path d=\"M78.709,48.723v25.318c0,6.05-4.904,10.955-10.954,10.955H42.436v-1.982h25.319c4.955,0,8.972-4.017,8.972-8.973V48.723 H78.709 M34.179,68.327l-7.563-34.058h3.22l6.1,30.447l7.173-30.447h4.147l6.393,30.447l6.732-30.447h3.026l-7.856,34.058h-3.807 L45.06,37.685l-7.318,30.642H34.179z M11.128,63.492V52.367H0.003v-2.44h11.125V38.803h2.439v11.124h11.125v2.44H13.567v11.125 H11.128z M11.33,34.319v-5.64c0-6.071,4.922-10.993,10.993-10.993h9.742c1.304,0.148,1.845-0.068,1.764-1.453 c-0.37-1.15-0.569-2.376-0.569-3.646c0-6.568,5.324-11.893,11.894-11.893c6.567,0,11.893,5.325,11.893,11.893 c0,1.474-0.269,2.866-0.614,4.115l-1.909-0.527c0.315-1.146,0.542-2.351,0.542-3.588c0-5.474-4.438-9.911-9.911-9.911 c-5.474,0-9.911,4.437-9.911,9.911c0,1.133,0.188,2.184,0.546,3.256c0.206,2.655-1.137,4.108-3.833,3.825h-9.632 c-4.977,0-9.011,4.034-9.011,9.011v5.64H11.33z\"><\/path> <\/svg>\t\t\t<\/div>\n\t\t<\/div>\n\t\t\t\t\t\t<\/div>\n\t\t\t\t<\/div>\n\t\t\t\t<div class=\"elementor-element elementor-element-715596a7 elementor-invisible elementor-widget elementor-widget-heading\" data-id=\"715596a7\" data-element_type=\"widget\" data-e-type=\"widget\" data-settings=\"{&quot;_animation&quot;:&quot;fadeInUp&quot;}\" data-widget_type=\"heading.default\">\n\t\t\t\t<div class=\"elementor-widget-container\">\n\t\t\t\t\t<h1 class=\"elementor-heading-title elementor-size-default\">B\u00c1SCULA <br>ELECTRONICA<\/h1>\t\t\t\t<\/div>\n\t\t\t\t<\/div>\n\t\t\t\t<div class=\"elementor-element elementor-element-6beb595a elementor-widget__width-initial elementor-invisible elementor-widget elementor-widget-text-editor\" data-id=\"6beb595a\" data-element_type=\"widget\" data-e-type=\"widget\" data-settings=\"{&quot;_animation&quot;:&quot;fadeIn&quot;}\" data-widget_type=\"text-editor.default\">\n\t\t\t\t<div class=\"elementor-widget-container\">\n\t\t\t\t\t\t\t\t\t<div class=\"page\" title=\"Page 5\">\n<div class=\"layoutArea\">\n<div class=\"column\">\n<div class=\"page\" title=\"Page 10\">\n<div class=\"layoutArea\">\n<div class=\"column\">\n<p>Los modelos \u201c+W\u201d con doble chasis contienen <strong>2 c\u00e9lulas de carga incorporadas de 5000 kg c\/u<\/strong>, las<br \/>cuales detectan continuamente el peso real presente en la tolva. Generan un informe con una curva de distribuci\u00f3n de cada abono y de su cambiamiento f\u00edsico, permitiendo dispensar la exacta<br \/>cantidad por hect\u00e1rea deseada.<\/p>\n<p>Una unidad de control con <strong>inclin\u00f3metro<\/strong> gestiona las dos c\u00e9lulas colocadas en la zona de enganche inferior de la m\u00e1quina, revelando <strong>valores precisos, incluso en presencia de terrenos inclinados hasta el 12% (en todas las direcciones)<\/strong>.<\/p>\n<\/div>\n<\/div>\n<\/div>\n<\/div>\n<\/div>\n<\/div>\n\t\t\t\t\t\t\t\t<\/div>\n\t\t\t\t<\/div>\n\t\t\t\t<div class=\"elementor-element elementor-element-2f0de010 elementor-widget__width-initial elementor-widget elementor-widget-image\" data-id=\"2f0de010\" data-element_type=\"widget\" data-e-type=\"widget\" data-widget_type=\"image.default\">\n\t\t\t\t<div class=\"elementor-widget-container\">\n\t\t\t\t\t\t\t\t\t\t\t\t\t\t\t<img fetchpriority=\"high\" decoding=\"async\" width=\"403\" height=\"264\" src=\"https:\/\/www.eurospand.com\/wp-content\/uploads\/2024\/10\/eurospand-spandiconcime-schema-pesatura-elettronica.svg\" class=\"attachment-full size-full wp-image-15088\" alt=\"\" \/>\t\t\t\t\t\t\t\t\t\t\t\t\t\t\t<\/div>\n\t\t\t\t<\/div>\n\t\t\t\t<\/div>\n\t\t\t\t<\/div>\n\t\t\t\t<\/div>\n\t\t","protected":false},"excerpt":{"rendered":"<p>B\u00c1SCULA ELECTRONICA Los modelos \u201c+W\u201d con doble chasis contienen 2 c\u00e9lulas de carga incorporadas de 5000 kg c\/u, lascuales detectan continuamente el peso real presente en la tolva. Generan un informe con una curva de distribuci\u00f3n de cada abono y de su cambiamiento f\u00edsico, permitiendo dispensar la exactacantidad por hect\u00e1rea deseada. Una unidad de control [&hellip;]<\/p>\n","protected":false},"author":1,"featured_media":0,"parent":0,"menu_order":0,"comment_status":"closed","ping_status":"closed","template":"","meta":{"cybocfi_hide_featured_image":"","footnotes":""},"class_list":["post-15085","page","type-page","status-publish","hentry"],"yoast_head":"<!-- This site is optimized with the Yoast SEO plugin v27.2 - https:\/\/yoast.com\/product\/yoast-seo-wordpress\/ -->\n<title>B\u00e1scula Electr\u00f3nica Eurospand: Precisi\u00f3n en Terrenos Inclinados<\/title>\n<meta name=\"description\" content=\"B\u00e1scula electr\u00f3nica Eurospand: doble chasis, 2 c\u00e9lulas de 5000 kg, informe preciso incluso en terrenos inclinados hasta el 12%.\" \/>\n<meta name=\"robots\" content=\"index, follow, max-snippet:-1, max-image-preview:large, max-video-preview:-1\" \/>\n<link rel=\"canonical\" href=\"https:\/\/www.eurospand.com\/es\/bascula\/\" \/>\n<meta property=\"og:locale\" content=\"es_ES\" \/>\n<meta property=\"og:type\" content=\"article\" \/>\n<meta property=\"og:title\" content=\"B\u00e1scula Electr\u00f3nica Eurospand: Precisi\u00f3n en Terrenos Inclinados\" \/>\n<meta property=\"og:description\" content=\"B\u00e1scula electr\u00f3nica Eurospand: doble chasis, 2 c\u00e9lulas de 5000 kg, informe preciso incluso en terrenos inclinados hasta el 12%.\" \/>\n<meta property=\"og:url\" content=\"https:\/\/www.eurospand.com\/es\/bascula\/\" \/>\n<meta property=\"og:site_name\" content=\"Eurospand\" \/>\n<meta property=\"article:publisher\" content=\"https:\/\/www.instagram.com\/eurospand_cavallo\/\" \/>\n<meta property=\"article:modified_time\" content=\"2024-10-25T09:02:49+00:00\" \/>\n<meta property=\"og:image\" content=\"https:\/\/eurospand.com\/wp-content\/uploads\/2024\/10\/eurospand-spandiconcime-schema-pesatura-elettronica.svg\" \/>\n<meta name=\"twitter:card\" content=\"summary_large_image\" \/>\n<script type=\"application\/ld+json\" class=\"yoast-schema-graph\">{\"@context\":\"https:\/\/schema.org\",\"@graph\":[{\"@type\":\"WebPage\",\"@id\":\"https:\/\/www.eurospand.com\/es\/bascula\/\",\"url\":\"https:\/\/www.eurospand.com\/es\/bascula\/\",\"name\":\"B\u00e1scula Electr\u00f3nica Eurospand: Precisi\u00f3n en Terrenos Inclinados\",\"isPartOf\":{\"@id\":\"https:\/\/www.eurospand.com\/es\/#website\"},\"primaryImageOfPage\":{\"@id\":\"https:\/\/www.eurospand.com\/es\/bascula\/#primaryimage\"},\"image\":{\"@id\":\"https:\/\/www.eurospand.com\/es\/bascula\/#primaryimage\"},\"thumbnailUrl\":\"https:\/\/eurospand.com\/wp-content\/uploads\/2024\/10\/eurospand-spandiconcime-schema-pesatura-elettronica.svg\",\"datePublished\":\"2024-08-24T08:56:45+00:00\",\"dateModified\":\"2024-10-25T09:02:49+00:00\",\"description\":\"B\u00e1scula electr\u00f3nica Eurospand: doble chasis, 2 c\u00e9lulas de 5000 kg, informe preciso incluso en terrenos inclinados hasta el 12%.\",\"breadcrumb\":{\"@id\":\"https:\/\/www.eurospand.com\/es\/bascula\/#breadcrumb\"},\"inLanguage\":\"es\",\"potentialAction\":[{\"@type\":\"ReadAction\",\"target\":[\"https:\/\/www.eurospand.com\/es\/bascula\/\"]}]},{\"@type\":\"ImageObject\",\"inLanguage\":\"es\",\"@id\":\"https:\/\/www.eurospand.com\/es\/bascula\/#primaryimage\",\"url\":\"https:\/\/eurospand.com\/wp-content\/uploads\/2024\/10\/eurospand-spandiconcime-schema-pesatura-elettronica.svg\",\"contentUrl\":\"https:\/\/eurospand.com\/wp-content\/uploads\/2024\/10\/eurospand-spandiconcime-schema-pesatura-elettronica.svg\"},{\"@type\":\"BreadcrumbList\",\"@id\":\"https:\/\/www.eurospand.com\/es\/bascula\/#breadcrumb\",\"itemListElement\":[{\"@type\":\"ListItem\",\"position\":1,\"name\":\"Home\",\"item\":\"https:\/\/www.eurospand.com\/es\/\"},{\"@type\":\"ListItem\",\"position\":2,\"name\":\"B\u00e1scula\"}]},{\"@type\":\"WebSite\",\"@id\":\"https:\/\/www.eurospand.com\/es\/#website\",\"url\":\"https:\/\/www.eurospand.com\/es\/\",\"name\":\"Eurospand - Spandiconcime\",\"description\":\"Spandiconcime\",\"publisher\":{\"@id\":\"https:\/\/www.eurospand.com\/es\/#organization\"},\"alternateName\":\"Eurospand\",\"potentialAction\":[{\"@type\":\"SearchAction\",\"target\":{\"@type\":\"EntryPoint\",\"urlTemplate\":\"https:\/\/www.eurospand.com\/es\/?s={search_term_string}\"},\"query-input\":{\"@type\":\"PropertyValueSpecification\",\"valueRequired\":true,\"valueName\":\"search_term_string\"}}],\"inLanguage\":\"es\"},{\"@type\":\"Organization\",\"@id\":\"https:\/\/www.eurospand.com\/es\/#organization\",\"name\":\"Eurospand - Spandiconcime\",\"alternateName\":\"Eurospand\",\"url\":\"https:\/\/www.eurospand.com\/es\/\",\"logo\":{\"@type\":\"ImageObject\",\"inLanguage\":\"es\",\"@id\":\"https:\/\/www.eurospand.com\/es\/#\/schema\/logo\/image\/\",\"url\":\"https:\/\/www.eurospand.com\/wp-content\/uploads\/2024\/07\/eurospand-logo.svg\",\"contentUrl\":\"https:\/\/www.eurospand.com\/wp-content\/uploads\/2024\/07\/eurospand-logo.svg\",\"caption\":\"Eurospand - Spandiconcime\"},\"image\":{\"@id\":\"https:\/\/www.eurospand.com\/es\/#\/schema\/logo\/image\/\"},\"sameAs\":[\"https:\/\/www.instagram.com\/eurospand_cavallo\/\",\"https:\/\/www.youtube.com\/channel\/UCXxWUu_8sG6Cka0HVwYU3aA\"]}]}<\/script>\n<!-- \/ Yoast SEO plugin. -->","yoast_head_json":{"title":"B\u00e1scula Electr\u00f3nica Eurospand: Precisi\u00f3n en Terrenos Inclinados","description":"B\u00e1scula electr\u00f3nica Eurospand: doble chasis, 2 c\u00e9lulas de 5000 kg, informe preciso incluso en terrenos inclinados hasta el 12%.","robots":{"index":"index","follow":"follow","max-snippet":"max-snippet:-1","max-image-preview":"max-image-preview:large","max-video-preview":"max-video-preview:-1"},"canonical":"https:\/\/www.eurospand.com\/es\/bascula\/","og_locale":"es_ES","og_type":"article","og_title":"B\u00e1scula Electr\u00f3nica Eurospand: Precisi\u00f3n en Terrenos Inclinados","og_description":"B\u00e1scula electr\u00f3nica Eurospand: doble chasis, 2 c\u00e9lulas de 5000 kg, informe preciso incluso en terrenos inclinados hasta el 12%.","og_url":"https:\/\/www.eurospand.com\/es\/bascula\/","og_site_name":"Eurospand","article_publisher":"https:\/\/www.instagram.com\/eurospand_cavallo\/","article_modified_time":"2024-10-25T09:02:49+00:00","og_image":[{"url":"https:\/\/eurospand.com\/wp-content\/uploads\/2024\/10\/eurospand-spandiconcime-schema-pesatura-elettronica.svg","type":"","width":"","height":""}],"twitter_card":"summary_large_image","schema":{"@context":"https:\/\/schema.org","@graph":[{"@type":"WebPage","@id":"https:\/\/www.eurospand.com\/es\/bascula\/","url":"https:\/\/www.eurospand.com\/es\/bascula\/","name":"B\u00e1scula Electr\u00f3nica Eurospand: Precisi\u00f3n en Terrenos Inclinados","isPartOf":{"@id":"https:\/\/www.eurospand.com\/es\/#website"},"primaryImageOfPage":{"@id":"https:\/\/www.eurospand.com\/es\/bascula\/#primaryimage"},"image":{"@id":"https:\/\/www.eurospand.com\/es\/bascula\/#primaryimage"},"thumbnailUrl":"https:\/\/eurospand.com\/wp-content\/uploads\/2024\/10\/eurospand-spandiconcime-schema-pesatura-elettronica.svg","datePublished":"2024-08-24T08:56:45+00:00","dateModified":"2024-10-25T09:02:49+00:00","description":"B\u00e1scula electr\u00f3nica Eurospand: doble chasis, 2 c\u00e9lulas de 5000 kg, informe preciso incluso en terrenos inclinados hasta el 12%.","breadcrumb":{"@id":"https:\/\/www.eurospand.com\/es\/bascula\/#breadcrumb"},"inLanguage":"es","potentialAction":[{"@type":"ReadAction","target":["https:\/\/www.eurospand.com\/es\/bascula\/"]}]},{"@type":"ImageObject","inLanguage":"es","@id":"https:\/\/www.eurospand.com\/es\/bascula\/#primaryimage","url":"https:\/\/eurospand.com\/wp-content\/uploads\/2024\/10\/eurospand-spandiconcime-schema-pesatura-elettronica.svg","contentUrl":"https:\/\/eurospand.com\/wp-content\/uploads\/2024\/10\/eurospand-spandiconcime-schema-pesatura-elettronica.svg"},{"@type":"BreadcrumbList","@id":"https:\/\/www.eurospand.com\/es\/bascula\/#breadcrumb","itemListElement":[{"@type":"ListItem","position":1,"name":"Home","item":"https:\/\/www.eurospand.com\/es\/"},{"@type":"ListItem","position":2,"name":"B\u00e1scula"}]},{"@type":"WebSite","@id":"https:\/\/www.eurospand.com\/es\/#website","url":"https:\/\/www.eurospand.com\/es\/","name":"Eurospand - Spandiconcime","description":"Spandiconcime","publisher":{"@id":"https:\/\/www.eurospand.com\/es\/#organization"},"alternateName":"Eurospand","potentialAction":[{"@type":"SearchAction","target":{"@type":"EntryPoint","urlTemplate":"https:\/\/www.eurospand.com\/es\/?s={search_term_string}"},"query-input":{"@type":"PropertyValueSpecification","valueRequired":true,"valueName":"search_term_string"}}],"inLanguage":"es"},{"@type":"Organization","@id":"https:\/\/www.eurospand.com\/es\/#organization","name":"Eurospand - Spandiconcime","alternateName":"Eurospand","url":"https:\/\/www.eurospand.com\/es\/","logo":{"@type":"ImageObject","inLanguage":"es","@id":"https:\/\/www.eurospand.com\/es\/#\/schema\/logo\/image\/","url":"https:\/\/www.eurospand.com\/wp-content\/uploads\/2024\/07\/eurospand-logo.svg","contentUrl":"https:\/\/www.eurospand.com\/wp-content\/uploads\/2024\/07\/eurospand-logo.svg","caption":"Eurospand - Spandiconcime"},"image":{"@id":"https:\/\/www.eurospand.com\/es\/#\/schema\/logo\/image\/"},"sameAs":["https:\/\/www.instagram.com\/eurospand_cavallo\/","https:\/\/www.youtube.com\/channel\/UCXxWUu_8sG6Cka0HVwYU3aA"]}]}},"_links":{"self":[{"href":"https:\/\/www.eurospand.com\/es\/wp-json\/wp\/v2\/pages\/15085","targetHints":{"allow":["GET"]}}],"collection":[{"href":"https:\/\/www.eurospand.com\/es\/wp-json\/wp\/v2\/pages"}],"about":[{"href":"https:\/\/www.eurospand.com\/es\/wp-json\/wp\/v2\/types\/page"}],"author":[{"embeddable":true,"href":"https:\/\/www.eurospand.com\/es\/wp-json\/wp\/v2\/users\/1"}],"replies":[{"embeddable":true,"href":"https:\/\/www.eurospand.com\/es\/wp-json\/wp\/v2\/comments?post=15085"}],"version-history":[{"count":5,"href":"https:\/\/www.eurospand.com\/es\/wp-json\/wp\/v2\/pages\/15085\/revisions"}],"predecessor-version":[{"id":17106,"href":"https:\/\/www.eurospand.com\/es\/wp-json\/wp\/v2\/pages\/15085\/revisions\/17106"}],"wp:attachment":[{"href":"https:\/\/www.eurospand.com\/es\/wp-json\/wp\/v2\/media?parent=15085"}],"curies":[{"name":"wp","href":"https:\/\/api.w.org\/{rel}","templated":true}]}}